{"id":8620,"date":"2024-09-01T16:16:08","date_gmt":"2024-09-01T21:16:08","guid":{"rendered":"https:\/\/cordibus.net\/?post_type=product&#038;p=8620"},"modified":"2026-02-22T11:35:29","modified_gmt":"2026-02-22T17:35:29","slug":"hora-santa-y-visita-al-santisimo-sacramento","status":"publish","type":"product","link":"https:\/\/cordibus.net\/en\/product\/hora-santa-y-visita-al-santisimo-sacramento\/","title":{"rendered":"Holy Hour and Visit to the Blessed Sacrament"},"content":{"rendered":"<ul>\n<li>Color illustrated booklet.<\/li>\n<li>Pages 95.<\/li>\n<li>Size 21 x 14 cm.<\/li>\n<li>Weight 3.7 oz<\/li>\n<li>Author: RP Jos\u00e9 Torres, SSP<\/li>\n<\/ul>","protected":false},"excerpt":{"rendered":"<p>FRUIT: Worship and reparation. Oremus. Deus, qui nobis sub Sacram\u00e9nto mir\u00e1bili, passionis tu\u00e6 mem\u00f3riam reliqu\u00edsti: tribue, qu\u00e6sumus, ita nos C\u00f3rporis et S\u00e1nguinis tui sacra myst\u00e9ria vener\u00e1ri, ut redempti\u00f3nis tu\u00e6 fructum in nobis j\u00fagiter senti\u00e1mus. Qui vivis et regnas in s\u00e6cula s\u00e6culorum. Amen.<\/p>","protected":false},"featured_media":8609,"comment_status":"open","ping_status":"closed","template":"","meta":[],"product_brand":[],"product_cat":[550],"product_tag":[242,595],"class_list":{"0":"post-8620","1":"product","2":"type-product","3":"status-publish","4":"has-post-thumbnail","6":"product_cat-bl-iesus-christus","7":"product_tag-editorial-san-pablo","8":"product_tag-r-p-jose-torres-ssp","10":"first","11":"instock","12":"shipping-taxable","13":"purchasable","14":"product-type-simple","15":"thumb-has-effect","16":"prod-rating-on","17":"prod-has-rating"},"jetpack_sharing_enabled":true,"_links":{"self":[{"href":"https:\/\/cordibus.net\/en\/wp-json\/wp\/v2\/product\/8620","targetHints":{"allow":["GET"]}}],"collection":[{"href":"https:\/\/cordibus.net\/en\/wp-json\/wp\/v2\/product"}],"about":[{"href":"https:\/\/cordibus.net\/en\/wp-json\/wp\/v2\/types\/product"}],"replies":[{"embeddable":true,"href":"https:\/\/cordibus.net\/en\/wp-json\/wp\/v2\/comments?post=8620"}],"wp:featuredmedia":[{"embeddable":true,"href":"https:\/\/cordibus.net\/en\/wp-json\/wp\/v2\/media\/8609"}],"wp:attachment":[{"href":"https:\/\/cordibus.net\/en\/wp-json\/wp\/v2\/media?parent=8620"}],"wp:term":[{"taxonomy":"product_brand","embeddable":true,"href":"https:\/\/cordibus.net\/en\/wp-json\/wp\/v2\/product_brand?post=8620"},{"taxonomy":"product_cat","embeddable":true,"href":"https:\/\/cordibus.net\/en\/wp-json\/wp\/v2\/product_cat?post=8620"},{"taxonomy":"product_tag","embeddable":true,"href":"https:\/\/cordibus.net\/en\/wp-json\/wp\/v2\/product_tag?post=8620"}],"curies":[{"name":"wp","href":"https:\/\/api.w.org\/{rel}","templated":true}]}}