{"id":7899,"date":"2024-04-14T22:56:31","date_gmt":"2024-04-15T03:56:31","guid":{"rendered":"https:\/\/cordibus.net\/?post_type=product&#038;p=7899"},"modified":"2026-03-19T10:47:15","modified_gmt":"2026-03-19T15:47:15","slug":"mujer-tus-modas-indecentes-me-crucifican-nuevamente","status":"publish","type":"product","link":"https:\/\/cordibus.net\/en\/product\/mujer-tus-modas-indecentes-me-crucifican-nuevamente\/","title":{"rendered":"Woman, your indecent fashions crucify me again!"},"content":{"rendered":"<ul>\n<li>Brochure 22 x 16.5 cms.<\/li>\n<li>Pages 7<\/li>\n<li>Weight: .05 oz.<\/li>\n<\/ul>","protected":false},"excerpt":{"rendered":"<p>Message from Our Lord Jesus Christ, confirmed by Him, to our sister Concepci\u00f3n L\u00f3pez de Soto. August 19, 1996, prayer group in Alcal\u00e1 de Guadaira, Spain.<\/p>","protected":false},"featured_media":7865,"comment_status":"open","ping_status":"closed","template":"","meta":[],"product_brand":[],"product_cat":[550],"product_tag":[125],"class_list":{"0":"post-7899","1":"product","2":"type-product","3":"status-publish","4":"has-post-thumbnail","6":"product_cat-bl-iesus-christus","7":"product_tag-editorial-maria-reina-de-la-paz","9":"first","10":"instock","11":"shipping-taxable","12":"purchasable","13":"product-type-simple","14":"thumb-has-effect","15":"prod-rating-on","16":"prod-has-rating"},"jetpack_sharing_enabled":true,"_links":{"self":[{"href":"https:\/\/cordibus.net\/en\/wp-json\/wp\/v2\/product\/7899","targetHints":{"allow":["GET"]}}],"collection":[{"href":"https:\/\/cordibus.net\/en\/wp-json\/wp\/v2\/product"}],"about":[{"href":"https:\/\/cordibus.net\/en\/wp-json\/wp\/v2\/types\/product"}],"replies":[{"embeddable":true,"href":"https:\/\/cordibus.net\/en\/wp-json\/wp\/v2\/comments?post=7899"}],"wp:featuredmedia":[{"embeddable":true,"href":"https:\/\/cordibus.net\/en\/wp-json\/wp\/v2\/media\/7865"}],"wp:attachment":[{"href":"https:\/\/cordibus.net\/en\/wp-json\/wp\/v2\/media?parent=7899"}],"wp:term":[{"taxonomy":"product_brand","embeddable":true,"href":"https:\/\/cordibus.net\/en\/wp-json\/wp\/v2\/product_brand?post=7899"},{"taxonomy":"product_cat","embeddable":true,"href":"https:\/\/cordibus.net\/en\/wp-json\/wp\/v2\/product_cat?post=7899"},{"taxonomy":"product_tag","embeddable":true,"href":"https:\/\/cordibus.net\/en\/wp-json\/wp\/v2\/product_tag?post=7899"}],"curies":[{"name":"wp","href":"https:\/\/api.w.org\/{rel}","templated":true}]}}