{"id":7653,"date":"2024-03-21T18:03:30","date_gmt":"2024-03-21T23:03:30","guid":{"rendered":"https:\/\/cordibus.net\/?post_type=product&#038;p=7653"},"modified":"2026-02-07T10:30:01","modified_gmt":"2026-02-07T16:30:01","slug":"el-sagrado-manto-en-honor-de-san-jose","status":"publish","type":"product","link":"https:\/\/cordibus.net\/en\/product\/el-sagrado-manto-en-honor-de-san-jose\/","title":{"rendered":"The Sacred Mantle in honor of Saint Joseph"},"content":{"rendered":"<ul>\n<li>Color illustrated booklet.<\/li>\n<li>32 pages.<\/li>\n<li>15.5 x 10.5 cm.<\/li>\n<li>Printed in Italy by <em>P\u00eda Uni\u00f3n San Jos\u00e9.<\/em><\/li>\n<li>Weight: 2 oz.<\/li>\n<\/ul>\n<p>&nbsp;<\/p>","protected":false},"excerpt":{"rendered":"<p>FRUIT: Spiritual growth. VOWED SOULS OF SAINT JOSEPH The Pious Union of San Jos\u00e9 Transit is pleased to offer you this little book and strongly recommends the pious practice of the &quot;SACRED MANTLE.&quot; We all need thanks. Let us ask the Lord for them through the gentle and effective intercession of Saint Joseph. And this Saint, so much power...<\/p>","protected":false},"featured_media":7636,"comment_status":"open","ping_status":"closed","template":"","meta":[],"product_brand":[],"product_cat":[552],"product_tag":[],"class_list":{"0":"post-7653","1":"product","2":"type-product","3":"status-publish","4":"has-post-thumbnail","6":"product_cat-bl-sanctus-iosep","8":"first","9":"instock","10":"shipping-taxable","11":"purchasable","12":"product-type-simple","13":"thumb-has-effect","14":"prod-rating-on","15":"prod-has-rating"},"jetpack_sharing_enabled":true,"_links":{"self":[{"href":"https:\/\/cordibus.net\/en\/wp-json\/wp\/v2\/product\/7653","targetHints":{"allow":["GET"]}}],"collection":[{"href":"https:\/\/cordibus.net\/en\/wp-json\/wp\/v2\/product"}],"about":[{"href":"https:\/\/cordibus.net\/en\/wp-json\/wp\/v2\/types\/product"}],"replies":[{"embeddable":true,"href":"https:\/\/cordibus.net\/en\/wp-json\/wp\/v2\/comments?post=7653"}],"wp:featuredmedia":[{"embeddable":true,"href":"https:\/\/cordibus.net\/en\/wp-json\/wp\/v2\/media\/7636"}],"wp:attachment":[{"href":"https:\/\/cordibus.net\/en\/wp-json\/wp\/v2\/media?parent=7653"}],"wp:term":[{"taxonomy":"product_brand","embeddable":true,"href":"https:\/\/cordibus.net\/en\/wp-json\/wp\/v2\/product_brand?post=7653"},{"taxonomy":"product_cat","embeddable":true,"href":"https:\/\/cordibus.net\/en\/wp-json\/wp\/v2\/product_cat?post=7653"},{"taxonomy":"product_tag","embeddable":true,"href":"https:\/\/cordibus.net\/en\/wp-json\/wp\/v2\/product_tag?post=7653"}],"curies":[{"name":"wp","href":"https:\/\/api.w.org\/{rel}","templated":true}]}}