{"id":3121,"date":"2021-12-12T14:27:55","date_gmt":"2021-12-12T20:27:55","guid":{"rendered":"https:\/\/cordibus.net\/?post_type=product&#038;p=3121"},"modified":"2023-08-24T21:38:24","modified_gmt":"2023-08-25T02:38:24","slug":"san-juan-pablo-ii-soy-todo-tuyo","status":"publish","type":"product","link":"https:\/\/cordibus.net\/en\/product\/san-juan-pablo-ii-soy-todo-tuyo\/","title":{"rendered":"Saint John Paul II \u201cI am all yours\u201d"},"content":{"rendered":"<p>\u2022 Ninth<br \/>\n\u2022 Stories<\/p>\n<p>\u201cTo humanity, which sometimes seems lost and dominated by the power of evil, selfishness and fear, the risen Lord offers as a gift his love that forgives, reconciles and restores hope,\u201d John Paul II.<\/p>\n<p>We have here nine days to ask for the intercession of this Holy Pontiff to taste the infinite mercy of God and thus let the light of that hope shine in our hearts.<\/p>\n<p>&nbsp;<\/p>\n<p>&nbsp;<\/p>","protected":false},"excerpt":{"rendered":"<p>FRUTO: Intercesi\u00f3n de un Santo. &#8220;A la humanidad, que a veces parece extraviada y dominada por el poder del mal, del ego\u00edsmo y del miedo, el se\u00f1or resucitado le ofrece como don su amor que perdona, reconcilia y susita de nuevo la esperanza&#8221;, Juan Pablo II.<\/p>","protected":false},"featured_media":3122,"comment_status":"open","ping_status":"closed","template":"","meta":[],"product_brand":[],"product_cat":[444,441],"product_tag":[84,323,322],"class_list":{"0":"post-3121","1":"product","2":"type-product","3":"status-publish","4":"has-post-thumbnail","6":"product_cat-2-libros","7":"product_cat-2b-jose","8":"product_tag-editorial","9":"product_tag-guzman-serratos","10":"product_tag-juan-bernardo","12":"first","13":"outofstock","14":"shipping-taxable","15":"purchasable","16":"product-type-simple","17":"thumb-has-effect","18":"prod-rating-on","19":"prod-has-rating"},"jetpack_sharing_enabled":true,"_links":{"self":[{"href":"https:\/\/cordibus.net\/en\/wp-json\/wp\/v2\/product\/3121","targetHints":{"allow":["GET"]}}],"collection":[{"href":"https:\/\/cordibus.net\/en\/wp-json\/wp\/v2\/product"}],"about":[{"href":"https:\/\/cordibus.net\/en\/wp-json\/wp\/v2\/types\/product"}],"replies":[{"embeddable":true,"href":"https:\/\/cordibus.net\/en\/wp-json\/wp\/v2\/comments?post=3121"}],"wp:featuredmedia":[{"embeddable":true,"href":"https:\/\/cordibus.net\/en\/wp-json\/wp\/v2\/media\/3122"}],"wp:attachment":[{"href":"https:\/\/cordibus.net\/en\/wp-json\/wp\/v2\/media?parent=3121"}],"wp:term":[{"taxonomy":"product_brand","embeddable":true,"href":"https:\/\/cordibus.net\/en\/wp-json\/wp\/v2\/product_brand?post=3121"},{"taxonomy":"product_cat","embeddable":true,"href":"https:\/\/cordibus.net\/en\/wp-json\/wp\/v2\/product_cat?post=3121"},{"taxonomy":"product_tag","embeddable":true,"href":"https:\/\/cordibus.net\/en\/wp-json\/wp\/v2\/product_tag?post=3121"}],"curies":[{"name":"wp","href":"https:\/\/api.w.org\/{rel}","templated":true}]}}