{"id":2123,"date":"2021-07-25T12:42:14","date_gmt":"2021-07-25T17:42:14","guid":{"rendered":"https:\/\/cordibus.net\/?post_type=product&#038;p=2123"},"modified":"2026-01-06T20:31:12","modified_gmt":"2026-01-07T02:31:12","slug":"38-anos-de-mensajes-de-la-reina-de-la-paz","status":"publish","type":"product","link":"https:\/\/cordibus.net\/en\/product\/38-anos-de-mensajes-de-la-reina-de-la-paz\/","title":{"rendered":"38 years of messages from the Queen of La Paz"},"content":{"rendered":"<p><span data-sheets-value=\"{&quot;1&quot;:2,&quot;2&quot;:&quot;\\&quot;\u00a1Queridos hijos! Hoy, tambi\u00e9n yo me regocijo por vuestra presencia aqu\u00ed. Os bendigo con mi bendici\u00f3n maternal e intercedo ante Dios por cada uno de vosotros. Os llamo de nuevo a vivir mis mensajes y a ponerlos en pr\u00e1ctica en vuestras vidas. Estoy con vosotros y os bendigo a todos cada d\u00eda. Queridos hijos, estos son tiempos particulares, y por eso yo estoy con vosotros para amarlos y proteger vuestros corazones de Sat\u00e1n y para llevaros a todos m\u00e1s cerca del coraz\u00f3n de Jes\u00fas, mi Hijo.\u00a1gracias por haber respondido a mi llamado!\\&quot;.\\n\\nMensaje del 25 de junio de 1993&quot;}\" data-sheets-userformat=\"{&quot;2&quot;:33569281,&quot;3&quot;:{&quot;1&quot;:0},&quot;12&quot;:0,&quot;14&quot;:{&quot;1&quot;:3,&quot;3&quot;:1},&quot;15&quot;:&quot;Calibri&quot;,&quot;16&quot;:14,&quot;28&quot;:1}\">&quot;Dear sons! Today, I too rejoice in your presence here. I bless you with my maternal blessing and intercede before God for each one of you. I call you again to live my messages and put them into practice in your lives. I am with you and I bless you all every day. Dear children, these are particular times, and that is why I am with you to love you and protect your hearts from Satan and to bring you all closer to the heart of Jesus, my Son. Thank you for having responded to my call!<\/span><\/p>\n<p>Message of June 25, 1993<\/p>\n<p style=\"text-align: right;\"><em>Medjugorje Center Foundation<\/em><\/p>\n<p style=\"text-align: right;\"><em>Medjugorje, where the sky touches the earth<\/em><\/p>","protected":false},"excerpt":{"rendered":"<p>FRUIT: Spiritual growth. &quot;Dear sons! Today, I too rejoice in your presence here.<\/p>","protected":false},"featured_media":7121,"comment_status":"open","ping_status":"closed","template":"","meta":[],"product_brand":[],"product_cat":[439,435,549,551,528],"product_tag":[280,86,279],"class_list":{"0":"post-2123","1":"product","2":"type-product","3":"status-publish","4":"has-post-thumbnail","6":"product_cat-1-libros","7":"product_cat-1a-maria","8":"product_cat-biblias-y-libros","9":"product_cat-bl-sancta-maria","10":"product_cat-maria-promo-de-mayo","11":"product_tag-editorial-medjugorje","12":"product_tag-autorfundacion-centro-medjugorje","13":"product_tag-medjugorje","15":"first","16":"instock","17":"shipping-taxable","18":"purchasable","19":"product-type-simple","20":"thumb-has-effect","21":"prod-rating-on","22":"prod-has-rating"},"jetpack_sharing_enabled":true,"_links":{"self":[{"href":"https:\/\/cordibus.net\/en\/wp-json\/wp\/v2\/product\/2123","targetHints":{"allow":["GET"]}}],"collection":[{"href":"https:\/\/cordibus.net\/en\/wp-json\/wp\/v2\/product"}],"about":[{"href":"https:\/\/cordibus.net\/en\/wp-json\/wp\/v2\/types\/product"}],"replies":[{"embeddable":true,"href":"https:\/\/cordibus.net\/en\/wp-json\/wp\/v2\/comments?post=2123"}],"wp:featuredmedia":[{"embeddable":true,"href":"https:\/\/cordibus.net\/en\/wp-json\/wp\/v2\/media\/7121"}],"wp:attachment":[{"href":"https:\/\/cordibus.net\/en\/wp-json\/wp\/v2\/media?parent=2123"}],"wp:term":[{"taxonomy":"product_brand","embeddable":true,"href":"https:\/\/cordibus.net\/en\/wp-json\/wp\/v2\/product_brand?post=2123"},{"taxonomy":"product_cat","embeddable":true,"href":"https:\/\/cordibus.net\/en\/wp-json\/wp\/v2\/product_cat?post=2123"},{"taxonomy":"product_tag","embeddable":true,"href":"https:\/\/cordibus.net\/en\/wp-json\/wp\/v2\/product_tag?post=2123"}],"curies":[{"name":"wp","href":"https:\/\/api.w.org\/{rel}","templated":true}]}}