{"id":2106,"date":"2021-07-24T20:31:04","date_gmt":"2021-07-25T01:31:04","guid":{"rendered":"https:\/\/cordibus.net\/?post_type=product&#038;p=2106"},"modified":"2025-06-28T11:59:59","modified_gmt":"2025-06-28T16:59:59","slug":"maria-la-que-desata-los-nudos-novena-oraciones","status":"publish","type":"product","link":"https:\/\/cordibus.net\/en\/product\/maria-la-que-desata-los-nudos-novena-oraciones\/","title":{"rendered":"\u201cMary the one who unties the knots. Novena, prayers\u201d"},"content":{"rendered":"<p><span data-sheets-value=\"{&quot;1&quot;:2,&quot;2&quot;:&quot;Una aut\u00e9ntica devoci\u00f3n a la Madre de Dios, Mar\u00eda la que desata los nudos del mal continuando la acci\u00f3n liberadora de Jes\u00fas plenamente manifestada en el evangelio. Mediante la novena y diferentes oraciones, oye celebramos la presencia de Mar\u00eda a solas y en comunidad, aumentando nuestro lazo con Jes\u00fas y discerniendo de qu\u00e9 modo seguir haciendo presente su reino en el mundo.\\n\\nCon pr\u00f3logo del papa Francisco&quot;}\" data-sheets-userformat=\"{&quot;2&quot;:33569281,&quot;3&quot;:{&quot;1&quot;:0},&quot;12&quot;:0,&quot;14&quot;:{&quot;1&quot;:3,&quot;3&quot;:1},&quot;15&quot;:&quot;Calibri&quot;,&quot;16&quot;:14,&quot;28&quot;:1}\">An authentic devotion to the Mother of God, Mary, who unties the knots of evil, continuing the liberating action of Jesus fully manifested in the gospel. Through the novena and different prayers, we celebrate the presence of Mary alone and in community, increasing our bond with Jesus and discerning how to continue making his kingdom present in the world.<\/span><\/p>\n<p>With a prologue by Pope Francis<\/p>\n<p style=\"text-align: right;\"><em>Editorial team<\/em><\/p>\n<p style=\"text-align: right;\"><em>Claretian Publishing House<\/em><\/p>","protected":false},"excerpt":{"rendered":"<p>FRUIT: Intercession of Mary untying knots. \u201cBlessed Virgin Mary, untie in me the knot of my own defects. Transform my life so that, in harmony and happiness, I can access You and ask You for the graces I need, knowing that You will correct me with Your loving hand and give me the peace that...<\/p>","protected":false},"featured_media":2107,"comment_status":"open","ping_status":"closed","template":"","meta":[],"product_brand":[],"product_cat":[439,435,549,551],"product_tag":[84,254],"class_list":{"0":"post-2106","1":"product","2":"type-product","3":"status-publish","4":"has-post-thumbnail","6":"product_cat-1-libros","7":"product_cat-1a-maria","8":"product_cat-biblias-y-libros","9":"product_cat-bl-sancta-maria","10":"product_tag-editorial","11":"product_tag-equipo-editorial","13":"first","14":"outofstock","15":"shipping-taxable","16":"purchasable","17":"product-type-simple","18":"thumb-has-effect","19":"prod-rating-on","20":"prod-has-rating"},"jetpack_sharing_enabled":true,"_links":{"self":[{"href":"https:\/\/cordibus.net\/en\/wp-json\/wp\/v2\/product\/2106","targetHints":{"allow":["GET"]}}],"collection":[{"href":"https:\/\/cordibus.net\/en\/wp-json\/wp\/v2\/product"}],"about":[{"href":"https:\/\/cordibus.net\/en\/wp-json\/wp\/v2\/types\/product"}],"replies":[{"embeddable":true,"href":"https:\/\/cordibus.net\/en\/wp-json\/wp\/v2\/comments?post=2106"}],"wp:featuredmedia":[{"embeddable":true,"href":"https:\/\/cordibus.net\/en\/wp-json\/wp\/v2\/media\/2107"}],"wp:attachment":[{"href":"https:\/\/cordibus.net\/en\/wp-json\/wp\/v2\/media?parent=2106"}],"wp:term":[{"taxonomy":"product_brand","embeddable":true,"href":"https:\/\/cordibus.net\/en\/wp-json\/wp\/v2\/product_brand?post=2106"},{"taxonomy":"product_cat","embeddable":true,"href":"https:\/\/cordibus.net\/en\/wp-json\/wp\/v2\/product_cat?post=2106"},{"taxonomy":"product_tag","embeddable":true,"href":"https:\/\/cordibus.net\/en\/wp-json\/wp\/v2\/product_tag?post=2106"}],"curies":[{"name":"wp","href":"https:\/\/api.w.org\/{rel}","templated":true}]}}