{"id":2102,"date":"2021-07-24T20:12:14","date_gmt":"2021-07-25T01:12:14","guid":{"rendered":"https:\/\/cordibus.net\/?post_type=product&#038;p=2102"},"modified":"2025-02-19T09:27:29","modified_gmt":"2025-02-19T15:27:29","slug":"nuestra-senora-de-la-medalla-milagrosa-novena-oraciones","status":"publish","type":"product","link":"https:\/\/cordibus.net\/en\/product\/nuestra-senora-de-la-medalla-milagrosa-novena-oraciones\/","title":{"rendered":"\u201cOur Lady of the Miraculous Medal. Novena, prayers\u201d"},"content":{"rendered":"<p><span data-sheets-value=\"{&quot;1&quot;:2,&quot;2&quot;:&quot;El cari\u00f1o que sentimos por la virgen Mar\u00eda se manifiesta a trav\u00e9s de distintas devociones, entre las que se encuentra la de Nuestra Se\u00f1ora de la medalla Milagrosa.\\nEsta novena ofrece no s\u00f3lo un recorrido de oraci\u00f3n, Sino tambi\u00e9n un breve camino de fe para conocer m\u00e1s a fondo sobre el origen de la medalla Milagrosa.&quot;}\" data-sheets-userformat=\"{&quot;2&quot;:33569281,&quot;3&quot;:{&quot;1&quot;:0},&quot;12&quot;:0,&quot;14&quot;:{&quot;1&quot;:3,&quot;3&quot;:1},&quot;15&quot;:&quot;Calibri&quot;,&quot;16&quot;:14,&quot;28&quot;:1}\">The affection we feel for the Virgin Mary is manifested through different devotions, among which is that of Our Lady of the Miraculous Medal.<br \/>\nThis novena offers not only a journey of prayer, but also a brief journey of faith to learn more about the origin of the Miraculous medal.<\/span><\/p>\n<p style=\"text-align: right;\"><em>Editorial team<\/em><\/p>\n<p style=\"text-align: right;\"><em>Claretian Publishing House<\/em><\/p>","protected":false},"excerpt":{"rendered":"<p>The affection we feel for the Virgin Mary is manifested through different devotions, among which is that of Our Lady of the Miraculous Medal.<\/p>","protected":false},"featured_media":2103,"comment_status":"open","ping_status":"closed","template":"","meta":[],"product_brand":[],"product_cat":[439,435,549,551],"product_tag":[84,254],"class_list":{"0":"post-2102","1":"product","2":"type-product","3":"status-publish","4":"has-post-thumbnail","6":"product_cat-1-libros","7":"product_cat-1a-maria","8":"product_cat-biblias-y-libros","9":"product_cat-bl-sancta-maria","10":"product_tag-editorial","11":"product_tag-equipo-editorial","13":"first","14":"instock","15":"shipping-taxable","16":"purchasable","17":"product-type-simple","18":"thumb-has-effect","19":"prod-rating-on","20":"prod-has-rating"},"jetpack_sharing_enabled":true,"_links":{"self":[{"href":"https:\/\/cordibus.net\/en\/wp-json\/wp\/v2\/product\/2102","targetHints":{"allow":["GET"]}}],"collection":[{"href":"https:\/\/cordibus.net\/en\/wp-json\/wp\/v2\/product"}],"about":[{"href":"https:\/\/cordibus.net\/en\/wp-json\/wp\/v2\/types\/product"}],"replies":[{"embeddable":true,"href":"https:\/\/cordibus.net\/en\/wp-json\/wp\/v2\/comments?post=2102"}],"wp:featuredmedia":[{"embeddable":true,"href":"https:\/\/cordibus.net\/en\/wp-json\/wp\/v2\/media\/2103"}],"wp:attachment":[{"href":"https:\/\/cordibus.net\/en\/wp-json\/wp\/v2\/media?parent=2102"}],"wp:term":[{"taxonomy":"product_brand","embeddable":true,"href":"https:\/\/cordibus.net\/en\/wp-json\/wp\/v2\/product_brand?post=2102"},{"taxonomy":"product_cat","embeddable":true,"href":"https:\/\/cordibus.net\/en\/wp-json\/wp\/v2\/product_cat?post=2102"},{"taxonomy":"product_tag","embeddable":true,"href":"https:\/\/cordibus.net\/en\/wp-json\/wp\/v2\/product_tag?post=2102"}],"curies":[{"name":"wp","href":"https:\/\/api.w.org\/{rel}","templated":true}]}}