{"id":2094,"date":"2021-07-23T21:12:22","date_gmt":"2021-07-24T02:12:22","guid":{"rendered":"https:\/\/cordibus.net\/?post_type=product&#038;p=2094"},"modified":"2025-06-15T17:21:36","modified_gmt":"2025-06-15T22:21:36","slug":"contemplacion-de-los-misterios-del-rosario","status":"publish","type":"product","link":"https:\/\/cordibus.net\/en\/product\/contemplacion-de-los-misterios-del-rosario\/","title":{"rendered":"Contemplation of the mysteries of the Rosary (Book, pamphlet and rosary)"},"content":{"rendered":"<p><span data-sheets-value=\"{&quot;1&quot;:2,&quot;2&quot;:&quot;La familia que reza unida permanece unida. El Santo Rosario, por antigua tradici\u00f3n, es una oraci\u00f3n que ese presta a unir la familia. Contemplando a Jes\u00fas, cada uno de sus miembros recupera tambi\u00e9n la capacidad de volver a mirar a los ojos, para comunicar, solidarizarse, perdonarse rec\u00edprocamente y comenzar de nuevo un pacto de amor renovado en el esp\u00edritu de Dios.&quot;}\" data-sheets-userformat=\"{&quot;2&quot;:33569281,&quot;3&quot;:{&quot;1&quot;:0},&quot;12&quot;:0,&quot;14&quot;:{&quot;1&quot;:3,&quot;3&quot;:1},&quot;15&quot;:&quot;Calibri&quot;,&quot;16&quot;:14,&quot;28&quot;:1}\">The family that prays together stays together. The Holy Rosary, by ancient tradition, is a prayer that helps unite the family. By contemplating Jesus, each of its members also recovers the ability to look into his eyes again, to communicate, show solidarity, forgive each other and begin anew a pact of love renewed in the spirit of God.<\/span><\/p>\n<p style=\"text-align: right;\"><em>Sister Emmanuel Maillard<\/em><\/p>\n<p style=\"text-align: right;\"><em>Sons of Medjugorje Association<\/em><\/p>","protected":false},"excerpt":{"rendered":"<p>FRUIT: Veneration of Our Blessed Mother, Healing. Thursday, AUGUST 8, 1985. The Rosary defeats Satan. \u201cDear children, today I invite you to pray against Satan in a special way. Satan wants to work more now that you know he is active. Dear children, put on the armor against Satan.\u2026<\/p>","protected":false},"featured_media":7088,"comment_status":"open","ping_status":"closed","template":"","meta":[],"product_brand":[],"product_cat":[439,440,435,549,551,196],"product_tag":[104,103],"class_list":{"0":"post-2094","1":"product","2":"type-product","3":"status-publish","4":"has-post-thumbnail","6":"product_cat-1-libros","7":"product_cat-1-rosarios","8":"product_cat-1a-maria","9":"product_cat-biblias-y-libros","10":"product_cat-bl-sancta-maria","11":"product_cat-sor-emmanuel-maillard","12":"product_tag-editorial-asociacion-hijos-de-medjugorje","13":"product_tag-sor-emmanuel-maillard","15":"first","16":"instock","17":"shipping-taxable","18":"purchasable","19":"product-type-simple","20":"thumb-has-effect","21":"prod-rating-on","22":"prod-has-rating"},"jetpack_sharing_enabled":true,"_links":{"self":[{"href":"https:\/\/cordibus.net\/en\/wp-json\/wp\/v2\/product\/2094","targetHints":{"allow":["GET"]}}],"collection":[{"href":"https:\/\/cordibus.net\/en\/wp-json\/wp\/v2\/product"}],"about":[{"href":"https:\/\/cordibus.net\/en\/wp-json\/wp\/v2\/types\/product"}],"replies":[{"embeddable":true,"href":"https:\/\/cordibus.net\/en\/wp-json\/wp\/v2\/comments?post=2094"}],"wp:featuredmedia":[{"embeddable":true,"href":"https:\/\/cordibus.net\/en\/wp-json\/wp\/v2\/media\/7088"}],"wp:attachment":[{"href":"https:\/\/cordibus.net\/en\/wp-json\/wp\/v2\/media?parent=2094"}],"wp:term":[{"taxonomy":"product_brand","embeddable":true,"href":"https:\/\/cordibus.net\/en\/wp-json\/wp\/v2\/product_brand?post=2094"},{"taxonomy":"product_cat","embeddable":true,"href":"https:\/\/cordibus.net\/en\/wp-json\/wp\/v2\/product_cat?post=2094"},{"taxonomy":"product_tag","embeddable":true,"href":"https:\/\/cordibus.net\/en\/wp-json\/wp\/v2\/product_tag?post=2094"}],"curies":[{"name":"wp","href":"https:\/\/api.w.org\/{rel}","templated":true}]}}