{"id":2089,"date":"2021-07-23T21:07:51","date_gmt":"2021-07-24T02:07:51","guid":{"rendered":"https:\/\/cordibus.net\/?post_type=product&#038;p=2089"},"modified":"2023-10-14T11:00:01","modified_gmt":"2023-10-14T16:00:01","slug":"la-paz-tendra-la-ultima-palabra","status":"publish","type":"product","link":"https:\/\/cordibus.net\/en\/product\/la-paz-tendra-la-ultima-palabra\/","title":{"rendered":"Peace will have the last word"},"content":{"rendered":"<p><span data-sheets-value=\"{&quot;1&quot;:2,&quot;2&quot;:&quot;Esta serie de testimonios y situaciones vitales, plasmados en animados relatos e ilustrados con im\u00e1genes, nos muestran como Dios nos acoge en su misericordia.\\n\\nA trav\u00e9s de sus sobrecogedoras palabras, sol Emanuel nos acompa\u00f1a en un viaje que va desde las prisiones de Nueva York hasta el confesionario de Los Santos. El lector se adentrar\u00e1 en el fuero interno del coraz\u00f3n humano y conocer\u00e1 situaciones de lo m\u00e1s diversas, pasadas o presentes. Con un estilo vivas e incisivo, este libro deja entrever la paz m\u00e1s deseada, la que proviene de lo alto y que consigue una victoria tras otra.\\nHe aqu\u00ed, por fin, c\u00f3mo superar el vac\u00edo, el aburrimiento y el miedo.\\nSon palabras que muchos ya no usan pronunciar pero que, en cambio, esconden la potencia de regenerar una sociedad destruida. Una inyecci\u00f3n de esperanza que acelera la llegada del tiempo en el que, en el coraz\u00f3n de todos nosotros,\u00a1la Paz tendr\u00e1 la \u00faltima palabra!&quot;}\" data-sheets-userformat=\"{&quot;2&quot;:33569281,&quot;3&quot;:{&quot;1&quot;:0},&quot;12&quot;:0,&quot;14&quot;:{&quot;1&quot;:3,&quot;3&quot;:1},&quot;15&quot;:&quot;Calibri&quot;,&quot;16&quot;:14,&quot;28&quot;:1}\">This series of testimonies and life situations, captured in lively stories and illustrated with images, show us how God welcomes us in his mercy.<\/span><\/p>\n<p>Through his overwhelming words, Sol Emanuel accompanies us on a journey that goes from the prisons of New York to the confessional of Los Santos. The reader will delve into the inner core of the human heart and learn about the most diverse situations, past or present. With a lively and incisive style, this book gives a glimpse of the most desired peace, the one that comes from above and that achieves one victory after another.<br \/>\nHere, finally, is how to overcome emptiness, boredom and fear.<br \/>\nThey are words that many no longer use to pronounce but that, on the other hand, hide the power to regenerate a destroyed society. An injection of hope that accelerates the arrival of the time in which, in the hearts of all of us, Peace will have the last word!<\/p>\n<p style=\"text-align: right;\"><em>Sister Emmanuel Maillard<\/em><\/p>\n<p style=\"text-align: right;\"><em>Sons of Medjugorje Association<\/em><\/p>","protected":false},"excerpt":{"rendered":"<p>FRUIT: Knowing the mercy of God. This series of testimonies and vital situations, captured in lively stories and illustrated with images, show us how God welcomes us in his mercy.<\/p>","protected":false},"featured_media":7074,"comment_status":"open","ping_status":"closed","template":"","meta":[],"product_brand":[],"product_cat":[439,435,549,551,196],"product_tag":[104,103],"class_list":{"0":"post-2089","1":"product","2":"type-product","3":"status-publish","4":"has-post-thumbnail","6":"product_cat-1-libros","7":"product_cat-1a-maria","8":"product_cat-biblias-y-libros","9":"product_cat-bl-sancta-maria","10":"product_cat-sor-emmanuel-maillard","11":"product_tag-editorial-asociacion-hijos-de-medjugorje","12":"product_tag-sor-emmanuel-maillard","14":"first","15":"instock","16":"shipping-taxable","17":"purchasable","18":"product-type-simple","19":"thumb-has-effect","20":"prod-rating-on","21":"prod-has-rating"},"jetpack_sharing_enabled":true,"_links":{"self":[{"href":"https:\/\/cordibus.net\/en\/wp-json\/wp\/v2\/product\/2089","targetHints":{"allow":["GET"]}}],"collection":[{"href":"https:\/\/cordibus.net\/en\/wp-json\/wp\/v2\/product"}],"about":[{"href":"https:\/\/cordibus.net\/en\/wp-json\/wp\/v2\/types\/product"}],"replies":[{"embeddable":true,"href":"https:\/\/cordibus.net\/en\/wp-json\/wp\/v2\/comments?post=2089"}],"wp:featuredmedia":[{"embeddable":true,"href":"https:\/\/cordibus.net\/en\/wp-json\/wp\/v2\/media\/7074"}],"wp:attachment":[{"href":"https:\/\/cordibus.net\/en\/wp-json\/wp\/v2\/media?parent=2089"}],"wp:term":[{"taxonomy":"product_brand","embeddable":true,"href":"https:\/\/cordibus.net\/en\/wp-json\/wp\/v2\/product_brand?post=2089"},{"taxonomy":"product_cat","embeddable":true,"href":"https:\/\/cordibus.net\/en\/wp-json\/wp\/v2\/product_cat?post=2089"},{"taxonomy":"product_tag","embeddable":true,"href":"https:\/\/cordibus.net\/en\/wp-json\/wp\/v2\/product_tag?post=2089"}],"curies":[{"name":"wp","href":"https:\/\/api.w.org\/{rel}","templated":true}]}}