{"id":2083,"date":"2021-07-23T21:04:59","date_gmt":"2021-07-24T02:04:59","guid":{"rendered":"https:\/\/cordibus.net\/?post_type=product&#038;p=2083"},"modified":"2026-04-05T13:16:07","modified_gmt":"2026-04-05T18:16:07","slug":"escandalosa-misericordia-cuando-el-senor-rompen-moldes","status":"publish","type":"product","link":"https:\/\/cordibus.net\/en\/product\/escandalosa-misericordia-cuando-el-senor-rompen-moldes\/","title":{"rendered":"\u201cScandalous mercy. \u201cWhen the Lord breaks the mold\u201d"},"content":{"rendered":"<p><span data-sheets-value=\"{&quot;1&quot;:2,&quot;2&quot;:&quot;Este libro nos hace ver la obra de la misericordia de Dios de una forma muy viva y personal.\\n\\nNo es una idea abstracta, Sino una realidad que ha sorprendido y transformado en profundidad la vida de muchas personas. A lo largo de los cap\u00edtulos se puede ver la forma en que el amor ben\u00e9volo y libre de Dios irrumpe en la existencia humana y logra verdaderas resurrecciones, precisamente all\u00ed donde todo parec\u00eda perdido.\\nNuestro mundo aspira a la libertad, todo hombre la desea, pero no sabe la fuerza liberadora que tiene en si el perd\u00f3n.\\nUno de los beneficios de este libro es precisamente ayudarnos a ser conscientes de ello a trav\u00e9s de los ejemplos vivos que describe. Y de hecho, recibiendo, as\u00ed como concediendo el perd\u00f3n, es como llegamos a hacer verdaderamente libres.&quot;}\" data-sheets-userformat=\"{&quot;2&quot;:33569281,&quot;3&quot;:{&quot;1&quot;:0},&quot;12&quot;:0,&quot;14&quot;:{&quot;1&quot;:3,&quot;3&quot;:1},&quot;15&quot;:&quot;Calibri&quot;,&quot;16&quot;:14,&quot;28&quot;:1}\">This book makes us see the work of God&#039;s mercy in a very vivid and personal way.<\/span><\/p>\n<p>It is not an abstract idea, but a reality that has surprised and deeply transformed the lives of many people. Throughout the chapters you can see the way in which the benevolent and free love of God breaks into human existence and achieves true resurrections, precisely where everything seemed lost.<br \/>\nOur world aspires to freedom, every man desires it, but does not know the liberating force that forgiveness has in itself.<br \/>\nOne of the benefits of this book is precisely to help us be aware of this through the vivid examples it describes. And in fact, receiving, as well as granting forgiveness, is how we become truly free.<\/p>\n<p style=\"text-align: right;\"><em>Sister Emmanuel Maillard<\/em><\/p>\n<p style=\"text-align: right;\"><em>Parangona Realitzacio Editorial, sl<\/em><\/p>","protected":false},"excerpt":{"rendered":"<p>FRUIT: Knowing the infinite mercy of God So let us confidently approach the throne of grace to receive mercy and find the grace to help us at the time we need it most. Hebrews 4:16<\/p>","protected":false},"featured_media":7080,"comment_status":"open","ping_status":"closed","template":"","meta":[],"product_brand":[],"product_cat":[449,447,549,550,196],"product_tag":[235,246,103],"class_list":{"0":"post-2083","1":"product","2":"type-product","3":"status-publish","4":"has-post-thumbnail","6":"product_cat-3-libros","7":"product_cat-3c-jesus","8":"product_cat-biblias-y-libros","9":"product_cat-bl-iesus-christus","10":"product_cat-sor-emmanuel-maillard","11":"product_tag-editorial-realizacion-parangona-realitzacio-editorial","12":"product_tag-s-l","13":"product_tag-sor-emmanuel-maillard","15":"first","16":"instock","17":"shipping-taxable","18":"purchasable","19":"product-type-simple","20":"thumb-has-effect","21":"prod-rating-on","22":"prod-has-rating"},"jetpack_sharing_enabled":true,"_links":{"self":[{"href":"https:\/\/cordibus.net\/en\/wp-json\/wp\/v2\/product\/2083","targetHints":{"allow":["GET"]}}],"collection":[{"href":"https:\/\/cordibus.net\/en\/wp-json\/wp\/v2\/product"}],"about":[{"href":"https:\/\/cordibus.net\/en\/wp-json\/wp\/v2\/types\/product"}],"replies":[{"embeddable":true,"href":"https:\/\/cordibus.net\/en\/wp-json\/wp\/v2\/comments?post=2083"}],"wp:featuredmedia":[{"embeddable":true,"href":"https:\/\/cordibus.net\/en\/wp-json\/wp\/v2\/media\/7080"}],"wp:attachment":[{"href":"https:\/\/cordibus.net\/en\/wp-json\/wp\/v2\/media?parent=2083"}],"wp:term":[{"taxonomy":"product_brand","embeddable":true,"href":"https:\/\/cordibus.net\/en\/wp-json\/wp\/v2\/product_brand?post=2083"},{"taxonomy":"product_cat","embeddable":true,"href":"https:\/\/cordibus.net\/en\/wp-json\/wp\/v2\/product_cat?post=2083"},{"taxonomy":"product_tag","embeddable":true,"href":"https:\/\/cordibus.net\/en\/wp-json\/wp\/v2\/product_tag?post=2083"}],"curies":[{"name":"wp","href":"https:\/\/api.w.org\/{rel}","templated":true}]}}