{"id":2078,"date":"2021-07-23T20:56:07","date_gmt":"2021-07-24T01:56:07","guid":{"rendered":"https:\/\/cordibus.net\/?post_type=product&#038;p=2078"},"modified":"2023-10-14T11:01:57","modified_gmt":"2023-10-14T16:01:57","slug":"medjugorje-el-triunfo-del-corazon-la-decada-1990","status":"publish","type":"product","link":"https:\/\/cordibus.net\/en\/product\/medjugorje-el-triunfo-del-corazon-la-decada-1990\/","title":{"rendered":"Medjugorje the triumph of the heart the 1990s"},"content":{"rendered":"<p><span data-sheets-value=\"{&quot;1&quot;:2,&quot;2&quot;:&quot;\u00a1que necesario es este libro tan aut\u00e9ntico! En \u00e9l, sor Emmanuel nos ofrece un verdadero eco de Medjugorje, aquel prodigioso pueblecito de Bosnia donde la madre de Dios se aparece desde 1981. La autora comparte con nosotros n\u00famerosas historias personales de los aldeanos, los videntes y los peregrinos que acuden por millares y obtienen all\u00ed grandes sanaciones. Estos relatos son como una mirada a los milagros del amor maternal de Mar\u00eda.\\n\\nMonse\u00f1or Frane Franic. Arzobispo em\u00e9rito de Spl\u00edt (Croacia)&quot;}\" data-sheets-userformat=\"{&quot;2&quot;:33569281,&quot;3&quot;:{&quot;1&quot;:0},&quot;12&quot;:0,&quot;14&quot;:{&quot;1&quot;:3,&quot;3&quot;:1},&quot;15&quot;:&quot;Calibri&quot;,&quot;16&quot;:14,&quot;28&quot;:1}\">How necessary this authentic book is! In it, Sister Emmanuel offers us a true echo of Medjugorje, that prodigious little town in Bosnia where the Mother of God has appeared since 1981. The author shares with us numerous personal stories of the villagers, the visionaries and the pilgrims who come in their thousands and They obtain great healings there. These stories are like a look at the miracles of Mary&#039;s maternal love.<\/span><\/p>\n<p>Monsignor Frane Franic. Archbishop emeritus of Spl\u00edt (Croatia)<\/p>\n<p style=\"text-align: right;\"><em>Sister Emmanuel Maillard<\/em><\/p>\n<p style=\"text-align: right;\"><em>Sons of Medjugorje Association<\/em><\/p>","protected":false},"excerpt":{"rendered":"<p>FRUIT: Knowing the Immaculate Heart of Mary. How necessary this authentic book is!<\/p>","protected":false},"featured_media":7078,"comment_status":"open","ping_status":"closed","template":"","meta":[],"product_brand":[],"product_cat":[439,435,549,551,196],"product_tag":[104,103],"class_list":{"0":"post-2078","1":"product","2":"type-product","3":"status-publish","4":"has-post-thumbnail","6":"product_cat-1-libros","7":"product_cat-1a-maria","8":"product_cat-biblias-y-libros","9":"product_cat-bl-sancta-maria","10":"product_cat-sor-emmanuel-maillard","11":"product_tag-editorial-asociacion-hijos-de-medjugorje","12":"product_tag-sor-emmanuel-maillard","14":"first","15":"instock","16":"shipping-taxable","17":"purchasable","18":"product-type-simple","19":"thumb-has-effect","20":"prod-rating-on","21":"prod-has-rating"},"jetpack_sharing_enabled":true,"_links":{"self":[{"href":"https:\/\/cordibus.net\/en\/wp-json\/wp\/v2\/product\/2078","targetHints":{"allow":["GET"]}}],"collection":[{"href":"https:\/\/cordibus.net\/en\/wp-json\/wp\/v2\/product"}],"about":[{"href":"https:\/\/cordibus.net\/en\/wp-json\/wp\/v2\/types\/product"}],"replies":[{"embeddable":true,"href":"https:\/\/cordibus.net\/en\/wp-json\/wp\/v2\/comments?post=2078"}],"wp:featuredmedia":[{"embeddable":true,"href":"https:\/\/cordibus.net\/en\/wp-json\/wp\/v2\/media\/7078"}],"wp:attachment":[{"href":"https:\/\/cordibus.net\/en\/wp-json\/wp\/v2\/media?parent=2078"}],"wp:term":[{"taxonomy":"product_brand","embeddable":true,"href":"https:\/\/cordibus.net\/en\/wp-json\/wp\/v2\/product_brand?post=2078"},{"taxonomy":"product_cat","embeddable":true,"href":"https:\/\/cordibus.net\/en\/wp-json\/wp\/v2\/product_cat?post=2078"},{"taxonomy":"product_tag","embeddable":true,"href":"https:\/\/cordibus.net\/en\/wp-json\/wp\/v2\/product_tag?post=2078"}],"curies":[{"name":"wp","href":"https:\/\/api.w.org\/{rel}","templated":true}]}}