{"id":2074,"date":"2021-07-23T20:46:52","date_gmt":"2021-07-24T01:46:52","guid":{"rendered":"https:\/\/cordibus.net\/?post_type=product&#038;p=2074"},"modified":"2025-12-02T19:43:02","modified_gmt":"2025-12-03T01:43:02","slug":"el-nino-escondido-de-medjugorje","status":"publish","type":"product","link":"https:\/\/cordibus.net\/en\/product\/el-nino-escondido-de-medjugorje\/","title":{"rendered":"The hidden child of Medjugorje"},"content":{"rendered":"<p><span data-sheets-value=\"{&quot;1&quot;:2,&quot;2&quot;:&quot;Querido lector:\u00a1que complicada tarea la m\u00eda la de expresar todo lo que siento hacia esta preciosa obra en tan s\u00f3lo unas pocas l\u00edneas! Me tendr\u00e9 que arreglar con lo que tengo asignado y quedarme rabiando con las ganas. Y refunfu\u00f1are, s\u00ed, querido lector, porque me gustar\u00eda explayarme de lo lindo y no puedo. Creo que sor Emanuel se lo merece y los protagonistas de esta nueva obra, tambi\u00e9n.\u00a1vaya que si!.\\n\\nA\u00fan sonr\u00edo al recordar la primera vez que mis pies fueron a parar a ese bendito pueblecillo llamado Medjugorje, all\u00e1 por el a\u00f1o 2000. \u00bfComo hubiera imaginado que el sendero de mi vida espiritual dar\u00eda tal vuelco?. Y es que ah\u00ed encontr\u00e9 el amor de Dios, aprend\u00ed a perdonar a quien un d\u00eda pudo infringirme heridas, y a pedir perd\u00f3n Aquiles yo pude hacer da\u00f1o en el pasado. \u00bfY quien mayor regalo puede recibir un ser humano que el de alcanzar la paz en el coraz\u00f3n a trav\u00e9s del amor todo un Dios?.&quot;}\" data-sheets-userformat=\"{&quot;2&quot;:33569281,&quot;3&quot;:{&quot;1&quot;:0},&quot;12&quot;:0,&quot;14&quot;:{&quot;1&quot;:3,&quot;3&quot;:1},&quot;15&quot;:&quot;Calibri&quot;,&quot;16&quot;:14,&quot;28&quot;:1}\">Dear reader: what a complicated task it is for me to express everything I feel towards this beautiful work in just a few lines! I will have to make do with what I have assigned and be left raging with desire. And I will grumble, yes, dear reader, because I would like to go into great lengths and I can&#039;t. I think Sister Emanuel deserves it and the protagonists of this new work, too. Yes!<\/span><\/p>\n<p>I still smile when I remember the first time my feet ended up in that blessed little town called Medjugorje, back in the year 2000. How could I have imagined that the path of my spiritual life would take such a turn? And there I found the love of God, I learned to forgive those who one day could have inflicted wounds on me, and to ask for forgiveness from those I could have hurt in the past. And what greater gift can a human being receive than to achieve peace in the heart through the love of a God?<\/p>\n<p style=\"text-align: right;\"><em>Sister Emmanuel Maillard<\/em><\/p>\n<p style=\"text-align: right;\"><em>Sons of Medjugorje Association<\/em><\/p>","protected":false},"excerpt":{"rendered":"<p>FRUIT: Forgiveness. Dear reader: what a complicated task it is for me to express everything I feel towards this beautiful work in just a few lines! I will have to make do with what I have assigned and be left raging with desire.<\/p>","protected":false},"featured_media":7076,"comment_status":"open","ping_status":"closed","template":"","meta":[],"product_brand":[],"product_cat":[439,435,549,551,196],"product_tag":[104,103],"class_list":{"0":"post-2074","1":"product","2":"type-product","3":"status-publish","4":"has-post-thumbnail","6":"product_cat-1-libros","7":"product_cat-1a-maria","8":"product_cat-biblias-y-libros","9":"product_cat-bl-sancta-maria","10":"product_cat-sor-emmanuel-maillard","11":"product_tag-editorial-asociacion-hijos-de-medjugorje","12":"product_tag-sor-emmanuel-maillard","14":"first","15":"instock","16":"shipping-taxable","17":"purchasable","18":"product-type-simple","19":"thumb-has-effect","20":"prod-rating-on","21":"prod-has-rating"},"jetpack_sharing_enabled":true,"_links":{"self":[{"href":"https:\/\/cordibus.net\/en\/wp-json\/wp\/v2\/product\/2074","targetHints":{"allow":["GET"]}}],"collection":[{"href":"https:\/\/cordibus.net\/en\/wp-json\/wp\/v2\/product"}],"about":[{"href":"https:\/\/cordibus.net\/en\/wp-json\/wp\/v2\/types\/product"}],"replies":[{"embeddable":true,"href":"https:\/\/cordibus.net\/en\/wp-json\/wp\/v2\/comments?post=2074"}],"wp:featuredmedia":[{"embeddable":true,"href":"https:\/\/cordibus.net\/en\/wp-json\/wp\/v2\/media\/7076"}],"wp:attachment":[{"href":"https:\/\/cordibus.net\/en\/wp-json\/wp\/v2\/media?parent=2074"}],"wp:term":[{"taxonomy":"product_brand","embeddable":true,"href":"https:\/\/cordibus.net\/en\/wp-json\/wp\/v2\/product_brand?post=2074"},{"taxonomy":"product_cat","embeddable":true,"href":"https:\/\/cordibus.net\/en\/wp-json\/wp\/v2\/product_cat?post=2074"},{"taxonomy":"product_tag","embeddable":true,"href":"https:\/\/cordibus.net\/en\/wp-json\/wp\/v2\/product_tag?post=2074"}],"curies":[{"name":"wp","href":"https:\/\/api.w.org\/{rel}","templated":true}]}}