{"id":2042,"date":"2021-07-21T23:47:14","date_gmt":"2021-07-22T04:47:14","guid":{"rendered":"https:\/\/cordibus.net\/?post_type=product&#038;p=2042"},"modified":"2026-02-08T16:14:14","modified_gmt":"2026-02-08T22:14:14","slug":"la-devocion-al-sagrado-corazon-de-jesus-historia-doctrina-y-oraciones","status":"publish","type":"product","link":"https:\/\/cordibus.net\/en\/product\/la-devocion-al-sagrado-corazon-de-jesus-historia-doctrina-y-oraciones\/","title":{"rendered":"The Devotion to the Sacred Heart of Jesus: History, doctrine and prayers"},"content":{"rendered":"<p><span data-sheets-value=\"{&quot;1&quot;:2,&quot;2&quot;:&quot;\\&quot;He aqu\u00ed el Coraz\u00f3n que tanto ha amado a los hombres y que no ha ahorrado nada hasta el extremo de agotarse y consumirse para testimoniarles su amor\\&quot;. Con estas palabras el sagrado coraz\u00f3n de Jes\u00fas se le apareci\u00f3 a Santa Margarita Mar\u00eda de Alacoque pidi\u00e9ndole que, como respuesta a este amor y a las ofensas cometidas contar\u00e1 el mismo, llev\u00e1ramos a cabo actos privados y p\u00fablicos de reparaci\u00f3n y consagraci\u00f3n.&quot;}\" data-sheets-userformat=\"{&quot;2&quot;:33568769,&quot;3&quot;:{&quot;1&quot;:0,&quot;3&quot;:1},&quot;14&quot;:{&quot;1&quot;:3,&quot;3&quot;:1},&quot;15&quot;:&quot;Calibri&quot;,&quot;16&quot;:14,&quot;28&quot;:1}\">\u201cBehold the Heart that has loved men so much and that has spared nothing to the point of exhausting itself and consuming itself to bear witness to its love.\u201d With these words the sacred heart of Jesus appeared to Saint Margaret Mary of Alacoque asking her that, in response to this love and the offenses committed, He Himself will tell, we carry out private and public acts of reparation and consecration.<\/span><\/p>\n<p style=\"text-align: right;\"><em>Schola Cordis Iesu<\/em><\/p>","protected":false},"excerpt":{"rendered":"<p>FRUIT: Reparation, Consecration. \u201cBehold the Heart that has loved men so much and that has spared nothing to the point of exhausting itself and consuming itself to bear witness to its love.\u201d<\/p>","protected":false},"featured_media":2043,"comment_status":"open","ping_status":"closed","template":"","meta":[],"product_brand":[],"product_cat":[449,447,549,550,529],"product_tag":[136,94],"class_list":{"0":"post-2042","1":"product","2":"type-product","3":"status-publish","4":"has-post-thumbnail","6":"product_cat-3-libros","7":"product_cat-3c-jesus","8":"product_cat-biblias-y-libros","9":"product_cat-bl-iesus-christus","10":"product_cat-jesus-promo-de-mayo","11":"product_tag-schola-cordis-iesu","12":"product_tag-sin-editorial","14":"first","15":"instock","16":"shipping-taxable","17":"purchasable","18":"product-type-simple","19":"thumb-has-effect","20":"prod-rating-on","21":"prod-has-rating"},"jetpack_sharing_enabled":true,"_links":{"self":[{"href":"https:\/\/cordibus.net\/en\/wp-json\/wp\/v2\/product\/2042","targetHints":{"allow":["GET"]}}],"collection":[{"href":"https:\/\/cordibus.net\/en\/wp-json\/wp\/v2\/product"}],"about":[{"href":"https:\/\/cordibus.net\/en\/wp-json\/wp\/v2\/types\/product"}],"replies":[{"embeddable":true,"href":"https:\/\/cordibus.net\/en\/wp-json\/wp\/v2\/comments?post=2042"}],"wp:featuredmedia":[{"embeddable":true,"href":"https:\/\/cordibus.net\/en\/wp-json\/wp\/v2\/media\/2043"}],"wp:attachment":[{"href":"https:\/\/cordibus.net\/en\/wp-json\/wp\/v2\/media?parent=2042"}],"wp:term":[{"taxonomy":"product_brand","embeddable":true,"href":"https:\/\/cordibus.net\/en\/wp-json\/wp\/v2\/product_brand?post=2042"},{"taxonomy":"product_cat","embeddable":true,"href":"https:\/\/cordibus.net\/en\/wp-json\/wp\/v2\/product_cat?post=2042"},{"taxonomy":"product_tag","embeddable":true,"href":"https:\/\/cordibus.net\/en\/wp-json\/wp\/v2\/product_tag?post=2042"}],"curies":[{"name":"wp","href":"https:\/\/api.w.org\/{rel}","templated":true}]}}