{"id":2037,"date":"2021-07-21T23:43:16","date_gmt":"2021-07-22T04:43:16","guid":{"rendered":"https:\/\/cordibus.net\/?post_type=product&#038;p=2037"},"modified":"2025-10-04T13:26:14","modified_gmt":"2025-10-04T18:26:14","slug":"la-devocion-al-sagrado-corazon-de-jesus","status":"publish","type":"product","link":"https:\/\/cordibus.net\/en\/product\/la-devocion-al-sagrado-corazon-de-jesus\/","title":{"rendered":"Devotion to the Sacred Heart of Jesus"},"content":{"rendered":"<p><span data-sheets-value=\"{&quot;1&quot;:2,&quot;2&quot;:&quot;Est\u00e1 obrita fue una de las primeras publicadas inmediatamente despu\u00e9s de haber el se\u00f1or revelado a Santa Margarita Mar\u00eda Alacoque, religiosa salesa de Paray le Monial, cuando deseaba que esta devoci\u00f3n se propagase por el mundo. La santa, por mandato expreso de Jesucristo, se vali\u00f3 para tan alto objetivo del V.P. Claudio de la Colombi\u00e9re, de la Compa\u00f1\u00eda de Jes\u00fas, y con los escritos de dicho padre y los de Santa Margarita, el P. Juan Croiset lo compuso, y otro jesuita, el P. Pedro de Pe\u00f1alosa, la trata o del franc\u00e9s al castellano con alg\u00fan a\u00f1o debido, y con la aprobaci\u00f3n y licencia debida fue publicada en el a\u00f1o de 1734.\\n\\nBasta saber que el P. Juan Croiset el autor de ella, Y las fuentes donde bebi\u00f3 cuanto en la misma escribi\u00f3, para ser le\u00edda con atenci\u00f3n y avidez.&quot;}\" data-sheets-userformat=\"{&quot;2&quot;:33568769,&quot;3&quot;:{&quot;1&quot;:0,&quot;3&quot;:1},&quot;14&quot;:{&quot;1&quot;:3,&quot;3&quot;:1},&quot;15&quot;:&quot;Calibri&quot;,&quot;16&quot;:14,&quot;28&quot;:1}\">This little work was one of the first published immediately after the Lord had revealed himself to Saint Margaret Mary Alacoque, a Salesian nun from Paray le Monial, when he wanted this devotion to spread throughout the world. The saint, by express command of Jesus Christ, used for such a high objective the VP Claudio de la Colombi\u00e9re, of the Society of Jesus, and with the writings of said father and those of Saint Margaret, Father Juan Croiset composed it, and Another Jesuit, Father Pedro de Pe\u00f1alosa, treated it from French to Spanish with some due year, and with due approval and license it was published in the year 1734.<\/span><\/p>\n<p>It is enough to know that Father Juan Croiset was the author of it, and the sources from which he drank everything he wrote in it, to be read with attention and avidity.<\/p>\n<p style=\"text-align: right;\"><em>RP Juan Croset<\/em><\/p>\n<p style=\"text-align: right;\"><em>Realization Parangona Realitzaci\u00f3 Editorial, SL<\/em><\/p>","protected":false},"excerpt":{"rendered":"<p>FRUIT: Adoration, Repair. Praise the sacred Heart of Jesus in the most holy sacrament of the Altar! Be blessed and praised forever! Sacred Heart of Jesus, I trust in You! I trust: The past to your Mercy, The present to your Love And the future to your Providence.<\/p>","protected":false},"featured_media":2038,"comment_status":"open","ping_status":"closed","template":"","meta":[],"product_brand":[],"product_cat":[449,447,549,550,529],"product_tag":[235,138,246],"class_list":{"0":"post-2037","1":"product","2":"type-product","3":"status-publish","4":"has-post-thumbnail","6":"product_cat-3-libros","7":"product_cat-3c-jesus","8":"product_cat-biblias-y-libros","9":"product_cat-bl-iesus-christus","10":"product_cat-jesus-promo-de-mayo","11":"product_tag-editorial-realizacion-parangona-realitzacio-editorial","12":"product_tag-r-p-juan-croset","13":"product_tag-s-l","15":"first","16":"instock","17":"shipping-taxable","18":"purchasable","19":"product-type-simple","20":"thumb-has-effect","21":"prod-rating-on","22":"prod-has-rating"},"jetpack_sharing_enabled":true,"_links":{"self":[{"href":"https:\/\/cordibus.net\/en\/wp-json\/wp\/v2\/product\/2037","targetHints":{"allow":["GET"]}}],"collection":[{"href":"https:\/\/cordibus.net\/en\/wp-json\/wp\/v2\/product"}],"about":[{"href":"https:\/\/cordibus.net\/en\/wp-json\/wp\/v2\/types\/product"}],"replies":[{"embeddable":true,"href":"https:\/\/cordibus.net\/en\/wp-json\/wp\/v2\/comments?post=2037"}],"wp:featuredmedia":[{"embeddable":true,"href":"https:\/\/cordibus.net\/en\/wp-json\/wp\/v2\/media\/2038"}],"wp:attachment":[{"href":"https:\/\/cordibus.net\/en\/wp-json\/wp\/v2\/media?parent=2037"}],"wp:term":[{"taxonomy":"product_brand","embeddable":true,"href":"https:\/\/cordibus.net\/en\/wp-json\/wp\/v2\/product_brand?post=2037"},{"taxonomy":"product_cat","embeddable":true,"href":"https:\/\/cordibus.net\/en\/wp-json\/wp\/v2\/product_cat?post=2037"},{"taxonomy":"product_tag","embeddable":true,"href":"https:\/\/cordibus.net\/en\/wp-json\/wp\/v2\/product_tag?post=2037"}],"curies":[{"name":"wp","href":"https:\/\/api.w.org\/{rel}","templated":true}]}}