{"id":1998,"date":"2021-07-21T22:14:40","date_gmt":"2021-07-22T03:14:40","guid":{"rendered":"https:\/\/cordibus.net\/?post_type=product&#038;p=1998"},"modified":"2025-12-11T16:43:13","modified_gmt":"2025-12-11T22:43:13","slug":"3-meses-con-san-jose-en-oracion-por-mi-familia","status":"publish","type":"product","link":"https:\/\/cordibus.net\/en\/product\/3-meses-con-san-jose-en-oracion-por-mi-familia\/","title":{"rendered":"\u201c3 months with San Jos\u00e9. In prayer for my family\u201d"},"content":{"rendered":"<p><span data-sheets-value=\"{&quot;1&quot;:2,&quot;2&quot;:&quot;El libro: tres meses con San Jos\u00e9. En oraci\u00f3n por mi familia es una verdadera oportunidad de oraci\u00f3n siguiendo el camino espiritual del esposo de la sant\u00edsima virgen Mar\u00eda. Por raz\u00f3n de su competencia para cuidar de Jes\u00fas y de Mar\u00eda, la iglesia lo proclam\u00f3 patrono de las familias, para que con su intersecci\u00f3n constante, el tambi\u00e9n pudiera velar y proteger a cada familia que pusiera su confianza en Dios y lo involucrara por medio de San Jos\u00e9.\\n\\nBien sabemos que la familia es nuestra mayor riqueza, pero los lazos que nos unen son eternos. Por eso es necesario rezar por ella.\u00a1la verdadera oraci\u00f3n nos protege! La intenci\u00f3n de estos tres meses de orar con San Jos\u00e9 es despertar en nosotros el compromiso que debemos tener en la construcci\u00f3n de una familia que desea crecer en la fe y de manera arm\u00f3nica.\\nDeja a San Jos\u00e9 de de que cuide de tu hogar.\\n\u00a1jes\u00fas, Jos\u00e9 y Mar\u00eda: que mi familia sea su familia!&quot;}\" data-sheets-userformat=\"{&quot;2&quot;:33569281,&quot;3&quot;:{&quot;1&quot;:0},&quot;12&quot;:0,&quot;14&quot;:{&quot;1&quot;:3,&quot;3&quot;:1},&quot;15&quot;:&quot;Calibri&quot;,&quot;16&quot;:14,&quot;28&quot;:1}\">The book: three months with Saint Joseph. In prayer for my family is a true opportunity for prayer following the spiritual path of the husband of the blessed virgin Mary. Because of his competence to care for Jesus and Mary, the church proclaimed him patron of families, so that with his constant intercession, he could also watch over and protect each family that placed its trust in God and involved him through Saint Joseph.<\/span><\/p>\n<p>We know well that family is our greatest wealth, but the ties that unite us are eternal. That is why it is necessary to pray for her. True prayer protects us! The intention of these three months of praying with Saint Joseph is to awaken in us the commitment that we must have in building a family that wants to grow in faith and in a harmonious way.<br \/>\nLet Saint Joseph take care of your home.<br \/>\nJesus, Joseph and Mary: may my family be your family!<\/p>\n<p style=\"text-align: right;\"><em>Luis Erlin, cmf<\/em><\/p>\n<p style=\"text-align: right;\"><em>Saint Paul<\/em><\/p>","protected":false},"excerpt":{"rendered":"<p>FRUIT: Intercession. The book: three months with Saint Joseph. In prayer for my family is a true opportunity for prayer following the spiritual path of the husband of the blessed virgin Mary.<\/p>","protected":false},"featured_media":1999,"comment_status":"open","ping_status":"closed","template":"","meta":[],"product_brand":[],"product_cat":[444,441,549,552],"product_tag":[251,89,267],"class_list":{"0":"post-1998","1":"product","2":"type-product","3":"status-publish","4":"has-post-thumbnail","6":"product_cat-2-libros","7":"product_cat-2b-jose","8":"product_cat-biblias-y-libros","9":"product_cat-bl-sanctus-iosep","10":"product_tag-cmf","11":"product_tag-san-pablo","12":"product_tag-luis-erlin","14":"first","15":"instock","16":"shipping-taxable","17":"purchasable","18":"product-type-simple","19":"thumb-has-effect","20":"prod-rating-on","21":"prod-has-rating"},"jetpack_sharing_enabled":true,"_links":{"self":[{"href":"https:\/\/cordibus.net\/en\/wp-json\/wp\/v2\/product\/1998","targetHints":{"allow":["GET"]}}],"collection":[{"href":"https:\/\/cordibus.net\/en\/wp-json\/wp\/v2\/product"}],"about":[{"href":"https:\/\/cordibus.net\/en\/wp-json\/wp\/v2\/types\/product"}],"replies":[{"embeddable":true,"href":"https:\/\/cordibus.net\/en\/wp-json\/wp\/v2\/comments?post=1998"}],"wp:featuredmedia":[{"embeddable":true,"href":"https:\/\/cordibus.net\/en\/wp-json\/wp\/v2\/media\/1999"}],"wp:attachment":[{"href":"https:\/\/cordibus.net\/en\/wp-json\/wp\/v2\/media?parent=1998"}],"wp:term":[{"taxonomy":"product_brand","embeddable":true,"href":"https:\/\/cordibus.net\/en\/wp-json\/wp\/v2\/product_brand?post=1998"},{"taxonomy":"product_cat","embeddable":true,"href":"https:\/\/cordibus.net\/en\/wp-json\/wp\/v2\/product_cat?post=1998"},{"taxonomy":"product_tag","embeddable":true,"href":"https:\/\/cordibus.net\/en\/wp-json\/wp\/v2\/product_tag?post=1998"}],"curies":[{"name":"wp","href":"https:\/\/api.w.org\/{rel}","templated":true}]}}