{"id":1936,"date":"2021-07-19T11:35:47","date_gmt":"2021-07-19T16:35:47","guid":{"rendered":"https:\/\/cordibus.net\/?post_type=product&#038;p=1936"},"modified":"2023-09-09T17:31:04","modified_gmt":"2023-09-09T22:31:04","slug":"somos-padrinos-como-nos-preparamos","status":"publish","type":"product","link":"https:\/\/cordibus.net\/en\/product\/somos-padrinos-como-nos-preparamos\/","title":{"rendered":"\u201cWe are godparents! How do we prepare?\u201d"},"content":{"rendered":"<p><span data-sheets-value=\"{&quot;1&quot;:2,&quot;2&quot;:&quot;Preparaci\u00f3n de padres y padrinos para los sacramentos, fiesta de XV a\u00f1os y presentaci\u00f3n.&quot;}\" data-sheets-userformat=\"{&quot;2&quot;:33568769,&quot;3&quot;:{&quot;1&quot;:0,&quot;3&quot;:1},&quot;14&quot;:{&quot;1&quot;:3,&quot;3&quot;:1},&quot;15&quot;:&quot;Helvetica Neue&quot;,&quot;16&quot;:14,&quot;28&quot;:1}\">Preparation of parents and godparents for the sacraments, 15th birthday party and presentation.<\/span><\/p>\n<p style=\"text-align: right;\"><em>Salomon Dominguez Bermudez<\/em><\/p>\n<p style=\"text-align: right;\"><em>Saint Paul<\/em><\/p>","protected":false},"excerpt":{"rendered":"<p>FRUIT: Spiritual enrichment. The church requires that there be a godfather and a godmother, so that both act as exemplary figures on the newborn&#039;s path to Catholicism. In reality, the church foresees the figure of the godfather as an authority who must supervise the conduct of the sponsored person in relation...<\/p>","protected":false},"featured_media":1937,"comment_status":"open","ping_status":"closed","template":"","meta":[],"product_brand":[],"product_cat":[449,447,549,550],"product_tag":[89,180],"class_list":{"0":"post-1936","1":"product","2":"type-product","3":"status-publish","4":"has-post-thumbnail","6":"product_cat-3-libros","7":"product_cat-3c-jesus","8":"product_cat-biblias-y-libros","9":"product_cat-bl-iesus-christus","10":"product_tag-san-pablo","11":"product_tag-salomon-dominguez-bermudez","13":"first","14":"instock","15":"shipping-taxable","16":"purchasable","17":"product-type-simple","18":"thumb-has-effect","19":"prod-rating-on","20":"prod-has-rating"},"jetpack_sharing_enabled":true,"_links":{"self":[{"href":"https:\/\/cordibus.net\/en\/wp-json\/wp\/v2\/product\/1936","targetHints":{"allow":["GET"]}}],"collection":[{"href":"https:\/\/cordibus.net\/en\/wp-json\/wp\/v2\/product"}],"about":[{"href":"https:\/\/cordibus.net\/en\/wp-json\/wp\/v2\/types\/product"}],"replies":[{"embeddable":true,"href":"https:\/\/cordibus.net\/en\/wp-json\/wp\/v2\/comments?post=1936"}],"wp:featuredmedia":[{"embeddable":true,"href":"https:\/\/cordibus.net\/en\/wp-json\/wp\/v2\/media\/1937"}],"wp:attachment":[{"href":"https:\/\/cordibus.net\/en\/wp-json\/wp\/v2\/media?parent=1936"}],"wp:term":[{"taxonomy":"product_brand","embeddable":true,"href":"https:\/\/cordibus.net\/en\/wp-json\/wp\/v2\/product_brand?post=1936"},{"taxonomy":"product_cat","embeddable":true,"href":"https:\/\/cordibus.net\/en\/wp-json\/wp\/v2\/product_cat?post=1936"},{"taxonomy":"product_tag","embeddable":true,"href":"https:\/\/cordibus.net\/en\/wp-json\/wp\/v2\/product_tag?post=1936"}],"curies":[{"name":"wp","href":"https:\/\/api.w.org\/{rel}","templated":true}]}}