{"id":1918,"date":"2021-07-19T11:21:24","date_gmt":"2021-07-19T16:21:24","guid":{"rendered":"https:\/\/cordibus.net\/?post_type=product&#038;p=1918"},"modified":"2023-09-09T17:31:59","modified_gmt":"2023-09-09T22:31:59","slug":"despedida-de-solteros-una-celebracion-con-tinte-cristiano","status":"publish","type":"product","link":"https:\/\/cordibus.net\/en\/product\/despedida-de-solteros-una-celebracion-con-tinte-cristiano\/","title":{"rendered":"&quot;Bachelor party. \u201cA celebration with a Christian touch.\u201d"},"content":{"rendered":"<p><span data-sheets-value=\"{&quot;1&quot;:2,&quot;2&quot;:&quot;La forma de despedir el estado de solter\u00eda a un hombre o a una mujer, es casi siempre algo sumamente mundano, a veces llega hacer una celebraci\u00f3n llena de excesos. Podemos preguntarnos \u00bfQui\u00e9n dispuso que este festejo tenga que ser forzosamente as\u00ed? La autora muestra una forma alterna de celebrar ese cambio en la vida de una pareja de novios, la cual puede ser tan divertida y llena de sorpresas como cualquier celebraci\u00f3n de este tipo, pero siempre con el toque cristiano. Se trata de una fiesta en donde la dignidad tanto del novio como de la novia quedan resguardadas, as\u00ed mismo, otras parejas que colaboran en esta celebraci\u00f3n aporta sugerencias para la construcci\u00f3n de un sano conocimiento en esta nueva etapa de la vida de dos seres humanos que han querido darse mutuamente un s\u00ed.\\n\\nTambi\u00e9n, despedir a dos solteros no tiene porque hacerse de forma separada, juntos pueden disfrutar de esta fiesta, tomados de la mano de Cristo, el cual los colmar\u00e1 de bendiciones y llenar\u00e1 sus vidas de amor y esperanza, siempre que lo acepten como el verdadero lazo de uni\u00f3n entre ambos.&quot;}\" data-sheets-userformat=\"{&quot;2&quot;:33568769,&quot;3&quot;:{&quot;1&quot;:0,&quot;3&quot;:1},&quot;14&quot;:{&quot;1&quot;:3,&quot;3&quot;:1},&quot;15&quot;:&quot;Calibri&quot;,&quot;16&quot;:14,&quot;28&quot;:1}\">The way to say goodbye to the state of singleness to a man or a woman is almost always something extremely mundane, sometimes it involves a celebration full of excesses. We can ask ourselves: Who arranged that this celebration necessarily has to be like this? The author shows an alternative way to celebrate this change in the life of an engaged couple, which can be as fun and full of surprises as any celebration of this type, but always with a Christian touch. It is a party where the dignity of both the groom and the bride are protected. Likewise, other couples who collaborate in this celebration provide suggestions for the construction of a healthy knowledge in this new stage of the life of two human beings who They wanted to say yes to each other.<\/span><\/p>\n<p>Also, saying goodbye to two single people does not have to be done separately, together they can enjoy this party, holding the hand of Christ, who will shower them with blessings and fill their lives with love and hope, as long as they accept him as the true one. bond between the two.<\/p>\n<p style=\"text-align: right;\"><em>Sister Paulina Gonz\u00e1lez S. MCP<\/em><\/p>\n<p style=\"text-align: right;\"><em>Saint Paul<\/em><\/p>","protected":false},"excerpt":{"rendered":"<p>FRUIT: Matrimonial holiness. The way to say goodbye to the state of singleness to a man or a woman is almost always something extremely mundane, sometimes it involves a celebration full of excesses.<\/p>","protected":false},"featured_media":1919,"comment_status":"open","ping_status":"closed","template":"","meta":[],"product_brand":[],"product_cat":[449,447,549,550],"product_tag":[89,97],"class_list":{"0":"post-1918","1":"product","2":"type-product","3":"status-publish","4":"has-post-thumbnail","6":"product_cat-3-libros","7":"product_cat-3c-jesus","8":"product_cat-biblias-y-libros","9":"product_cat-bl-iesus-christus","10":"product_tag-san-pablo","11":"product_tag-hna-paulina-gonzalez-s-mcp","13":"first","14":"instock","15":"shipping-taxable","16":"purchasable","17":"product-type-simple","18":"thumb-has-effect","19":"prod-rating-on","20":"prod-has-rating"},"jetpack_sharing_enabled":true,"_links":{"self":[{"href":"https:\/\/cordibus.net\/en\/wp-json\/wp\/v2\/product\/1918","targetHints":{"allow":["GET"]}}],"collection":[{"href":"https:\/\/cordibus.net\/en\/wp-json\/wp\/v2\/product"}],"about":[{"href":"https:\/\/cordibus.net\/en\/wp-json\/wp\/v2\/types\/product"}],"replies":[{"embeddable":true,"href":"https:\/\/cordibus.net\/en\/wp-json\/wp\/v2\/comments?post=1918"}],"wp:featuredmedia":[{"embeddable":true,"href":"https:\/\/cordibus.net\/en\/wp-json\/wp\/v2\/media\/1919"}],"wp:attachment":[{"href":"https:\/\/cordibus.net\/en\/wp-json\/wp\/v2\/media?parent=1918"}],"wp:term":[{"taxonomy":"product_brand","embeddable":true,"href":"https:\/\/cordibus.net\/en\/wp-json\/wp\/v2\/product_brand?post=1918"},{"taxonomy":"product_cat","embeddable":true,"href":"https:\/\/cordibus.net\/en\/wp-json\/wp\/v2\/product_cat?post=1918"},{"taxonomy":"product_tag","embeddable":true,"href":"https:\/\/cordibus.net\/en\/wp-json\/wp\/v2\/product_tag?post=1918"}],"curies":[{"name":"wp","href":"https:\/\/api.w.org\/{rel}","templated":true}]}}