{"id":1913,"date":"2021-07-19T11:17:41","date_gmt":"2021-07-19T16:17:41","guid":{"rendered":"https:\/\/cordibus.net\/?post_type=product&#038;p=1913"},"modified":"2023-09-09T17:32:16","modified_gmt":"2023-09-09T22:32:16","slug":"baby-shower-fiesta-de-regalos-para-recibir-a-un-nino-cristiano","status":"publish","type":"product","link":"https:\/\/cordibus.net\/en\/product\/baby-shower-fiesta-de-regalos-para-recibir-a-un-nino-cristiano\/","title":{"rendered":"\u201cBaby shower. \u201cGift party to receive a Christian child\u201d"},"content":{"rendered":"<p><span data-sheets-value=\"{&quot;1&quot;:2,&quot;2&quot;:&quot;A pesar de ser un anglicismo, esta fiesta se encuentra ya arraigada en nuestro pa\u00eds. A primera vista pareciera una simple herencia se extranjera, lo que la hace sonar un tanto insulsa y superficial. La autora aprovecha esta celebraci\u00f3n para demostrar que la llegada de un hijo es siempre una bendici\u00f3n de parte de Dios, algo que ayuda a finalizar la uni\u00f3n en la pareja y sentir la cercan\u00eda de los seres queridos.\\n\\nLa vida est\u00e1 construida de detalles, Y en esta celebraci\u00f3n existen muchos simbolismos, los cuales har\u00e1n recordar a la pareja, en espera de la llegada de su beb\u00e9, que el amor de Dios bendice su proyecto de vida, adem\u00e1s muestra c\u00f3mo la gracia divina los colma de alegr\u00eda y lo envuelve todo con su amor. Dar la bienvenida a un ni\u00f1o cristiano es siempre motivo de fiesta, lo importante es celebrar la vida, pues recordemos que Dios es un Dios de vivos, no de muertos.&quot;}\" data-sheets-userformat=\"{&quot;2&quot;:33568769,&quot;3&quot;:{&quot;1&quot;:0,&quot;3&quot;:1},&quot;14&quot;:{&quot;1&quot;:3,&quot;3&quot;:1},&quot;15&quot;:&quot;Calibri&quot;,&quot;16&quot;:14,&quot;28&quot;:1}\">Despite being an Anglicism, this festival is already rooted in our country. At first glance it seems like a simple foreign inheritance, which makes it sound somewhat unusual and superficial. The author takes advantage of this celebration to demonstrate that the arrival of a child is always a blessing from God, something that helps finalize the union of the couple and feel the closeness of loved ones.<\/span><\/p>\n<p>Life is built of details, and in this celebration there are many symbolisms, which will remind the couple, waiting for the arrival of their baby, that God&#039;s love blesses their life project, and also shows how divine grace helps them. He fills with joy and surrounds everything with his love. Welcoming a Christian child is always a reason for celebration, the important thing is to celebrate life, because let us remember that God is a God of the living, not of the dead.<\/p>\n<p style=\"text-align: right;\"><em>Sister Paulina Gonz\u00e1lez S. MCP<\/em><\/p>\n<p style=\"text-align: right;\"><em>Saint Paul<\/em><\/p>","protected":false},"excerpt":{"rendered":"<p>FRUIT: Prayer. Despite being an Anglicism, this festival is already rooted in our country. At first glance it seems like a simple foreign inheritance, which makes it sound somewhat unusual and superficial.<\/p>","protected":false},"featured_media":1914,"comment_status":"open","ping_status":"closed","template":"","meta":[],"product_brand":[],"product_cat":[449,447,549,550],"product_tag":[89,97],"class_list":{"0":"post-1913","1":"product","2":"type-product","3":"status-publish","4":"has-post-thumbnail","6":"product_cat-3-libros","7":"product_cat-3c-jesus","8":"product_cat-biblias-y-libros","9":"product_cat-bl-iesus-christus","10":"product_tag-san-pablo","11":"product_tag-hna-paulina-gonzalez-s-mcp","13":"first","14":"instock","15":"shipping-taxable","16":"purchasable","17":"product-type-simple","18":"thumb-has-effect","19":"prod-rating-on","20":"prod-has-rating"},"jetpack_sharing_enabled":true,"_links":{"self":[{"href":"https:\/\/cordibus.net\/en\/wp-json\/wp\/v2\/product\/1913","targetHints":{"allow":["GET"]}}],"collection":[{"href":"https:\/\/cordibus.net\/en\/wp-json\/wp\/v2\/product"}],"about":[{"href":"https:\/\/cordibus.net\/en\/wp-json\/wp\/v2\/types\/product"}],"replies":[{"embeddable":true,"href":"https:\/\/cordibus.net\/en\/wp-json\/wp\/v2\/comments?post=1913"}],"wp:featuredmedia":[{"embeddable":true,"href":"https:\/\/cordibus.net\/en\/wp-json\/wp\/v2\/media\/1914"}],"wp:attachment":[{"href":"https:\/\/cordibus.net\/en\/wp-json\/wp\/v2\/media?parent=1913"}],"wp:term":[{"taxonomy":"product_brand","embeddable":true,"href":"https:\/\/cordibus.net\/en\/wp-json\/wp\/v2\/product_brand?post=1913"},{"taxonomy":"product_cat","embeddable":true,"href":"https:\/\/cordibus.net\/en\/wp-json\/wp\/v2\/product_cat?post=1913"},{"taxonomy":"product_tag","embeddable":true,"href":"https:\/\/cordibus.net\/en\/wp-json\/wp\/v2\/product_tag?post=1913"}],"curies":[{"name":"wp","href":"https:\/\/api.w.org\/{rel}","templated":true}]}}