{"id":1907,"date":"2021-07-19T11:14:03","date_gmt":"2021-07-19T16:14:03","guid":{"rendered":"https:\/\/cordibus.net\/?post_type=product&#038;p=1907"},"modified":"2025-08-06T22:08:29","modified_gmt":"2025-08-07T03:08:29","slug":"como-aprovechar-la-misa","status":"publish","type":"product","link":"https:\/\/cordibus.net\/en\/product\/como-aprovechar-la-misa\/","title":{"rendered":"How to take advantage of the mass?"},"content":{"rendered":"<p><span data-sheets-value=\"{&quot;1&quot;:2,&quot;2&quot;:&quot;\u00bfC\u00f3mo aprovechar la misa? Esta es la pregunta que las p\u00e1ginas de este libro procura responder, a trav\u00e9s de dos importantes cuestiones:.\\n\\n1. \u00bfPara qu\u00e9 ir a misa?, y 2. \u00bfQu\u00e9 hacer durante la misa?.\\nEn la segunda parte del libro se ofrecen algunas ideas \u00fatiles para porder poner en pr\u00e1ctica durante la celebraci\u00f3n de la Eucarist\u00eda.\\nAntes, en la primera parte, se numeral algunas motivaciones para asistir y aprovechar al m\u00e1ximo los tesoros que nos ofrece la ceremonia de la misa.&quot;}\" data-sheets-userformat=\"{&quot;2&quot;:33568769,&quot;3&quot;:{&quot;1&quot;:0,&quot;3&quot;:1},&quot;14&quot;:{&quot;1&quot;:3,&quot;3&quot;:1},&quot;15&quot;:&quot;Helvetica Neue&quot;,&quot;16&quot;:14,&quot;28&quot;:1}\">How to take advantage of the mass? This is the question that the pages of this book seek to answer, through two important questions:<\/span><\/p>\n<p>1. Why go to mass?, and 2. What to do during mass?<br \/>\nThe second part of the book offers some useful ideas to put into practice during the celebration of the Eucharist.<br \/>\nBefore, in the first part, some motivations are listed to attend and make the most of the treasures that the ceremony of the mass offers us.<\/p>\n<p style=\"text-align: right;\"><em>Ignatius Judge<\/em><\/p>\n<p style=\"text-align: right;\"><em>Parangona editorial realization, SL<\/em><\/p>","protected":false},"excerpt":{"rendered":"<p>FRUIT: Faith, Wisdom. How to take advantage of the mass? This is the question that the pages of this book seek to answer, through two important questions.<\/p>","protected":false},"featured_media":1909,"comment_status":"open","ping_status":"closed","template":"","meta":[],"product_brand":[],"product_cat":[449,447,549,550],"product_tag":[102,245,246],"class_list":{"0":"post-1907","1":"product","2":"type-product","3":"status-publish","4":"has-post-thumbnail","6":"product_cat-3-libros","7":"product_cat-3c-jesus","8":"product_cat-biblias-y-libros","9":"product_cat-bl-iesus-christus","10":"product_tag-ignacio-juez","11":"product_tag-parangona-realizacio-editorial","12":"product_tag-s-l","14":"first","15":"instock","16":"shipping-taxable","17":"purchasable","18":"product-type-simple","19":"thumb-has-effect","20":"prod-rating-on","21":"prod-has-rating"},"jetpack_sharing_enabled":true,"_links":{"self":[{"href":"https:\/\/cordibus.net\/en\/wp-json\/wp\/v2\/product\/1907","targetHints":{"allow":["GET"]}}],"collection":[{"href":"https:\/\/cordibus.net\/en\/wp-json\/wp\/v2\/product"}],"about":[{"href":"https:\/\/cordibus.net\/en\/wp-json\/wp\/v2\/types\/product"}],"replies":[{"embeddable":true,"href":"https:\/\/cordibus.net\/en\/wp-json\/wp\/v2\/comments?post=1907"}],"wp:featuredmedia":[{"embeddable":true,"href":"https:\/\/cordibus.net\/en\/wp-json\/wp\/v2\/media\/1909"}],"wp:attachment":[{"href":"https:\/\/cordibus.net\/en\/wp-json\/wp\/v2\/media?parent=1907"}],"wp:term":[{"taxonomy":"product_brand","embeddable":true,"href":"https:\/\/cordibus.net\/en\/wp-json\/wp\/v2\/product_brand?post=1907"},{"taxonomy":"product_cat","embeddable":true,"href":"https:\/\/cordibus.net\/en\/wp-json\/wp\/v2\/product_cat?post=1907"},{"taxonomy":"product_tag","embeddable":true,"href":"https:\/\/cordibus.net\/en\/wp-json\/wp\/v2\/product_tag?post=1907"}],"curies":[{"name":"wp","href":"https:\/\/api.w.org\/{rel}","templated":true}]}}