{"id":1902,"date":"2021-07-18T17:18:17","date_gmt":"2021-07-18T22:18:17","guid":{"rendered":"https:\/\/cordibus.net\/?post_type=product&#038;p=1902"},"modified":"2023-09-09T17:32:56","modified_gmt":"2023-09-09T22:32:56","slug":"san-miguel-arcangel-quien-como-dios","status":"publish","type":"product","link":"https:\/\/cordibus.net\/en\/product\/san-miguel-arcangel-quien-como-dios\/","title":{"rendered":"&quot;San Miguel Arcangel. .Who is like God?!\u201d"},"content":{"rendered":"<p><span data-sheets-value=\"{&quot;1&quot;:2,&quot;2&quot;:&quot;San Miguel Arc\u00e1ngel,\u00bfqui\u00e9n como Dios? !. Es una obra donde se estudia con profundidad la persona, la mision de San Miguel Arc\u00e1ngel y su lugar en el proyecto divino para la salvaci\u00f3n de los hombres. San Miguel Arc\u00e1ngel ese modelo de primado de Dios, de su trascendencia y poder. Miguel lucha por restablecer la justicia divina; defiende al pueblo de Dios de tus enemigos y sobretodo del enemigo por excelencia, el diablo. Nos recuerda que el mal ha sido vencido , el acusador ha sido desenmascarado, su cabeza, aplastada, porque la salvaci\u00f3n se realiz\u00f3 de una vez para siempre en la sangre del Cristo.\\n\\nPara la elaboraci\u00f3n de este estudio, el autor ha apoyado principalmente en las Sagradas Escrituras en la Tradici\u00f3n, y en las ense\u00f1anzas del Magisterio de la Iglesia Cat\u00f3lica. Estas p\u00e1ginas poseen una gran riqueza para alimentar el conocimiento y la devoci\u00f3n al Pr\u00edncipe de las Milicias Celestiales. El libro esta escrito en un lenguaje claro y sencillo, al alcance de todos.\\n&quot;}\" data-sheets-userformat=\"{&quot;2&quot;:513,&quot;3&quot;:{&quot;1&quot;:0},&quot;12&quot;:0}\">Saint Michael the Archangel, who is like God? !. It is a work where the person, the mission of Saint Michael the Archangel and his place in the divine project for the salvation of men are studied in depth. Saint Michael the Archangel that model of the primacy of God, of his transcendence and power. Miguel fights to restore divine justice; Defend the people of God from your enemies and above all from the enemy par excellence, the devil. It reminds us that evil has been defeated, the accuser has been unmasked, his head crushed, because salvation was accomplished once and for all in the blood of Christ.<\/span><\/p>\n<p>To prepare this study, the author has relied mainly on the Holy Scriptures in Tradition, and on the teachings of the Magisterium of the Catholic Church. These pages have great wealth to feed knowledge and devotion to the Prince of the Celestial Militias. The book is written in clear and simple language, accessible to everyone.<\/p>\n<p style=\"text-align: right;\"><em>Fernando Saavedra Hinojosa<\/em><\/p>\n<p style=\"text-align: right;\"><em>Saint Paul<\/em><\/p>","protected":false},"excerpt":{"rendered":"<p>FRUIT: Intercession, Protection. Revelation 12:7-8 There was war in heaven: Michael and his angels fought against the dragon. And the dragon and his angels fought, but they could not win, nor was a place found for them in heaven. &nbsp;<\/p>","protected":false},"featured_media":1903,"comment_status":"open","ping_status":"closed","template":"","meta":[],"product_brand":[],"product_cat":[444,441,549,554],"product_tag":[89,177],"class_list":{"0":"post-1902","1":"product","2":"type-product","3":"status-publish","4":"has-post-thumbnail","6":"product_cat-2-libros","7":"product_cat-2b-jose","8":"product_cat-biblias-y-libros","9":"product_cat-bl-san-miguel","10":"product_tag-san-pablo","11":"product_tag-fernando-saavedra-hinojosa","13":"first","14":"outofstock","15":"shipping-taxable","16":"purchasable","17":"product-type-simple","18":"thumb-has-effect","19":"prod-rating-on","20":"prod-has-rating"},"jetpack_sharing_enabled":true,"_links":{"self":[{"href":"https:\/\/cordibus.net\/en\/wp-json\/wp\/v2\/product\/1902","targetHints":{"allow":["GET"]}}],"collection":[{"href":"https:\/\/cordibus.net\/en\/wp-json\/wp\/v2\/product"}],"about":[{"href":"https:\/\/cordibus.net\/en\/wp-json\/wp\/v2\/types\/product"}],"replies":[{"embeddable":true,"href":"https:\/\/cordibus.net\/en\/wp-json\/wp\/v2\/comments?post=1902"}],"wp:featuredmedia":[{"embeddable":true,"href":"https:\/\/cordibus.net\/en\/wp-json\/wp\/v2\/media\/1903"}],"wp:attachment":[{"href":"https:\/\/cordibus.net\/en\/wp-json\/wp\/v2\/media?parent=1902"}],"wp:term":[{"taxonomy":"product_brand","embeddable":true,"href":"https:\/\/cordibus.net\/en\/wp-json\/wp\/v2\/product_brand?post=1902"},{"taxonomy":"product_cat","embeddable":true,"href":"https:\/\/cordibus.net\/en\/wp-json\/wp\/v2\/product_cat?post=1902"},{"taxonomy":"product_tag","embeddable":true,"href":"https:\/\/cordibus.net\/en\/wp-json\/wp\/v2\/product_tag?post=1902"}],"curies":[{"name":"wp","href":"https:\/\/api.w.org\/{rel}","templated":true}]}}