{"id":1889,"date":"2021-07-18T17:01:45","date_gmt":"2021-07-18T22:01:45","guid":{"rendered":"https:\/\/cordibus.net\/?post_type=product&#038;p=1889"},"modified":"2025-09-26T12:38:46","modified_gmt":"2025-09-26T17:38:46","slug":"miguel-gabriel-y-rafael-arcangeles-en-accion","status":"publish","type":"product","link":"https:\/\/cordibus.net\/en\/product\/miguel-gabriel-y-rafael-arcangeles-en-accion\/","title":{"rendered":"Michael, Gabriel and Raphael: Archangels in action"},"content":{"rendered":"<p><span data-sheets-value=\"{&quot;1&quot;:2,&quot;2&quot;:&quot;En este libro deseo presentar a los tres famosos arc\u00e1ngeles(Miguel, Gabriel y Rafael) para que podamos conocerlos m\u00e1s y as\u00ed amarlos m\u00e1s. Sabes sobre algunas de sus milagros m\u00e1s importantes puede ayudarnos a entender mejor la acci\u00f3n que han realizado entre nosotros. De esta manera, podemos involucrarlos con m\u00e1s amor y devoci\u00f3n para obtener muchas bendiciones de Dios por medio de ellos.\\nSan Miguel es poderoso, especialmente, en la lucha contra el Maligno; y San Rafael es, de modo especial, el protector de los viajeros, con poderes extraordinarios para sanar enfermos, patrono de los novios de j\u00f3venes esposos, de los sacerdotes, marineros, ciegos, m\u00e9dicos y enfermos. \\n\\n&quot;}\" data-sheets-userformat=\"{&quot;2&quot;:33569281,&quot;3&quot;:{&quot;1&quot;:0},&quot;12&quot;:0,&quot;14&quot;:{&quot;1&quot;:3,&quot;3&quot;:1},&quot;15&quot;:&quot;Calibri&quot;,&quot;16&quot;:14,&quot;28&quot;:1}\">In this book I want to introduce the three famous archangels (Michael, Gabriel and Raphael) so that we can know them more and thus love them more. Knowing about some of their most important miracles can help us better understand the action they have performed among us. In this way, we can involve them with more love and devotion to obtain many blessings from God through them.<br \/>\nSaint Michael is powerful, especially, in the fight against the Evil One; and Saint Raphael is, in a special way, the protector of travelers, with extraordinary powers to heal the sick, patron of young brides and grooms, of priests, sailors, the blind, doctors and the sick.<\/span><\/p>\n<p>&nbsp;<\/p>\n<p style=\"text-align: right;\"><em>P. \u00c1ngel Pe\u00f1a OAR<\/em><\/p>","protected":false},"excerpt":{"rendered":"<p>FRUIT: Spiritual Enrichment. In this book I want to introduce the three famous archangels (Michael, Gabriel and Raphael) so that we can know them more and thus love them more. Knowing about some of their most important miracles can help us better understand the action they have performed among us.<\/p>","protected":false},"featured_media":1890,"comment_status":"open","ping_status":"closed","template":"","meta":[],"product_brand":[],"product_cat":[444,441,549,554,15],"product_tag":[95,94],"class_list":{"0":"post-1889","1":"product","2":"type-product","3":"status-publish","4":"has-post-thumbnail","6":"product_cat-2-libros","7":"product_cat-2b-jose","8":"product_cat-biblias-y-libros","9":"product_cat-bl-san-miguel","10":"product_cat-uncategorized","11":"product_tag-p-angel-pena-o-a-r","12":"product_tag-sin-editorial","14":"first","15":"instock","16":"shipping-taxable","17":"purchasable","18":"product-type-simple","19":"thumb-has-effect","20":"prod-rating-on","21":"prod-has-rating"},"jetpack_sharing_enabled":true,"_links":{"self":[{"href":"https:\/\/cordibus.net\/en\/wp-json\/wp\/v2\/product\/1889","targetHints":{"allow":["GET"]}}],"collection":[{"href":"https:\/\/cordibus.net\/en\/wp-json\/wp\/v2\/product"}],"about":[{"href":"https:\/\/cordibus.net\/en\/wp-json\/wp\/v2\/types\/product"}],"replies":[{"embeddable":true,"href":"https:\/\/cordibus.net\/en\/wp-json\/wp\/v2\/comments?post=1889"}],"wp:featuredmedia":[{"embeddable":true,"href":"https:\/\/cordibus.net\/en\/wp-json\/wp\/v2\/media\/1890"}],"wp:attachment":[{"href":"https:\/\/cordibus.net\/en\/wp-json\/wp\/v2\/media?parent=1889"}],"wp:term":[{"taxonomy":"product_brand","embeddable":true,"href":"https:\/\/cordibus.net\/en\/wp-json\/wp\/v2\/product_brand?post=1889"},{"taxonomy":"product_cat","embeddable":true,"href":"https:\/\/cordibus.net\/en\/wp-json\/wp\/v2\/product_cat?post=1889"},{"taxonomy":"product_tag","embeddable":true,"href":"https:\/\/cordibus.net\/en\/wp-json\/wp\/v2\/product_tag?post=1889"}],"curies":[{"name":"wp","href":"https:\/\/api.w.org\/{rel}","templated":true}]}}