{"id":1876,"date":"2021-07-18T16:37:16","date_gmt":"2021-07-18T21:37:16","guid":{"rendered":"https:\/\/cordibus.net\/?post_type=product&#038;p=1876"},"modified":"2024-03-30T12:59:28","modified_gmt":"2024-03-30T17:59:28","slug":"conociendo-el-corazon-de-un-santo-pio-de-pietrelcina","status":"publish","type":"product","link":"https:\/\/cordibus.net\/en\/product\/conociendo-el-corazon-de-un-santo-pio-de-pietrelcina\/","title":{"rendered":"Knowing the heart of a saint: Pius of Pietrelcina"},"content":{"rendered":"<p><span data-sheets-value=\"{&quot;1&quot;:2,&quot;2&quot;:&quot;En su paso por la vida, este padre franciscano ha sido modelo fe, maestro de oraci\u00f3n, gran iluminador y gu\u00eda. Herido por el amor ardiente al crucificado, al igual que su padre Francisco, al d\u00eda de hoy no cesa de animarnos a seguir la invitaci\u00f3n de seguir a Jes\u00fas.\\n\\nEn esta ocasi\u00f3n se nos brinda breves meditaciones para dedicar un momento del d\u00eda a la oraci\u00f3n con Dios, poner nos bajo su mirada y descubrir el amor que nos tiene y cu\u00e1n valioso somos en su presencia.&quot;}\" data-sheets-userformat=\"{&quot;2&quot;:33568769,&quot;3&quot;:{&quot;1&quot;:0,&quot;3&quot;:1},&quot;14&quot;:{&quot;1&quot;:3,&quot;3&quot;:1},&quot;15&quot;:&quot;Calibri&quot;,&quot;16&quot;:14,&quot;28&quot;:1}\">Throughout his life, this Franciscan father has been a model of faith, a teacher of prayer, a great illuminator and guide. Wounded by ardent love for the crucified man, like his father Francis, to this day he does not cease to encourage us to follow the invitation to follow Jesus.<\/span><\/p>\n<p>On this occasion we are given brief meditations to dedicate a moment of the day to prayer with God, place ourselves under his gaze and discover the love he has for us and how valuable we are in his presence.<\/p>\n<p style=\"text-align: right;\"><em>Victor Hugo Troncoso<\/em><\/p>\n<p style=\"text-align: right;\"><em>Claretian Publishing House<\/em><\/p>","protected":false},"excerpt":{"rendered":"<p>FRUIT: Spiritual Growth. Throughout his life, this Franciscan priest has been a model of faith, a master of prayer, a great enlightener, and a great guide. Wounded by a burning love for the crucified Christ, like his father Francis, to this day he never ceases to encourage us to follow the invitation of\u2026<\/p>","protected":false},"featured_media":1877,"comment_status":"open","ping_status":"closed","template":"","meta":[],"product_brand":[],"product_cat":[444,441],"product_tag":[84,106],"class_list":{"0":"post-1876","1":"product","2":"type-product","3":"status-publish","4":"has-post-thumbnail","6":"product_cat-2-libros","7":"product_cat-2b-jose","8":"product_tag-editorial","9":"product_tag-victor-hugo-troncoso","11":"first","12":"instock","13":"shipping-taxable","14":"purchasable","15":"product-type-simple","16":"thumb-has-effect","17":"prod-rating-on","18":"prod-has-rating"},"jetpack_sharing_enabled":true,"_links":{"self":[{"href":"https:\/\/cordibus.net\/en\/wp-json\/wp\/v2\/product\/1876","targetHints":{"allow":["GET"]}}],"collection":[{"href":"https:\/\/cordibus.net\/en\/wp-json\/wp\/v2\/product"}],"about":[{"href":"https:\/\/cordibus.net\/en\/wp-json\/wp\/v2\/types\/product"}],"replies":[{"embeddable":true,"href":"https:\/\/cordibus.net\/en\/wp-json\/wp\/v2\/comments?post=1876"}],"wp:featuredmedia":[{"embeddable":true,"href":"https:\/\/cordibus.net\/en\/wp-json\/wp\/v2\/media\/1877"}],"wp:attachment":[{"href":"https:\/\/cordibus.net\/en\/wp-json\/wp\/v2\/media?parent=1876"}],"wp:term":[{"taxonomy":"product_brand","embeddable":true,"href":"https:\/\/cordibus.net\/en\/wp-json\/wp\/v2\/product_brand?post=1876"},{"taxonomy":"product_cat","embeddable":true,"href":"https:\/\/cordibus.net\/en\/wp-json\/wp\/v2\/product_cat?post=1876"},{"taxonomy":"product_tag","embeddable":true,"href":"https:\/\/cordibus.net\/en\/wp-json\/wp\/v2\/product_tag?post=1876"}],"curies":[{"name":"wp","href":"https:\/\/api.w.org\/{rel}","templated":true}]}}