{"id":1864,"date":"2021-07-15T19:31:44","date_gmt":"2021-07-16T00:31:44","guid":{"rendered":"https:\/\/cordibus.net\/?post_type=product&#038;p=1864"},"modified":"2025-12-02T19:40:51","modified_gmt":"2025-12-03T01:40:51","slug":"oren-juntos-con-un-corazon-gozoso","status":"publish","type":"product","link":"https:\/\/cordibus.net\/en\/product\/oren-juntos-con-un-corazon-gozoso\/","title":{"rendered":"Pray together with a joyful heart"},"content":{"rendered":"<p><span data-sheets-value=\"{&quot;1&quot;:2,&quot;2&quot;:&quot;\\bEl padre P. Slavko Barbar\u00edc, O.F.M., naci\u00f3 Dragagicina, en el a\u00f1o de 1946. Fue ordenado sacerdote en 1971 y dos a\u00f1os m\u00e1s tarde, en 1973, en Graz, Australia, obtuvo una maestr\u00eda en teolog\u00eda pastoral. En Freiburg, Alemania, estudio yo tuvo su doctorado en pedagog\u00eda religiosa y el t\u00edtulo de psicoterapeuta. En enero de 1982 fue llamado a prestar servicio a Medugorje, organiz\u00f3 y realiz\u00f3 retiros espirituales y de ayuno para j\u00f3venes, matrimonios y sacerdotes. Difundi\u00f3 y coment\u00f3 los mensajes de la Reina de la Paz por todo el mundo y por radio, ayudado por la extraordinaria capacidad de aprender y hablar lenguas. \u00c9l escribi\u00f3 art\u00edculos para muchas revistas y public\u00f3 decenas de libros sobre la espiritualidad de Medugorje; libros traducidos a m\u00e1s de 20 idiomas.\\n\\nEl 24 de noviembre de 2000, despu\u00e9s de rezar el v\u00eda crucis en el Krizevac con los parroquianos y los peregrinos, al comenzar el deceso, se desplom\u00f3 a tierra y falleci\u00f3 cerca de la XIII estaci\u00f3n donde Jes\u00fas fue bajado de la cruz. Eran las 15:30 de un viernes.&quot;}\" data-sheets-userformat=\"{&quot;2&quot;:14399,&quot;3&quot;:{&quot;1&quot;:0,&quot;3&quot;:1},&quot;4&quot;:[null,2,16777215],&quot;5&quot;:{&quot;1&quot;:[{&quot;1&quot;:2,&quot;2&quot;:0,&quot;5&quot;:{&quot;1&quot;:0}},{&quot;1&quot;:0,&quot;2&quot;:0,&quot;3&quot;:3},{&quot;1&quot;:1,&quot;2&quot;:0,&quot;4&quot;:1}]},&quot;6&quot;:{&quot;1&quot;:[{&quot;1&quot;:2,&quot;2&quot;:0,&quot;5&quot;:{&quot;1&quot;:0}},{&quot;1&quot;:0,&quot;2&quot;:0,&quot;3&quot;:3},{&quot;1&quot;:1,&quot;2&quot;:0,&quot;4&quot;:1}]},&quot;7&quot;:{&quot;1&quot;:[{&quot;1&quot;:2,&quot;2&quot;:0,&quot;5&quot;:{&quot;1&quot;:0}},{&quot;1&quot;:0,&quot;2&quot;:0,&quot;3&quot;:3},{&quot;1&quot;:1,&quot;2&quot;:0,&quot;4&quot;:1}]},&quot;8&quot;:{&quot;1&quot;:[{&quot;1&quot;:2,&quot;2&quot;:0,&quot;5&quot;:{&quot;1&quot;:0}},{&quot;1&quot;:0,&quot;2&quot;:0,&quot;3&quot;:3},{&quot;1&quot;:1,&quot;2&quot;:0,&quot;4&quot;:1}]},&quot;14&quot;:{&quot;1&quot;:3,&quot;3&quot;:1},&quot;15&quot;:&quot;Calibri&quot;,&quot;16&quot;:14}\">Father Slavko Barbar\u00edc, OFM, was born Dragagicina in 1946. He was ordained a priest in 1971 and two years later, in 1973, in Graz, Australia, he obtained a master&#039;s degree in pastoral theology. In Freiburg, Germany, he studied and had his doctorate in religious pedagogy and the title of psychotherapist. In January 1982 he was called to serve Medugorje, he organized and conducted spiritual and fasting retreats for young people, couples and priests. He spread and commented on the messages of the Queen of Peace throughout the world and on the radio, helped by the extraordinary ability to learn and speak languages. He wrote articles for many magazines and published dozens of books on Medugorje spirituality; books translated into more than 20 languages.<\/span><\/p>\n<p>On November 24, 2000, after praying the Stations of the Cross in Krizevac with parishioners and pilgrims, at the beginning of his death, he collapsed to the ground and died near the XIII station where Jesus was taken down from the cross. It was 3:30 p.m. on a Friday.<\/p>\n<p style=\"text-align: right;\"><em>Father Slavko Barbar\u00edc, OFM<\/em><\/p>\n<p style=\"text-align: right;\"><em>Information Center \u201cMIR\u201d Medugorje<\/em><\/p>","protected":false},"excerpt":{"rendered":"<p>FRUIT: Community prayer. The purpose and aim of this book are to help all who have responded to Our Lady&#039;s invitation\u2014individuals, families, and groups\u2014understand the meaning of their callings, but also to help individuals, families, and prayer groups act and grow properly, forming themselves in the spirit of Mary.<\/p>","protected":false},"featured_media":1865,"comment_status":"open","ping_status":"closed","template":"","meta":[],"product_brand":[],"product_cat":[439,435,449,447,549,551,193],"product_tag":[111,256,255],"class_list":{"0":"post-1864","1":"product","2":"type-product","3":"status-publish","4":"has-post-thumbnail","6":"product_cat-1-libros","7":"product_cat-1a-maria","8":"product_cat-3-libros","9":"product_cat-3c-jesus","10":"product_cat-biblias-y-libros","11":"product_cat-bl-sancta-maria","12":"product_cat-p-slavko-barbaric-o-f-m","13":"product_tag-editorial-informativni-center-mir-medugorje","14":"product_tag-o-f-m","15":"product_tag-p-slavko-barbaric","17":"first","18":"instock","19":"shipping-taxable","20":"purchasable","21":"product-type-simple","22":"thumb-has-effect","23":"prod-rating-on","24":"prod-has-rating"},"jetpack_sharing_enabled":true,"_links":{"self":[{"href":"https:\/\/cordibus.net\/en\/wp-json\/wp\/v2\/product\/1864","targetHints":{"allow":["GET"]}}],"collection":[{"href":"https:\/\/cordibus.net\/en\/wp-json\/wp\/v2\/product"}],"about":[{"href":"https:\/\/cordibus.net\/en\/wp-json\/wp\/v2\/types\/product"}],"replies":[{"embeddable":true,"href":"https:\/\/cordibus.net\/en\/wp-json\/wp\/v2\/comments?post=1864"}],"wp:featuredmedia":[{"embeddable":true,"href":"https:\/\/cordibus.net\/en\/wp-json\/wp\/v2\/media\/1865"}],"wp:attachment":[{"href":"https:\/\/cordibus.net\/en\/wp-json\/wp\/v2\/media?parent=1864"}],"wp:term":[{"taxonomy":"product_brand","embeddable":true,"href":"https:\/\/cordibus.net\/en\/wp-json\/wp\/v2\/product_brand?post=1864"},{"taxonomy":"product_cat","embeddable":true,"href":"https:\/\/cordibus.net\/en\/wp-json\/wp\/v2\/product_cat?post=1864"},{"taxonomy":"product_tag","embeddable":true,"href":"https:\/\/cordibus.net\/en\/wp-json\/wp\/v2\/product_tag?post=1864"}],"curies":[{"name":"wp","href":"https:\/\/api.w.org\/{rel}","templated":true}]}}