{"id":1859,"date":"2021-07-15T19:27:23","date_gmt":"2021-07-16T00:27:23","guid":{"rendered":"https:\/\/cordibus.net\/?post_type=product&#038;p=1859"},"modified":"2024-01-19T10:52:41","modified_gmt":"2024-01-19T16:52:41","slug":"ora-con-el-corazon","status":"publish","type":"product","link":"https:\/\/cordibus.net\/en\/product\/ora-con-el-corazon\/","title":{"rendered":"!Pray with your heart!"},"content":{"rendered":"<p><span data-sheets-value=\"{&quot;1&quot;:2,&quot;2&quot;:&quot;Manual de oraci\u00f3n de Medugorje.\\n\\nQueridos lectores, si ustedes quieren estar m\u00e1s cerca de Jesucristo y tener una mayor intimidad con \u00e9l, que es el mejor de nuestros amigos, les sugiero hacer un alto en su camino y reflexionar con la ayuda de este manual. En primera instancia, les ense\u00f1ar\u00e1 de manera sencilla amar a Dios y al pr\u00f3jimo, ya que sin este amor ninguna oraci\u00f3n puede dar frutos.&quot;}\" data-sheets-userformat=\"{&quot;2&quot;:12351,&quot;3&quot;:{&quot;1&quot;:0,&quot;3&quot;:1},&quot;4&quot;:[null,2,16709859],&quot;5&quot;:{&quot;1&quot;:[{&quot;1&quot;:2,&quot;2&quot;:0,&quot;5&quot;:{&quot;1&quot;:0}},{&quot;1&quot;:0,&quot;2&quot;:0,&quot;3&quot;:3},{&quot;1&quot;:1,&quot;2&quot;:0,&quot;4&quot;:1}]},&quot;6&quot;:{&quot;1&quot;:[{&quot;1&quot;:2,&quot;2&quot;:0,&quot;5&quot;:{&quot;1&quot;:0}},{&quot;1&quot;:0,&quot;2&quot;:0,&quot;3&quot;:3},{&quot;1&quot;:1,&quot;2&quot;:0,&quot;4&quot;:1}]},&quot;7&quot;:{&quot;1&quot;:[{&quot;1&quot;:2,&quot;2&quot;:0,&quot;5&quot;:{&quot;1&quot;:0}},{&quot;1&quot;:0,&quot;2&quot;:0,&quot;3&quot;:3},{&quot;1&quot;:1,&quot;2&quot;:0,&quot;4&quot;:1}]},&quot;8&quot;:{&quot;1&quot;:[{&quot;1&quot;:2,&quot;2&quot;:0,&quot;5&quot;:{&quot;1&quot;:0}},{&quot;1&quot;:0,&quot;2&quot;:0,&quot;3&quot;:3},{&quot;1&quot;:1,&quot;2&quot;:0,&quot;4&quot;:1}]},&quot;15&quot;:&quot;Calibri&quot;,&quot;16&quot;:14}\">Medugorje Prayer Manual.<\/span><\/p>\n<p>Dear readers, if you want to be closer to Jesus Christ and have greater intimacy with him, who is the best of our friends, I suggest you stop on your way and reflect with the help of this manual. In the first instance, it will teach them in a simple way to love God and their neighbor, since without this love no prayer can bear fruit.<\/p>\n<p style=\"text-align: right;\"><em>Father Slavko Barbar\u00edc, OFM<\/em><\/p>\n<p style=\"text-align: right;\"><em>Information Center \u201cMIR\u201d Medugorje<\/em><\/p>","protected":false},"excerpt":{"rendered":"<p>FRUIT: Pray with, for and through the Queen of peace. Medugorje Prayer Manual.<\/p>","protected":false},"featured_media":1860,"comment_status":"open","ping_status":"closed","template":"","meta":[],"product_brand":[],"product_cat":[439,435,449,447,549,551,528,193],"product_tag":[111,256,255],"class_list":{"0":"post-1859","1":"product","2":"type-product","3":"status-publish","4":"has-post-thumbnail","6":"product_cat-1-libros","7":"product_cat-1a-maria","8":"product_cat-3-libros","9":"product_cat-3c-jesus","10":"product_cat-biblias-y-libros","11":"product_cat-bl-sancta-maria","12":"product_cat-maria-promo-de-mayo","13":"product_cat-p-slavko-barbaric-o-f-m","14":"product_tag-editorial-informativni-center-mir-medugorje","15":"product_tag-o-f-m","16":"product_tag-p-slavko-barbaric","18":"first","19":"instock","20":"shipping-taxable","21":"purchasable","22":"product-type-simple","23":"thumb-has-effect","24":"prod-rating-on","25":"prod-has-rating"},"jetpack_sharing_enabled":true,"_links":{"self":[{"href":"https:\/\/cordibus.net\/en\/wp-json\/wp\/v2\/product\/1859","targetHints":{"allow":["GET"]}}],"collection":[{"href":"https:\/\/cordibus.net\/en\/wp-json\/wp\/v2\/product"}],"about":[{"href":"https:\/\/cordibus.net\/en\/wp-json\/wp\/v2\/types\/product"}],"replies":[{"embeddable":true,"href":"https:\/\/cordibus.net\/en\/wp-json\/wp\/v2\/comments?post=1859"}],"wp:featuredmedia":[{"embeddable":true,"href":"https:\/\/cordibus.net\/en\/wp-json\/wp\/v2\/media\/1860"}],"wp:attachment":[{"href":"https:\/\/cordibus.net\/en\/wp-json\/wp\/v2\/media?parent=1859"}],"wp:term":[{"taxonomy":"product_brand","embeddable":true,"href":"https:\/\/cordibus.net\/en\/wp-json\/wp\/v2\/product_brand?post=1859"},{"taxonomy":"product_cat","embeddable":true,"href":"https:\/\/cordibus.net\/en\/wp-json\/wp\/v2\/product_cat?post=1859"},{"taxonomy":"product_tag","embeddable":true,"href":"https:\/\/cordibus.net\/en\/wp-json\/wp\/v2\/product_tag?post=1859"}],"curies":[{"name":"wp","href":"https:\/\/api.w.org\/{rel}","templated":true}]}}