{"id":1849,"date":"2021-07-15T19:20:01","date_gmt":"2021-07-16T00:20:01","guid":{"rendered":"https:\/\/cordibus.net\/?post_type=product&#038;p=1849"},"modified":"2024-02-02T18:05:02","modified_gmt":"2024-02-03T00:05:02","slug":"dame-tu-corazon-herido-el-secreto-de-la-confeccionpor-quecomo","status":"publish","type":"product","link":"https:\/\/cordibus.net\/en\/product\/dame-tu-corazon-herido-el-secreto-de-la-confeccionpor-quecomo\/","title":{"rendered":"\u201cGive me your wounded heart. The sacrament of confession: Why? How?\u201d"},"content":{"rendered":"<p><span data-sheets-value=\"{&quot;1&quot;:2,&quot;2&quot;:&quot;\\&quot;Durante la oraci\u00f3n se me present\u00f3 tres veces la imagen de una flor. La primera vez que era maravilloso, fragantes, llena de color.\u00a1Y yo me sent\u00ed muy feliz! Despu\u00e9s he visto la misma flor cerrada, marchita, hab\u00eda perdido completamente su belleza.\u00a1Como me entristec\u00ed! Pero, de pronto, una gota de agua cay\u00f3 sobre la flor marchita,\u00a1Y s\u00fabitamente recuper\u00f3 toda su fragancia y belleza!.&quot;}\" data-sheets-userformat=\"{&quot;2&quot;:14399,&quot;3&quot;:{&quot;1&quot;:0,&quot;3&quot;:1},&quot;4&quot;:[null,2,16709859],&quot;5&quot;:{&quot;1&quot;:[{&quot;1&quot;:2,&quot;2&quot;:0,&quot;5&quot;:{&quot;1&quot;:0}},{&quot;1&quot;:0,&quot;2&quot;:0,&quot;3&quot;:3},{&quot;1&quot;:1,&quot;2&quot;:0,&quot;4&quot;:1}]},&quot;6&quot;:{&quot;1&quot;:[{&quot;1&quot;:2,&quot;2&quot;:0,&quot;5&quot;:{&quot;1&quot;:0}},{&quot;1&quot;:0,&quot;2&quot;:0,&quot;3&quot;:3},{&quot;1&quot;:1,&quot;2&quot;:0,&quot;4&quot;:1}]},&quot;7&quot;:{&quot;1&quot;:[{&quot;1&quot;:2,&quot;2&quot;:0,&quot;5&quot;:{&quot;1&quot;:0}},{&quot;1&quot;:0,&quot;2&quot;:0,&quot;3&quot;:3},{&quot;1&quot;:1,&quot;2&quot;:0,&quot;4&quot;:1}]},&quot;8&quot;:{&quot;1&quot;:[{&quot;1&quot;:2,&quot;2&quot;:0,&quot;5&quot;:{&quot;1&quot;:0}},{&quot;1&quot;:0,&quot;2&quot;:0,&quot;3&quot;:3},{&quot;1&quot;:1,&quot;2&quot;:0,&quot;4&quot;:1}]},&quot;14&quot;:{&quot;1&quot;:3,&quot;3&quot;:1},&quot;15&quot;:&quot;Calibri&quot;,&quot;16&quot;:14}\">\u201cDuring the prayer the image of a flower was presented to me three times. The first time it was wonderful, fragrant, full of color. And I felt very happy! Later I saw the same flower closed, withered, it had completely lost its beauty. How sad I was! But, suddenly, a drop of water fell on the withered flower, and suddenly it recovered all its fragrance and beauty!<\/span><\/p>\n<p style=\"text-align: right;\"><em>Father Slavko Barbar\u00edc, OFM<\/em><\/p>\n<p style=\"text-align: right;\"><em>Information Center \u201cMIR\u201d Medugorje<\/em><\/p>","protected":false},"excerpt":{"rendered":"<p>FRUIT: Reconciliation. After his resurrection, Jesus told his apostles: \u201cReceive the Holy Spirit. If you forgive the sins of any, they are forgiven them; if you retain the sins of any, they are retained\u201d (John 20:22-23). The apostles were the first bishops; their successors, the bishops and priests of today, carry out\u2026<\/p>","protected":false},"featured_media":1850,"comment_status":"open","ping_status":"closed","template":"","meta":[],"product_brand":[],"product_cat":[439,435,449,447,549,550,193],"product_tag":[111,256,255],"class_list":{"0":"post-1849","1":"product","2":"type-product","3":"status-publish","4":"has-post-thumbnail","6":"product_cat-1-libros","7":"product_cat-1a-maria","8":"product_cat-3-libros","9":"product_cat-3c-jesus","10":"product_cat-biblias-y-libros","11":"product_cat-bl-iesus-christus","12":"product_cat-p-slavko-barbaric-o-f-m","13":"product_tag-editorial-informativni-center-mir-medugorje","14":"product_tag-o-f-m","15":"product_tag-p-slavko-barbaric","17":"first","18":"instock","19":"shipping-taxable","20":"purchasable","21":"product-type-simple","22":"thumb-has-effect","23":"prod-rating-on","24":"prod-has-rating"},"jetpack_sharing_enabled":true,"_links":{"self":[{"href":"https:\/\/cordibus.net\/en\/wp-json\/wp\/v2\/product\/1849","targetHints":{"allow":["GET"]}}],"collection":[{"href":"https:\/\/cordibus.net\/en\/wp-json\/wp\/v2\/product"}],"about":[{"href":"https:\/\/cordibus.net\/en\/wp-json\/wp\/v2\/types\/product"}],"replies":[{"embeddable":true,"href":"https:\/\/cordibus.net\/en\/wp-json\/wp\/v2\/comments?post=1849"}],"wp:featuredmedia":[{"embeddable":true,"href":"https:\/\/cordibus.net\/en\/wp-json\/wp\/v2\/media\/1850"}],"wp:attachment":[{"href":"https:\/\/cordibus.net\/en\/wp-json\/wp\/v2\/media?parent=1849"}],"wp:term":[{"taxonomy":"product_brand","embeddable":true,"href":"https:\/\/cordibus.net\/en\/wp-json\/wp\/v2\/product_brand?post=1849"},{"taxonomy":"product_cat","embeddable":true,"href":"https:\/\/cordibus.net\/en\/wp-json\/wp\/v2\/product_cat?post=1849"},{"taxonomy":"product_tag","embeddable":true,"href":"https:\/\/cordibus.net\/en\/wp-json\/wp\/v2\/product_tag?post=1849"}],"curies":[{"name":"wp","href":"https:\/\/api.w.org\/{rel}","templated":true}]}}