{"id":1839,"date":"2021-07-15T18:17:29","date_gmt":"2021-07-15T23:17:29","guid":{"rendered":"https:\/\/cordibus.net\/?post_type=product&#038;p=1839"},"modified":"2025-01-30T18:01:21","modified_gmt":"2025-01-31T00:01:21","slug":"rosario-con-nuestra-senora-de-la-medalla-milagrosa-pidiendo-que-derrame-las-gracias-de-dios","status":"publish","type":"product","link":"https:\/\/cordibus.net\/en\/product\/rosario-con-nuestra-senora-de-la-medalla-milagrosa-pidiendo-que-derrame-las-gracias-de-dios\/","title":{"rendered":"\u201cRosary with Our Lady of the Miraculous Medal. \u201cAsking to pour out the graces of God\u201d"},"content":{"rendered":"<p><span data-sheets-value=\"{&quot;1&quot;:2,&quot;2&quot;:&quot;A lo largo de este rosario, meditaremos con cada avemar\u00eda lo que nos cuenta Santa Catalina Labour\u00e9 sobre las tres apariciones de la virgen Mar\u00eda en la que le recomend\u00f3 la confecci\u00f3n de la medalla Milagrosa. Seremos invitados, por medio de nuestra oraci\u00f3n, hacer intercesores ante Dios, para que las gracias prometidas por nuestra madre se infundan en aquellos que m\u00e1s lo necesitan&quot;}\" data-sheets-userformat=\"{&quot;2&quot;:33569281,&quot;3&quot;:{&quot;1&quot;:0},&quot;12&quot;:0,&quot;14&quot;:{&quot;1&quot;:3,&quot;3&quot;:1},&quot;15&quot;:&quot;Calibri&quot;,&quot;16&quot;:14,&quot;28&quot;:1}\">Throughout this rosary, we will meditate with each Hail Mary what Saint Catherine Labour\u00e9 tells us about the three apparitions of the Virgin Mary in which she recommended the making of the Miraculous medal. We will be invited, through our prayer, to become intercessors before God, so that the graces promised by our mother are infused into those who need it most.<\/span><\/p>\n<p style=\"text-align: right;\"><em>Fr. Gustavo E. Jamut, omv.<\/em><\/p>\n<p style=\"text-align: right;\"><em>Claretian Publishing House<\/em><\/p>","protected":false},"excerpt":{"rendered":"<p>FRUIT: Veneration of Our Miraculous Mother Throughout this rosary, we will meditate with each Hail Mary what Saint Catherine Labour\u00e9 tells us about the three apparitions of the Virgin Mary in which she recommended the making of the Miraculous medal.<\/p>","protected":false},"featured_media":1840,"comment_status":"open","ping_status":"closed","template":"","meta":[],"product_brand":[],"product_cat":[439,435,549,551,186],"product_tag":[84,236,237,243],"class_list":{"0":"post-1839","1":"product","2":"type-product","3":"status-publish","4":"has-post-thumbnail","6":"product_cat-1-libros","7":"product_cat-1a-maria","8":"product_cat-biblias-y-libros","9":"product_cat-bl-sancta-maria","10":"product_cat-gustavo-e-jamut-omv","11":"product_tag-editorial","12":"product_tag-gustavo-e-jamut","13":"product_tag-omv","14":"product_tag-p-gustavo-e-jamut","16":"first","17":"instock","18":"shipping-taxable","19":"purchasable","20":"product-type-simple","21":"thumb-has-effect","22":"prod-rating-on","23":"prod-has-rating"},"jetpack_sharing_enabled":true,"_links":{"self":[{"href":"https:\/\/cordibus.net\/en\/wp-json\/wp\/v2\/product\/1839","targetHints":{"allow":["GET"]}}],"collection":[{"href":"https:\/\/cordibus.net\/en\/wp-json\/wp\/v2\/product"}],"about":[{"href":"https:\/\/cordibus.net\/en\/wp-json\/wp\/v2\/types\/product"}],"replies":[{"embeddable":true,"href":"https:\/\/cordibus.net\/en\/wp-json\/wp\/v2\/comments?post=1839"}],"wp:featuredmedia":[{"embeddable":true,"href":"https:\/\/cordibus.net\/en\/wp-json\/wp\/v2\/media\/1840"}],"wp:attachment":[{"href":"https:\/\/cordibus.net\/en\/wp-json\/wp\/v2\/media?parent=1839"}],"wp:term":[{"taxonomy":"product_brand","embeddable":true,"href":"https:\/\/cordibus.net\/en\/wp-json\/wp\/v2\/product_brand?post=1839"},{"taxonomy":"product_cat","embeddable":true,"href":"https:\/\/cordibus.net\/en\/wp-json\/wp\/v2\/product_cat?post=1839"},{"taxonomy":"product_tag","embeddable":true,"href":"https:\/\/cordibus.net\/en\/wp-json\/wp\/v2\/product_tag?post=1839"}],"curies":[{"name":"wp","href":"https:\/\/api.w.org\/{rel}","templated":true}]}}