{"id":1834,"date":"2021-07-15T18:13:31","date_gmt":"2021-07-15T23:13:31","guid":{"rendered":"https:\/\/cordibus.net\/?post_type=product&#038;p=1834"},"modified":"2025-09-14T12:44:45","modified_gmt":"2025-09-14T17:44:45","slug":"rosario-con-nuestra-senora-de-guadalupe-pidiendo-la-intercesion-de-la-morenita","status":"publish","type":"product","link":"https:\/\/cordibus.net\/en\/product\/rosario-con-nuestra-senora-de-guadalupe-pidiendo-la-intercesion-de-la-morenita\/","title":{"rendered":"\u201cRosary with Our Lady of Guadalupe. \u201cAsking for the intercession of La Morenita\u201d"},"content":{"rendered":"<p><span data-sheets-value=\"{&quot;1&quot;:2,&quot;2&quot;:&quot;A lo largo de este rosario medicado, el padre Jamut nos ayuda a interiorizarnos en la hermosa historia de la aparici\u00f3n de la virgen de Guadalupe en el cerro Tepeyac. Nos invita a entrar en di\u00e1logo con Mar\u00eda desde la ternura filial, desde la confianza de sabernos hijos amados, hablando con ella como lo hac\u00eda a Juan Diego y escuchando sus palabras:\\&quot;\u00bfQu\u00e9 temes?\u00bfAcaso no estoy yo aqu\u00ed, que soy tu madre?\\&quot;.&quot;}\" data-sheets-userformat=\"{&quot;2&quot;:33569281,&quot;3&quot;:{&quot;1&quot;:0},&quot;12&quot;:0,&quot;14&quot;:{&quot;1&quot;:3,&quot;3&quot;:1},&quot;15&quot;:&quot;Calibri&quot;,&quot;16&quot;:14,&quot;28&quot;:1}\">Throughout this meditated rosary, Father Jamut helps us delve deeper into the beautiful story of the appearance of the Virgin of Guadalupe on Tepeyac Hill. She invites us to enter into dialogue with Mary from filial tenderness, from the confidence of knowing that we are beloved children, speaking with her as she did to Juan Diego and listening to her words: \u201cWhat are you afraid of? Am I not here, since I am your mother?&quot;.<\/span><\/p>\n<p style=\"text-align: right;\"><em>Fr. Gustavo E. Jamut, omv.<\/em><\/p>\n<p style=\"text-align: right;\"><em>Claretian Publishing House<\/em><\/p>","protected":false},"excerpt":{"rendered":"<p>FRUIT: Intercession, Veneration of Our Mother of Guadalupe. Throughout this meditated rosary, Father Jamut helps us delve deeper into the beautiful story of the appearance of the Virgin of Guadalupe on Tepeyac Hill.<\/p>","protected":false},"featured_media":1835,"comment_status":"open","ping_status":"closed","template":"","meta":[],"product_brand":[],"product_cat":[439,435,549,551,186],"product_tag":[84,237,243],"class_list":{"0":"post-1834","1":"product","2":"type-product","3":"status-publish","4":"has-post-thumbnail","6":"product_cat-1-libros","7":"product_cat-1a-maria","8":"product_cat-biblias-y-libros","9":"product_cat-bl-sancta-maria","10":"product_cat-gustavo-e-jamut-omv","11":"product_tag-editorial","12":"product_tag-omv","13":"product_tag-p-gustavo-e-jamut","15":"first","16":"instock","17":"shipping-taxable","18":"purchasable","19":"product-type-simple","20":"thumb-has-effect","21":"prod-rating-on","22":"prod-has-rating"},"jetpack_sharing_enabled":true,"_links":{"self":[{"href":"https:\/\/cordibus.net\/en\/wp-json\/wp\/v2\/product\/1834","targetHints":{"allow":["GET"]}}],"collection":[{"href":"https:\/\/cordibus.net\/en\/wp-json\/wp\/v2\/product"}],"about":[{"href":"https:\/\/cordibus.net\/en\/wp-json\/wp\/v2\/types\/product"}],"replies":[{"embeddable":true,"href":"https:\/\/cordibus.net\/en\/wp-json\/wp\/v2\/comments?post=1834"}],"wp:featuredmedia":[{"embeddable":true,"href":"https:\/\/cordibus.net\/en\/wp-json\/wp\/v2\/media\/1835"}],"wp:attachment":[{"href":"https:\/\/cordibus.net\/en\/wp-json\/wp\/v2\/media?parent=1834"}],"wp:term":[{"taxonomy":"product_brand","embeddable":true,"href":"https:\/\/cordibus.net\/en\/wp-json\/wp\/v2\/product_brand?post=1834"},{"taxonomy":"product_cat","embeddable":true,"href":"https:\/\/cordibus.net\/en\/wp-json\/wp\/v2\/product_cat?post=1834"},{"taxonomy":"product_tag","embeddable":true,"href":"https:\/\/cordibus.net\/en\/wp-json\/wp\/v2\/product_tag?post=1834"}],"curies":[{"name":"wp","href":"https:\/\/api.w.org\/{rel}","templated":true}]}}