{"id":1829,"date":"2021-07-15T18:09:33","date_gmt":"2021-07-15T23:09:33","guid":{"rendered":"https:\/\/cordibus.net\/?post_type=product&#038;p=1829"},"modified":"2026-01-03T20:14:11","modified_gmt":"2026-01-04T02:14:11","slug":"rosario-con-nuestra-senora-de-fatima","status":"publish","type":"product","link":"https:\/\/cordibus.net\/en\/product\/rosario-con-nuestra-senora-de-fatima\/","title":{"rendered":"Rosary with our Lady of Fatima"},"content":{"rendered":"<p><span data-sheets-value=\"{&quot;1&quot;:2,&quot;2&quot;:&quot;En este rosario, el padre Jamut nos invitaba Laura acci\u00f3n personal y comunitaria, acompa\u00f1ando las apariciones de Nuestra Se\u00f1ora de F\u00e1tima a los tres pastorsitos y meditando fragmentos de sus mensajes. Al recordarlo, nos proponemos hacer nuestra propia peregrinaci\u00f3n espiritual, dej\u00e1ndonos a abrazar por la virgen sant\u00edsima, para as\u00ed tambi\u00e9n abrazar a nuestros hermanos, en especial a aquellos que Dios ha a puesto a nuestro lado.&quot;}\" data-sheets-userformat=\"{&quot;2&quot;:33569281,&quot;3&quot;:{&quot;1&quot;:0},&quot;12&quot;:0,&quot;14&quot;:{&quot;1&quot;:3,&quot;3&quot;:1},&quot;15&quot;:&quot;Calibri&quot;,&quot;16&quot;:14,&quot;28&quot;:1}\">In this rosary, Father Jamut invited us to personal and community prayer, accompanying the apparitions of Our Lady of Fatima to the three little shepherds and meditating on fragments of her messages. Remembering this, we propose to make our own spiritual pilgrimage, allowing ourselves to be embraced by the Holy Virgin, in order to also embrace our brothers, especially those that God has placed at our side.<\/span><\/p>\n<p style=\"text-align: right;\"><em>Fr. Gustavo E. Jamut, omv.<\/em><\/p>\n<p style=\"text-align: right;\"><em>Claretian Publishing House<\/em><\/p>","protected":false},"excerpt":{"rendered":"<p>FRUIT: Veneration of Our Lady of Fatima. In this rosary, Father Jamut invited us to personal and communal prayer, following the apparitions of Our Lady of Fatima to the three shepherd children and meditating on excerpts from their messages.<\/p>","protected":false},"featured_media":1830,"comment_status":"open","ping_status":"closed","template":"","meta":[],"product_brand":[],"product_cat":[439,435,549,551,186],"product_tag":[84,243],"class_list":{"0":"post-1829","1":"product","2":"type-product","3":"status-publish","4":"has-post-thumbnail","6":"product_cat-1-libros","7":"product_cat-1a-maria","8":"product_cat-biblias-y-libros","9":"product_cat-bl-sancta-maria","10":"product_cat-gustavo-e-jamut-omv","11":"product_tag-editorial","12":"product_tag-p-gustavo-e-jamut","14":"first","15":"instock","16":"shipping-taxable","17":"purchasable","18":"product-type-simple","19":"thumb-has-effect","20":"prod-rating-on","21":"prod-has-rating"},"jetpack_sharing_enabled":true,"_links":{"self":[{"href":"https:\/\/cordibus.net\/en\/wp-json\/wp\/v2\/product\/1829","targetHints":{"allow":["GET"]}}],"collection":[{"href":"https:\/\/cordibus.net\/en\/wp-json\/wp\/v2\/product"}],"about":[{"href":"https:\/\/cordibus.net\/en\/wp-json\/wp\/v2\/types\/product"}],"replies":[{"embeddable":true,"href":"https:\/\/cordibus.net\/en\/wp-json\/wp\/v2\/comments?post=1829"}],"wp:featuredmedia":[{"embeddable":true,"href":"https:\/\/cordibus.net\/en\/wp-json\/wp\/v2\/media\/1830"}],"wp:attachment":[{"href":"https:\/\/cordibus.net\/en\/wp-json\/wp\/v2\/media?parent=1829"}],"wp:term":[{"taxonomy":"product_brand","embeddable":true,"href":"https:\/\/cordibus.net\/en\/wp-json\/wp\/v2\/product_brand?post=1829"},{"taxonomy":"product_cat","embeddable":true,"href":"https:\/\/cordibus.net\/en\/wp-json\/wp\/v2\/product_cat?post=1829"},{"taxonomy":"product_tag","embeddable":true,"href":"https:\/\/cordibus.net\/en\/wp-json\/wp\/v2\/product_tag?post=1829"}],"curies":[{"name":"wp","href":"https:\/\/api.w.org\/{rel}","templated":true}]}}