{"id":1822,"date":"2021-07-14T19:41:52","date_gmt":"2021-07-15T00:41:52","guid":{"rendered":"https:\/\/cordibus.net\/?post_type=product&#038;p=1822"},"modified":"2023-08-24T21:59:14","modified_gmt":"2023-08-25T02:59:14","slug":"novena-a-la-madre-teresa-de-calcuta","status":"publish","type":"product","link":"https:\/\/cordibus.net\/en\/product\/novena-a-la-madre-teresa-de-calcuta\/","title":{"rendered":"Novena to Mother Teresa of Calcutta"},"content":{"rendered":"<p><span data-sheets-value=\"{&quot;1&quot;:2,&quot;2&quot;:&quot;Pocas personas han despertado una adhesi\u00f3n tan universal como la madre Teresa de Calcuta, manifestada incluso fuera de las fronteras de la iglesia. Hombres y mujeres de todo el mundo se sienten conmovidos por la figura de esta religiosa que no hizo otra cosa que vivir con sencillez y decisi\u00f3n las ense\u00f1anzas de Jes\u00fas. Ocurre que encontramos en ella un testimonio vivo del Evangelio.\\n\\nLa propuesta de esta novena es adentrarnos en las claves de la espiritualidad de la madre Teresa. Y como la fuerza de su palabra se fundamenta en la evidencia de sus obras, nos abrimos de coraz\u00f3n para escucharla y nutrirnos de su riqueza interior.&quot;}\" data-sheets-userformat=\"{&quot;2&quot;:33569281,&quot;3&quot;:{&quot;1&quot;:0},&quot;12&quot;:0,&quot;14&quot;:{&quot;1&quot;:3,&quot;3&quot;:1},&quot;15&quot;:&quot;Calibri&quot;,&quot;16&quot;:14,&quot;28&quot;:1}\">Few people have aroused such universal support as Mother Teresa of Calcutta, manifested even outside the borders of the church. Men and women from all over the world feel moved by the figure of this nun who did nothing but live the teachings of Jesus with simplicity and determination. It happens that we find in it a living testimony of the Gospel.<\/span><\/p>\n<p>The proposal of this novena is to delve into the keys to the spirituality of Mother Teresa. And since the strength of his word is based on the evidence of his works, we open our hearts to listen to it and nourish ourselves with its inner richness.<\/p>\n<p style=\"text-align: right;\"><em>Editorial team<\/em><\/p>\n<p style=\"text-align: right;\"><em>Claretian publishing house<\/em><\/p>","protected":false},"excerpt":{"rendered":"<p>FRUIT: Inner wealth. \u201cI alone cannot change the world, but I can throw a stone through water to create many ripples.\u201d Mother Teresa of Calcutta<\/p>","protected":false},"featured_media":1823,"comment_status":"open","ping_status":"closed","template":"","meta":[],"product_brand":[],"product_cat":[444,441],"product_tag":[84,254],"class_list":{"0":"post-1822","1":"product","2":"type-product","3":"status-publish","4":"has-post-thumbnail","6":"product_cat-2-libros","7":"product_cat-2b-jose","8":"product_tag-editorial","9":"product_tag-equipo-editorial","11":"first","12":"instock","13":"shipping-taxable","14":"purchasable","15":"product-type-simple","16":"thumb-has-effect","17":"prod-rating-on","18":"prod-has-rating"},"jetpack_sharing_enabled":true,"_links":{"self":[{"href":"https:\/\/cordibus.net\/en\/wp-json\/wp\/v2\/product\/1822","targetHints":{"allow":["GET"]}}],"collection":[{"href":"https:\/\/cordibus.net\/en\/wp-json\/wp\/v2\/product"}],"about":[{"href":"https:\/\/cordibus.net\/en\/wp-json\/wp\/v2\/types\/product"}],"replies":[{"embeddable":true,"href":"https:\/\/cordibus.net\/en\/wp-json\/wp\/v2\/comments?post=1822"}],"wp:featuredmedia":[{"embeddable":true,"href":"https:\/\/cordibus.net\/en\/wp-json\/wp\/v2\/media\/1823"}],"wp:attachment":[{"href":"https:\/\/cordibus.net\/en\/wp-json\/wp\/v2\/media?parent=1822"}],"wp:term":[{"taxonomy":"product_brand","embeddable":true,"href":"https:\/\/cordibus.net\/en\/wp-json\/wp\/v2\/product_brand?post=1822"},{"taxonomy":"product_cat","embeddable":true,"href":"https:\/\/cordibus.net\/en\/wp-json\/wp\/v2\/product_cat?post=1822"},{"taxonomy":"product_tag","embeddable":true,"href":"https:\/\/cordibus.net\/en\/wp-json\/wp\/v2\/product_tag?post=1822"}],"curies":[{"name":"wp","href":"https:\/\/api.w.org\/{rel}","templated":true}]}}