{"id":1802,"date":"2021-07-14T19:26:30","date_gmt":"2021-07-15T00:26:30","guid":{"rendered":"https:\/\/cordibus.net\/?post_type=product&#038;p=1802"},"modified":"2026-03-14T17:12:01","modified_gmt":"2026-03-14T22:12:01","slug":"horas-de-reparacion","status":"publish","type":"product","link":"https:\/\/cordibus.net\/en\/product\/horas-de-reparacion\/","title":{"rendered":"Repair hours"},"content":{"rendered":"<p>FRUIT: Repair.<\/p>\n<p><span style=\"caret-color: #000000; color: #000000; font-style: normal; font-variant-caps: normal; font-weight: normal; letter-spacing: normal; orphans: auto; text-align: start; text-indent: 0px; text-transform: none; white-space: normal; widows: auto; word-spacing: 0px; -webkit-text-size-adjust: auto; -webkit-text-stroke-width: 0px; text-decoration: none; font-size: 14pt; font-family: Calibri, Arial;\" data-sheets-value=\"{&quot;1&quot;:2,&quot;2&quot;:&quot;\u00bfQu\u00e9 es Reparaci\u00f3n, seg\u00fan el Magisterio Pontificio?.\\nTodo cristiano cat\u00f3lico tiene el &lt;&lt; deber de tributar al sant\u00edsimo Coraz\u00f3n de Jes\u00fas aquella satisfacci\u00f3n honesta que llaman reparaci\u00f3n. {...} Compensar las injurias de alg\u00fan modo inferidas al amor increado, si fue desde\u00f1ado con el olvido o ultra bajado con la ofensa. A este deber llamamos vulgarmente reparaci\u00f3n &gt;&gt;.\\nEn este libro se ofrece el esquema para realizar las obras de reparaci\u00f3n, en las que cada d\u00eda podemos ofrecer una hora al Se\u00f1or en se\u00f1al de reparaci\u00f3n por nuestros pecados y los del mundo entero.\\n&quot;}\" data-sheets-userformat=\"{&quot;2&quot;:33569281,&quot;3&quot;:{&quot;1&quot;:0},&quot;12&quot;:0,&quot;14&quot;:{&quot;1&quot;:3,&quot;3&quot;:1},&quot;15&quot;:&quot;Calibri&quot;,&quot;16&quot;:14,&quot;28&quot;:1}\">What is Reparation, according to the Pontifical Magisterium? Every Catholic Christian has the &lt;&lt; duty to pay to the most holy Heart of Jesus that honest satisfaction that they call reparation. {\u2026} Compensate for the injuries in some way inflicted on uncreated love, if it was disdained with oblivion or ultra-lowered with offense. We commonly call this duty reparation &gt;&gt;. This book offers the scheme to carry out works of reparation, in which every day we can offer one hour to the Lord as a sign of reparation for our sins and those of the entire world. <\/span><\/p>\n<p style=\"text-align: right;\"><em>Hmno. Augustine of the Divine Heart<\/em><\/p>","protected":false},"excerpt":{"rendered":"<p>This book offers the scheme to carry out works of reparation, in which every day we can offer an hour to the Lord as a sign of reparation for our sins and those of the entire world.<\/p>","protected":false},"featured_media":1803,"comment_status":"open","ping_status":"closed","template":"","meta":[],"product_brand":[],"product_cat":[449,447,549,550,187],"product_tag":[91,253],"class_list":{"0":"post-1802","1":"product","2":"type-product","3":"status-publish","4":"has-post-thumbnail","6":"product_cat-3-libros","7":"product_cat-3c-jesus","8":"product_cat-biblias-y-libros","9":"product_cat-bl-iesus-christus","10":"product_cat-hmno-agustin-del-divino-corazon","11":"product_tag-hmno-agustin-del-divino-corazon","12":"product_tag-parangona-realitzacio-editorial","14":"first","15":"instock","16":"shipping-taxable","17":"purchasable","18":"product-type-simple","19":"thumb-has-effect","20":"prod-rating-on","21":"prod-has-rating"},"jetpack_sharing_enabled":true,"_links":{"self":[{"href":"https:\/\/cordibus.net\/en\/wp-json\/wp\/v2\/product\/1802","targetHints":{"allow":["GET"]}}],"collection":[{"href":"https:\/\/cordibus.net\/en\/wp-json\/wp\/v2\/product"}],"about":[{"href":"https:\/\/cordibus.net\/en\/wp-json\/wp\/v2\/types\/product"}],"replies":[{"embeddable":true,"href":"https:\/\/cordibus.net\/en\/wp-json\/wp\/v2\/comments?post=1802"}],"wp:featuredmedia":[{"embeddable":true,"href":"https:\/\/cordibus.net\/en\/wp-json\/wp\/v2\/media\/1803"}],"wp:attachment":[{"href":"https:\/\/cordibus.net\/en\/wp-json\/wp\/v2\/media?parent=1802"}],"wp:term":[{"taxonomy":"product_brand","embeddable":true,"href":"https:\/\/cordibus.net\/en\/wp-json\/wp\/v2\/product_brand?post=1802"},{"taxonomy":"product_cat","embeddable":true,"href":"https:\/\/cordibus.net\/en\/wp-json\/wp\/v2\/product_cat?post=1802"},{"taxonomy":"product_tag","embeddable":true,"href":"https:\/\/cordibus.net\/en\/wp-json\/wp\/v2\/product_tag?post=1802"}],"curies":[{"name":"wp","href":"https:\/\/api.w.org\/{rel}","templated":true}]}}