{"id":1797,"date":"2021-07-14T19:23:12","date_gmt":"2021-07-15T00:23:12","guid":{"rendered":"https:\/\/cordibus.net\/?post_type=product&#038;p=1797"},"modified":"2026-03-23T17:33:12","modified_gmt":"2026-03-23T22:33:12","slug":"consagracion-al-corazon-inmaculado-de-maria","status":"publish","type":"product","link":"https:\/\/cordibus.net\/en\/product\/consagracion-al-corazon-inmaculado-de-maria\/","title":{"rendered":"Consecration to the Immaculate Heart of Mary"},"content":{"rendered":"<p><span data-sheets-value=\"{&quot;1&quot;:2,&quot;2&quot;:&quot;Consagrarnos a Mar\u00eda es ofrecerle a ella voluntariamente todo nuestro ser, porque a trav\u00e9s de ella llegamos a Jes\u00fas. La sant\u00edsima virgen Mar\u00eda es la puerta del cielo siempre abierta. Al consagrarle nuestra vida nos comprometemos a imitar sus virtudes, a vivir el evangelio y a convertirnos de nuestros pecados; estamos seguros que contamos con su auxilio y protecci\u00f3n maternal para perseverar en el seguimiento a Jes\u00fas.\\n\\nEsta consagraci\u00f3n cuenta con una preparaci\u00f3n de 33 d\u00edas, y tiene los siguientes requisitos:.\\n1. Se realiza en una fiesta o conmemoraci\u00f3n de la Sant\u00edsima Virgen, y se comienza a 30 y tres d\u00edas antes de dicha fiesta.\\n2. La preparaci\u00f3n debe realizarse sin interrupci\u00f3n; en caso de interrumpirse deber\u00e1 escogerse otra fecha de consagraci\u00f3n e iniciar de nuevo el proceso.\\n3. Es preciso estar en gracia de Dios.\\n4. En la medida de nuestra capacidad, hay que asistir a la Santa Misa diariamente.&quot;}\" data-sheets-userformat=\"{&quot;2&quot;:33569281,&quot;3&quot;:{&quot;1&quot;:0},&quot;12&quot;:0,&quot;14&quot;:{&quot;1&quot;:3,&quot;3&quot;:1},&quot;15&quot;:&quot;Calibri&quot;,&quot;16&quot;:14,&quot;28&quot;:1}\">To consecrate ourselves to Mary is to voluntarily offer our entire being to her, because through her we come to Jesus. The holy virgin Mary is the door to heaven always open. By consecrating our lives to him we commit ourselves to imitate his virtues, to live the gospel and to convert from our sins; We are sure that we count on her maternal help and protection to persevere in following Jesus.<\/span><\/p>\n<p>This consecration has a preparation of 33 days, and has the following requirements:.<br \/>\n1. It is carried out on a feast or commemoration of the Blessed Virgin, and begins 30 and three days before said feast.<br \/>\n2. Preparation must be carried out without interruption; If it is interrupted, another consecration date must be chosen and the process started again.<br \/>\n3. It is necessary to be in the grace of God.<br \/>\n4. To the extent of our ability, we must attend Holy Mass daily.<\/p>\n<p style=\"text-align: right;\"><em>Hmno. Augustine of the Divine Heart<\/em><\/p>\n<p style=\"text-align: right;\"><em>Parangona Realitzaci\u00f3 Editorial, sl<\/em><\/p>","protected":false},"excerpt":{"rendered":"<p>FRUIT: Belonging to Mary. To consecrate ourselves to Mary is to voluntarily offer our entire being to her, because through her we come to Jesus.<\/p>","protected":false},"featured_media":1798,"comment_status":"open","ping_status":"closed","template":"","meta":[],"product_brand":[],"product_cat":[439,435,549,551,187,528],"product_tag":[91,253],"class_list":{"0":"post-1797","1":"product","2":"type-product","3":"status-publish","4":"has-post-thumbnail","6":"product_cat-1-libros","7":"product_cat-1a-maria","8":"product_cat-biblias-y-libros","9":"product_cat-bl-sancta-maria","10":"product_cat-hmno-agustin-del-divino-corazon","11":"product_cat-maria-promo-de-mayo","12":"product_tag-hmno-agustin-del-divino-corazon","13":"product_tag-parangona-realitzacio-editorial","15":"first","16":"instock","17":"shipping-taxable","18":"purchasable","19":"product-type-simple","20":"thumb-has-effect","21":"prod-rating-on","22":"prod-has-rating"},"jetpack_sharing_enabled":true,"_links":{"self":[{"href":"https:\/\/cordibus.net\/en\/wp-json\/wp\/v2\/product\/1797","targetHints":{"allow":["GET"]}}],"collection":[{"href":"https:\/\/cordibus.net\/en\/wp-json\/wp\/v2\/product"}],"about":[{"href":"https:\/\/cordibus.net\/en\/wp-json\/wp\/v2\/types\/product"}],"replies":[{"embeddable":true,"href":"https:\/\/cordibus.net\/en\/wp-json\/wp\/v2\/comments?post=1797"}],"wp:featuredmedia":[{"embeddable":true,"href":"https:\/\/cordibus.net\/en\/wp-json\/wp\/v2\/media\/1798"}],"wp:attachment":[{"href":"https:\/\/cordibus.net\/en\/wp-json\/wp\/v2\/media?parent=1797"}],"wp:term":[{"taxonomy":"product_brand","embeddable":true,"href":"https:\/\/cordibus.net\/en\/wp-json\/wp\/v2\/product_brand?post=1797"},{"taxonomy":"product_cat","embeddable":true,"href":"https:\/\/cordibus.net\/en\/wp-json\/wp\/v2\/product_cat?post=1797"},{"taxonomy":"product_tag","embeddable":true,"href":"https:\/\/cordibus.net\/en\/wp-json\/wp\/v2\/product_tag?post=1797"}],"curies":[{"name":"wp","href":"https:\/\/api.w.org\/{rel}","templated":true}]}}