{"id":1793,"date":"2021-07-14T19:19:14","date_gmt":"2021-07-15T00:19:14","guid":{"rendered":"https:\/\/cordibus.net\/?post_type=product&#038;p=1793"},"modified":"2026-04-11T00:27:04","modified_gmt":"2026-04-11T05:27:04","slug":"cinco-primeros-sabados-del-mes","status":"publish","type":"product","link":"https:\/\/cordibus.net\/en\/product\/cinco-primeros-sabados-del-mes\/","title":{"rendered":"Five first Saturdays of the month"},"content":{"rendered":"<p><span data-sheets-value=\"{&quot;1&quot;:2,&quot;2&quot;:&quot;Cada primer s\u00e1bado de mes te pido preparar las blasfemias contra mi Inmaculado a Concepci\u00f3n, las blasfemias contra mi maternidad divina rehusando aceptarme como madre de los hombres, las blasfemias de los que infunden en los corazones de los ni\u00f1os la indiferencia y el desprecio hacia Mi, que soy madre inmaculado; las blasfemias de los que me ultrajan en mis sagradas im\u00e1genes.\\n\\nYo prometo asistir en la ahora de la muerte, con todas las gracias necesarias para su salvaci\u00f3n, a todos los que el primer s\u00e1bado de cinco meses consecutivos se confiesen, comulgen, recen el rosario y me hagan compa\u00f1\u00eda durante un cuarto de hora, meditando los misterios del Rosario con la intenci\u00f3n de ofrecer una to de reparaci\u00f3n; porque mi coraz\u00f3n inmaculado estar rodeado de espinas, por las blasfemias e ingratitud es de los hombres.\\n(petici\u00f3n de la Virgen de F\u00e1tima a sor Luc\u00eda, en Pontevedra)&quot;}\" data-sheets-userformat=\"{&quot;2&quot;:33569281,&quot;3&quot;:{&quot;1&quot;:0},&quot;12&quot;:0,&quot;14&quot;:{&quot;1&quot;:3,&quot;3&quot;:1},&quot;15&quot;:&quot;Calibri&quot;,&quot;16&quot;:14,&quot;28&quot;:1}\">Every first Saturday of the month I ask you to repair the blasphemies against my Immaculate Conception, the blasphemies against my divine motherhood by refusing to accept Me as the mother of men, the blasphemies of those who instill in the hearts of children indifference and contempt towards Me, who I am an immaculate mother; the blasphemies of those who insult me in my sacred images.<\/span><\/p>\n<p>I promise to assist in the moment of death, with all the graces necessary for their salvation, all those who on the first Saturday of five consecutive months confess, take communion, pray the rosary and keep me company for a quarter of an hour, meditating on the mysteries of the Rosary with the intention of offering an act of reparation; because my immaculate heart is surrounded by thorns, due to the blasphemies and ingratitude of men.<br \/>\n(request of the Virgin of F\u00e1tima to Sister Luc\u00eda, in Pontevedra).<\/p>\n<p style=\"text-align: right;\"><em>Hmno. Augustine of the Divine Heart<\/em><\/p>","protected":false},"excerpt":{"rendered":"<p>FRUIT: Repair. Every first Saturday of the month I ask you to repair the blasphemies against my Immaculate Conception, the blasphemies against my divine motherhood by refusing to accept Me as the mother of men, the blasphemies of those who instill in the hearts of children indifference and contempt towards Me, who am\u2026<\/p>","protected":false},"featured_media":1794,"comment_status":"open","ping_status":"closed","template":"","meta":[],"product_brand":[],"product_cat":[439,435,549,551,187],"product_tag":[91,94],"class_list":{"0":"post-1793","1":"product","2":"type-product","3":"status-publish","4":"has-post-thumbnail","6":"product_cat-1-libros","7":"product_cat-1a-maria","8":"product_cat-biblias-y-libros","9":"product_cat-bl-sancta-maria","10":"product_cat-hmno-agustin-del-divino-corazon","11":"product_tag-hmno-agustin-del-divino-corazon","12":"product_tag-sin-editorial","14":"first","15":"instock","16":"shipping-taxable","17":"purchasable","18":"product-type-simple","19":"thumb-has-effect","20":"prod-rating-on","21":"prod-has-rating"},"jetpack_sharing_enabled":true,"_links":{"self":[{"href":"https:\/\/cordibus.net\/en\/wp-json\/wp\/v2\/product\/1793","targetHints":{"allow":["GET"]}}],"collection":[{"href":"https:\/\/cordibus.net\/en\/wp-json\/wp\/v2\/product"}],"about":[{"href":"https:\/\/cordibus.net\/en\/wp-json\/wp\/v2\/types\/product"}],"replies":[{"embeddable":true,"href":"https:\/\/cordibus.net\/en\/wp-json\/wp\/v2\/comments?post=1793"}],"wp:featuredmedia":[{"embeddable":true,"href":"https:\/\/cordibus.net\/en\/wp-json\/wp\/v2\/media\/1794"}],"wp:attachment":[{"href":"https:\/\/cordibus.net\/en\/wp-json\/wp\/v2\/media?parent=1793"}],"wp:term":[{"taxonomy":"product_brand","embeddable":true,"href":"https:\/\/cordibus.net\/en\/wp-json\/wp\/v2\/product_brand?post=1793"},{"taxonomy":"product_cat","embeddable":true,"href":"https:\/\/cordibus.net\/en\/wp-json\/wp\/v2\/product_cat?post=1793"},{"taxonomy":"product_tag","embeddable":true,"href":"https:\/\/cordibus.net\/en\/wp-json\/wp\/v2\/product_tag?post=1793"}],"curies":[{"name":"wp","href":"https:\/\/api.w.org\/{rel}","templated":true}]}}