{"id":1788,"date":"2021-07-14T19:14:59","date_gmt":"2021-07-15T00:14:59","guid":{"rendered":"https:\/\/cordibus.net\/?post_type=product&#038;p=1788"},"modified":"2026-02-27T19:21:22","modified_gmt":"2026-02-28T01:21:22","slug":"apostoles-de-reparacion","status":"publish","type":"product","link":"https:\/\/cordibus.net\/en\/product\/apostoles-de-reparacion\/","title":{"rendered":"Repair Apostolate"},"content":{"rendered":"<p><span data-sheets-value=\"{&quot;1&quot;:2,&quot;2&quot;:&quot;Con los actos y las oraciones de reparaci\u00f3n se sanen las heridas infringidas a los Sagrados Corazones de Jes\u00fas y Mar\u00eda a causa de nuestros pecados. Se purifica y sana nuestra alma, y se traer la misericordia de Dios para nosotros, para nuestras familias y para la humanidad.\\n\\nEn estas meditaciones de reparaci\u00f3n escritas por el hermano Agust\u00edn del Divino Coraz\u00f3n, encontrar\u00e1 una herramienta sencilla y eficaz para poder hacer sus oraciones de reparaci\u00f3n, con detalles de los d\u00edas y horas precisos y forma de realizarlas: coronillas, Meditaciones, oraciones finales, etc.&quot;}\" data-sheets-userformat=\"{&quot;2&quot;:33569281,&quot;3&quot;:{&quot;1&quot;:0},&quot;12&quot;:0,&quot;14&quot;:{&quot;1&quot;:3,&quot;3&quot;:1},&quot;15&quot;:&quot;Calibri&quot;,&quot;16&quot;:14,&quot;28&quot;:1}\">With acts and prayers of reparation, the wounds inflicted on the Sacred Hearts of Jesus and Mary due to our sins are healed. Our soul is purified and healed, and God&#039;s mercy will be brought to us, to our families and to humanity.<\/span><\/p>\n<p>In these reparation meditations written by Brother Agust\u00edn del Divino Coraz\u00f3n, you will find a simple and effective tool to be able to make your reparation prayers, with details of the precise days and hours and how to perform them: chaplets, Meditations, final prayers, etc.<\/p>\n<p style=\"text-align: right;\"><em>Hmno. Augustine of the Divine Heart<\/em><\/p>\n<p style=\"text-align: right;\"><em>Parangona Realitzaci\u00f3 Editorial, sl<\/em><\/p>","protected":false},"excerpt":{"rendered":"<p>FRUIT: Repair. With acts and prayers of reparation, the wounds inflicted on the Sacred Hearts of Jesus and Mary due to our sins are healed.<\/p>","protected":false},"featured_media":1789,"comment_status":"open","ping_status":"closed","template":"","meta":[],"product_brand":[],"product_cat":[449,447,549,550,187],"product_tag":[91,253],"class_list":{"0":"post-1788","1":"product","2":"type-product","3":"status-publish","4":"has-post-thumbnail","6":"product_cat-3-libros","7":"product_cat-3c-jesus","8":"product_cat-biblias-y-libros","9":"product_cat-bl-iesus-christus","10":"product_cat-hmno-agustin-del-divino-corazon","11":"product_tag-hmno-agustin-del-divino-corazon","12":"product_tag-parangona-realitzacio-editorial","14":"first","15":"instock","16":"shipping-taxable","17":"purchasable","18":"product-type-simple","19":"thumb-has-effect","20":"prod-rating-on","21":"prod-has-rating"},"jetpack_sharing_enabled":true,"_links":{"self":[{"href":"https:\/\/cordibus.net\/en\/wp-json\/wp\/v2\/product\/1788","targetHints":{"allow":["GET"]}}],"collection":[{"href":"https:\/\/cordibus.net\/en\/wp-json\/wp\/v2\/product"}],"about":[{"href":"https:\/\/cordibus.net\/en\/wp-json\/wp\/v2\/types\/product"}],"replies":[{"embeddable":true,"href":"https:\/\/cordibus.net\/en\/wp-json\/wp\/v2\/comments?post=1788"}],"wp:featuredmedia":[{"embeddable":true,"href":"https:\/\/cordibus.net\/en\/wp-json\/wp\/v2\/media\/1789"}],"wp:attachment":[{"href":"https:\/\/cordibus.net\/en\/wp-json\/wp\/v2\/media?parent=1788"}],"wp:term":[{"taxonomy":"product_brand","embeddable":true,"href":"https:\/\/cordibus.net\/en\/wp-json\/wp\/v2\/product_brand?post=1788"},{"taxonomy":"product_cat","embeddable":true,"href":"https:\/\/cordibus.net\/en\/wp-json\/wp\/v2\/product_cat?post=1788"},{"taxonomy":"product_tag","embeddable":true,"href":"https:\/\/cordibus.net\/en\/wp-json\/wp\/v2\/product_tag?post=1788"}],"curies":[{"name":"wp","href":"https:\/\/api.w.org\/{rel}","templated":true}]}}