{"id":1778,"date":"2021-07-13T19:22:51","date_gmt":"2021-07-14T00:22:51","guid":{"rendered":"https:\/\/cordibus.net\/?post_type=product&#038;p=1778"},"modified":"2026-03-13T04:55:06","modified_gmt":"2026-03-13T09:55:06","slug":"novena-biblica-de-la-misericordia-para-obtener-sanacion-paz-y-serenidad-espiritual","status":"publish","type":"product","link":"https:\/\/cordibus.net\/en\/product\/novena-biblica-de-la-misericordia-para-obtener-sanacion-paz-y-serenidad-espiritual\/","title":{"rendered":"\u201cBiblical Novena of Mercy. To obtain healing, peace and spiritual serenity\u201d"},"content":{"rendered":"<p><span data-sheets-value=\"{&quot;1&quot;:2,&quot;2&quot;:&quot;Los cat\u00f3lico profesa mos la fe en un Dios misericordioso y esa misericordia se expresa en perd\u00f3n y sanaci\u00f3n. Hacer esta novena implica llenarse de perd\u00f3n para poder sanar las dolencias del alma y el cuerpo; igualmente, implica compadecerse del otro y ayudarlo en sus miserias y dificultades. Oremos pues confiadamente al padre misericordioso para que act\u00fae en nosotros y nos prepare para recibir todas sus gracias.&quot;}\" data-sheets-userformat=\"{&quot;2&quot;:33568769,&quot;3&quot;:{&quot;1&quot;:0,&quot;3&quot;:1},&quot;14&quot;:{&quot;1&quot;:3,&quot;3&quot;:1},&quot;15&quot;:&quot;Calibri&quot;,&quot;16&quot;:14,&quot;28&quot;:1}\">We Catholics profess faith in a merciful God and that mercy is expressed in forgiveness and healing. Doing this novena implies filling oneself with forgiveness in order to heal the ailments of the soul and body; Likewise, it involves feeling sorry for others and helping them in their miseries and difficulties. Let us therefore pray confidently to the merciful father to act in us and prepare us to receive all his graces.<\/span><\/p>\n<p style=\"text-align: right;\"><em>Luis Daniel Londono Silva<\/em><\/p>\n<p style=\"text-align: right;\"><em>Saint Paul<\/em><\/p>","protected":false},"excerpt":{"rendered":"<p>FRUIT: Forgiveness, Healing. We Catholics profess faith in a merciful God and that mercy is expressed in forgiveness and healing.<\/p>","protected":false},"featured_media":1779,"comment_status":"open","ping_status":"closed","template":"","meta":[],"product_brand":[],"product_cat":[449,447,549,550],"product_tag":[89,158],"class_list":{"0":"post-1778","1":"product","2":"type-product","3":"status-publish","4":"has-post-thumbnail","6":"product_cat-3-libros","7":"product_cat-3c-jesus","8":"product_cat-biblias-y-libros","9":"product_cat-bl-iesus-christus","10":"product_tag-san-pablo","11":"product_tag-luis-daniel-londono-silva","13":"first","14":"instock","15":"shipping-taxable","16":"purchasable","17":"product-type-simple","18":"thumb-has-effect","19":"prod-rating-on","20":"prod-has-rating"},"jetpack_sharing_enabled":true,"_links":{"self":[{"href":"https:\/\/cordibus.net\/en\/wp-json\/wp\/v2\/product\/1778","targetHints":{"allow":["GET"]}}],"collection":[{"href":"https:\/\/cordibus.net\/en\/wp-json\/wp\/v2\/product"}],"about":[{"href":"https:\/\/cordibus.net\/en\/wp-json\/wp\/v2\/types\/product"}],"replies":[{"embeddable":true,"href":"https:\/\/cordibus.net\/en\/wp-json\/wp\/v2\/comments?post=1778"}],"wp:featuredmedia":[{"embeddable":true,"href":"https:\/\/cordibus.net\/en\/wp-json\/wp\/v2\/media\/1779"}],"wp:attachment":[{"href":"https:\/\/cordibus.net\/en\/wp-json\/wp\/v2\/media?parent=1778"}],"wp:term":[{"taxonomy":"product_brand","embeddable":true,"href":"https:\/\/cordibus.net\/en\/wp-json\/wp\/v2\/product_brand?post=1778"},{"taxonomy":"product_cat","embeddable":true,"href":"https:\/\/cordibus.net\/en\/wp-json\/wp\/v2\/product_cat?post=1778"},{"taxonomy":"product_tag","embeddable":true,"href":"https:\/\/cordibus.net\/en\/wp-json\/wp\/v2\/product_tag?post=1778"}],"curies":[{"name":"wp","href":"https:\/\/api.w.org\/{rel}","templated":true}]}}