{"id":1684,"date":"2021-07-12T19:47:45","date_gmt":"2021-07-13T00:47:45","guid":{"rendered":"https:\/\/cordibus.net\/?post_type=product&#038;p=1684"},"modified":"2026-02-01T08:22:24","modified_gmt":"2026-02-01T14:22:24","slug":"el-infierno-es-una-realidad-el-pecado-no-es-gratuito","status":"publish","type":"product","link":"https:\/\/cordibus.net\/en\/product\/el-infierno-es-una-realidad-el-pecado-no-es-gratuito\/","title":{"rendered":"\u201cHell is a reality. \u201cSin is not free.\u201d"},"content":{"rendered":"<p><span data-sheets-value=\"{&quot;1&quot;:2,&quot;2&quot;:&quot;Hoy se habla mucho de la misericordia de Dios y del infierno ya no se habla, Como si la misericordia hubiera anulado a la divina justicia pero, por desgracia, no es as\u00ed. Si alguien tiene dudas respecto del infierno debe leer el testimonio de Gloria Polo, una mujer colombiana que oma casi muerta por haber sido alcanzada por un rayo, experimento el juicio de Dios qu\u00e9 le mostr\u00f3 el lugar que le esperaba en el infierno, a pesar de que se consideraba una buena cristiana, te iba a misa todos los domingos.\\n\\nAqu\u00ed si estamos en s\u00edntesis el testimonio que dio en una iglesia en Caracas Venezuela. Se trata de un hecho realmente sucedi\u00f3, que hace reflexionar profundamente. En el curso de la historia, a menudo, dios ha concedido a m\u00edsticos y videntes ver el infierno (entre ellos los pastorcillo de F\u00e1tima, los videntes de Medjugorje, Sor Faustina Kowalska y muchos otros...)para recordarle al mundo que el pecado debe tener Como tr\u00e1gico ep\u00edlogo la condenaci\u00f3n eterna.&quot;}\" data-sheets-userformat=\"{&quot;2&quot;:33568769,&quot;3&quot;:{&quot;1&quot;:0,&quot;3&quot;:1},&quot;14&quot;:{&quot;1&quot;:3,&quot;3&quot;:1},&quot;15&quot;:&quot;Calibri&quot;,&quot;16&quot;:14,&quot;28&quot;:1}\">Today there is a lot of talk about God&#039;s mercy and hell is no longer talked about, as if mercy had annulled divine justice, but unfortunately, that is not the case. If anyone has doubts about hell, they should read the testimony of Gloria Polo, a Colombian woman who died after being struck by lightning. She experienced God&#039;s judgment, which showed her the place that awaited her in hell, even though she She considered herself a good Christian, and went to mass every Sunday.<\/span><\/p>\n<p>Here we summarize the testimony he gave in a church in Caracas, Venezuela. This is an event that really happened, which makes you reflect deeply. In the course of history, God has often granted mystics and seers to see hell (among them the shepherd boys of Fatima, the seers of Medjugorje, Sister Faustina Kowalska and many others...) to remind the world that sin must have as a tragic epilogue eternal damnation.<\/p>\n<p style=\"text-align: right;\"><em>Gloria Polo<\/em><\/p>","protected":false},"excerpt":{"rendered":"<p>Fruit: Reconciliation, Saving souls. Today there is a lot of talk about God&#039;s mercy and hell is no longer talked about, as if mercy had annulled divine justice but, unfortunately, that is not the case.<\/p>","protected":false},"featured_media":1685,"comment_status":"open","ping_status":"closed","template":"","meta":[],"product_brand":[],"product_cat":[449,447,549,550],"product_tag":[123,94],"class_list":{"0":"post-1684","1":"product","2":"type-product","3":"status-publish","4":"has-post-thumbnail","6":"product_cat-3-libros","7":"product_cat-3c-jesus","8":"product_cat-biblias-y-libros","9":"product_cat-bl-iesus-christus","10":"product_tag-gloria-polo","11":"product_tag-sin-editorial","13":"first","14":"instock","15":"shipping-taxable","16":"purchasable","17":"product-type-simple","18":"thumb-has-effect","19":"prod-rating-on","20":"prod-has-rating"},"jetpack_sharing_enabled":true,"_links":{"self":[{"href":"https:\/\/cordibus.net\/en\/wp-json\/wp\/v2\/product\/1684","targetHints":{"allow":["GET"]}}],"collection":[{"href":"https:\/\/cordibus.net\/en\/wp-json\/wp\/v2\/product"}],"about":[{"href":"https:\/\/cordibus.net\/en\/wp-json\/wp\/v2\/types\/product"}],"replies":[{"embeddable":true,"href":"https:\/\/cordibus.net\/en\/wp-json\/wp\/v2\/comments?post=1684"}],"wp:featuredmedia":[{"embeddable":true,"href":"https:\/\/cordibus.net\/en\/wp-json\/wp\/v2\/media\/1685"}],"wp:attachment":[{"href":"https:\/\/cordibus.net\/en\/wp-json\/wp\/v2\/media?parent=1684"}],"wp:term":[{"taxonomy":"product_brand","embeddable":true,"href":"https:\/\/cordibus.net\/en\/wp-json\/wp\/v2\/product_brand?post=1684"},{"taxonomy":"product_cat","embeddable":true,"href":"https:\/\/cordibus.net\/en\/wp-json\/wp\/v2\/product_cat?post=1684"},{"taxonomy":"product_tag","embeddable":true,"href":"https:\/\/cordibus.net\/en\/wp-json\/wp\/v2\/product_tag?post=1684"}],"curies":[{"name":"wp","href":"https:\/\/api.w.org\/{rel}","templated":true}]}}