{"id":1655,"date":"2021-07-11T19:50:21","date_gmt":"2021-07-12T00:50:21","guid":{"rendered":"https:\/\/cordibus.net\/?post_type=product&#038;p=1655"},"modified":"2026-01-03T20:15:30","modified_gmt":"2026-01-04T02:15:30","slug":"la-llave-del-sagrario-adentrandonos-en-el-corazon-de-cristo","status":"publish","type":"product","link":"https:\/\/cordibus.net\/en\/product\/la-llave-del-sagrario-adentrandonos-en-el-corazon-de-cristo\/","title":{"rendered":"\u201cThe key to the Tabernacle. Entering into the heart of Christ\u201d"},"content":{"rendered":"<p><span data-sheets-value=\"{&quot;1&quot;:2,&quot;2&quot;:&quot;El Sagrario constituye para el cristiano el verdadero cofre del tesoro, la Sagrada Eucarist\u00eda, Cristo mismo. La llave del Sagrario, por tanto, tiene dos cines muy significativos nos permite abrirlo y tener acceso a \u00c9l y, as\u00ed mismo, permites custodiarlo. S\u00ed, por una parte, esta imagen nos ayuda a recordar la necesidad de la intimidad con Cristo, de ese conocimiento personal propio de los amigos, de los hermanos, de los esposos; por otra, no recuerda la necesidad de custodiar el amor, porque de otro modo se desvanece, ya que hasta los lazos m\u00e1s fuertes se pueden romper. En la llave, veremos un signo de acceso y de custodia, dos actos necesarios para nuestra vida interior: adentrarnos en su coraz\u00f3n y custodiar nuestro amor personal a Cristo.\\n\\nAdro Mar\u00eda&quot;}\" data-sheets-userformat=\"{&quot;2&quot;:33568769,&quot;3&quot;:{&quot;1&quot;:0,&quot;3&quot;:1},&quot;14&quot;:{&quot;1&quot;:3,&quot;3&quot;:1},&quot;15&quot;:&quot;Calibri&quot;,&quot;16&quot;:14,&quot;28&quot;:1}\">The Tabernacle constitutes for the Christian the true treasure chest, the Holy Eucharist, Christ himself. The key to the Tabernacle, therefore, has two very significant purposes: it allows us to open it and have access to it and, likewise, it allows us to guard it. Yes, on the one hand, this image helps us remember the need for intimacy with Christ, for that personal knowledge typical of friends, brothers, spouses; On the other hand, it reminds us of the need to guard Love, because otherwise it fades, since even the strongest ties can be broken. In the key, we will see a sign of access and custody, two necessary acts for our interior life: entering into His heart and guarding our personal love for Christ.<\/span><\/p>\n<p>&nbsp;<\/p>\n<p style=\"text-align: right;\"><em>Adro Maria<\/em><\/p>\n<p style=\"text-align: right;\"><em>Sons of Medjugorje Association<\/em><\/p>","protected":false},"excerpt":{"rendered":"<p>FRUIT: Worship. The Tabernacle constitutes for the Christian the true treasure chest, the Holy Eucharist, Christ himself.<\/p>","protected":false},"featured_media":1656,"comment_status":"open","ping_status":"closed","template":"","meta":[],"product_brand":[],"product_cat":[449,447,549,550],"product_tag":[139,104],"class_list":{"0":"post-1655","1":"product","2":"type-product","3":"status-publish","4":"has-post-thumbnail","6":"product_cat-3-libros","7":"product_cat-3c-jesus","8":"product_cat-biblias-y-libros","9":"product_cat-bl-iesus-christus","10":"product_tag-adro-maria","11":"product_tag-editorial-asociacion-hijos-de-medjugorje","13":"first","14":"outofstock","15":"shipping-taxable","16":"purchasable","17":"product-type-simple","18":"thumb-has-effect","19":"prod-rating-on","20":"prod-has-rating"},"jetpack_sharing_enabled":true,"_links":{"self":[{"href":"https:\/\/cordibus.net\/en\/wp-json\/wp\/v2\/product\/1655","targetHints":{"allow":["GET"]}}],"collection":[{"href":"https:\/\/cordibus.net\/en\/wp-json\/wp\/v2\/product"}],"about":[{"href":"https:\/\/cordibus.net\/en\/wp-json\/wp\/v2\/types\/product"}],"replies":[{"embeddable":true,"href":"https:\/\/cordibus.net\/en\/wp-json\/wp\/v2\/comments?post=1655"}],"wp:featuredmedia":[{"embeddable":true,"href":"https:\/\/cordibus.net\/en\/wp-json\/wp\/v2\/media\/1656"}],"wp:attachment":[{"href":"https:\/\/cordibus.net\/en\/wp-json\/wp\/v2\/media?parent=1655"}],"wp:term":[{"taxonomy":"product_brand","embeddable":true,"href":"https:\/\/cordibus.net\/en\/wp-json\/wp\/v2\/product_brand?post=1655"},{"taxonomy":"product_cat","embeddable":true,"href":"https:\/\/cordibus.net\/en\/wp-json\/wp\/v2\/product_cat?post=1655"},{"taxonomy":"product_tag","embeddable":true,"href":"https:\/\/cordibus.net\/en\/wp-json\/wp\/v2\/product_tag?post=1655"}],"curies":[{"name":"wp","href":"https:\/\/api.w.org\/{rel}","templated":true}]}}