{"id":1637,"date":"2021-07-11T19:26:59","date_gmt":"2021-07-12T00:26:59","guid":{"rendered":"https:\/\/cordibus.net\/?post_type=product&#038;p=1637"},"modified":"2026-03-24T00:43:11","modified_gmt":"2026-03-24T05:43:11","slug":"por-que-arrodillarse","status":"publish","type":"product","link":"https:\/\/cordibus.net\/en\/product\/por-que-arrodillarse\/","title":{"rendered":"Why kneel?"},"content":{"rendered":"<p><span data-sheets-value=\"{&quot;1&quot;:2,&quot;2&quot;:&quot;El gesto de arrodillarse o postrarse ante la manifiesta presencia divina no es una cuesti\u00f3n menor. Al contrario, es fundamental para la fe, tanto que no tener gesto alguno s\u00f3lo puede ser interpretado como ignorancia de tal presencia, falta de fe o, peor a\u00fan, actitud de rebeld\u00eda. He este trabajo se pone en evidencia como a lo largo de toda la sagrada escritura, desde el G\u00e9nesis hasta el Apocalipsis, los textos b\u00edblicos demuestran que la adoraci\u00f3n vas siempre acompa\u00f1ada de gestos corporales.\\n\\nLa Iglesia debe recuperar los gestos de adoraci\u00f3n y volver a ponerse de rodillas ante Jes\u00fas en la Eucarist\u00eda.&quot;}\" data-sheets-userformat=\"{&quot;2&quot;:33568769,&quot;3&quot;:{&quot;1&quot;:0,&quot;3&quot;:1},&quot;14&quot;:{&quot;1&quot;:3,&quot;3&quot;:1},&quot;15&quot;:&quot;Helvetica Neue&quot;,&quot;16&quot;:14,&quot;28&quot;:1}\">The gesture of kneeling or prostrating before the Divine presence is not a minor matter. On the contrary, it is fundamental for faith, so much so that not having any gesture can only be interpreted as ignorance of such presence, lack of faith or, worse still, an attitude of rebellion. This work highlights how throughout all of sacred writing, from Genesis to Revelation, the biblical texts demonstrate that worship is always accompanied by bodily gestures.<\/span><\/p>\n<p style=\"text-align: right;\"><em>P. Pedro Jes\u00fas Mu\u00f1oz<\/em><\/p>\n<p style=\"text-align: right;\"><em>Parangona editorial realization, SL<\/em><\/p>","protected":false},"excerpt":{"rendered":"<p>FRUIT: Adoration, Repair. \u201cThe Church must recover the gestures of adoration and return to its knees before Jesus in the Eucharist.\u201d<\/p>","protected":false},"featured_media":1638,"comment_status":"open","ping_status":"closed","template":"","meta":[],"product_brand":[],"product_cat":[449,447,549,550],"product_tag":[166,245,246],"class_list":{"0":"post-1637","1":"product","2":"type-product","3":"status-publish","4":"has-post-thumbnail","6":"product_cat-3-libros","7":"product_cat-3c-jesus","8":"product_cat-biblias-y-libros","9":"product_cat-bl-iesus-christus","10":"product_tag-p-pedro-jesus-munoz","11":"product_tag-parangona-realizacio-editorial","12":"product_tag-s-l","14":"first","15":"instock","16":"shipping-taxable","17":"purchasable","18":"product-type-simple","19":"thumb-has-effect","20":"prod-rating-on","21":"prod-has-rating"},"jetpack_sharing_enabled":true,"_links":{"self":[{"href":"https:\/\/cordibus.net\/en\/wp-json\/wp\/v2\/product\/1637","targetHints":{"allow":["GET"]}}],"collection":[{"href":"https:\/\/cordibus.net\/en\/wp-json\/wp\/v2\/product"}],"about":[{"href":"https:\/\/cordibus.net\/en\/wp-json\/wp\/v2\/types\/product"}],"replies":[{"embeddable":true,"href":"https:\/\/cordibus.net\/en\/wp-json\/wp\/v2\/comments?post=1637"}],"wp:featuredmedia":[{"embeddable":true,"href":"https:\/\/cordibus.net\/en\/wp-json\/wp\/v2\/media\/1638"}],"wp:attachment":[{"href":"https:\/\/cordibus.net\/en\/wp-json\/wp\/v2\/media?parent=1637"}],"wp:term":[{"taxonomy":"product_brand","embeddable":true,"href":"https:\/\/cordibus.net\/en\/wp-json\/wp\/v2\/product_brand?post=1637"},{"taxonomy":"product_cat","embeddable":true,"href":"https:\/\/cordibus.net\/en\/wp-json\/wp\/v2\/product_cat?post=1637"},{"taxonomy":"product_tag","embeddable":true,"href":"https:\/\/cordibus.net\/en\/wp-json\/wp\/v2\/product_tag?post=1637"}],"curies":[{"name":"wp","href":"https:\/\/api.w.org\/{rel}","templated":true}]}}