{"id":6474,"date":"2023-05-31T22:46:45","date_gmt":"2023-06-01T03:46:45","guid":{"rendered":"https:\/\/cordibus.net\/?page_id=6474"},"modified":"2023-05-31T22:49:05","modified_gmt":"2023-06-01T03:49:05","slug":"maria-promocion-de-mayo","status":"publish","type":"page","link":"https:\/\/cordibus.net\/en\/maria-promocion-de-mayo\/","title":{"rendered":"Maria \u2013 May Class \u2013"},"content":{"rendered":"<div class=\"wpb-content-wrapper\"><div class=\"vc_row wpb_row vc_row-fluid la_fp_slide la_fp_child_section\"><div class=\"wpb_column vc_column_container vc_col-sm-12\"><div class=\"vc_column-inner\"><div class=\"wpb_wrapper\"><div id=\"product_category_69e1406f81c0e\" class=\"woocommerce products_scenario_product_category\"><div class=\"row\"><div class=\"col-xs-12\"><ul class=\"products grid-space-default grid-items xxl-block-grid-6 xl-block-grid-5 lg-block-grid-4 md-block-grid-3 sm-block-grid-2 block-grid-1 products-grid products-grid-1\"><li class=\"product_item grid-item product thumb-has-effect prod-rating-on prod-has-rating type-product post-1859 status-publish first instock product_cat-1-libros product_cat-1a-maria product_cat-3-libros product_cat-3c-jesus product_cat-biblias-y-libros product_cat-bl-sancta-maria product_cat-maria-promo-de-mayo product_cat-p-slavko-barbaric-o-f-m product_tag-editorial-informativni-center-mir-medugorje product_tag-o-f-m product_tag-p-slavko-barbaric has-post-thumbnail shipping-taxable purchasable product-type-simple\" data-width=\"1\" data-height=\"1\">\n\t\t<div class=\"product_item--inner\">\n\t\t<div class=\"product_item--thumbnail\">\n\t\t\t<div class=\"product_item--thumbnail-holder\">\n\t\t\t\t<a href=\"https:\/\/cordibus.net\/en\/product\/ora-con-el-corazon\/\" class=\"woocommerce-LoopProduct-link woocommerce-loop-product__link\"><img loading=\"lazy\" decoding=\"async\" width=\"500\" height=\"625\" src=\"https:\/\/i0.wp.com\/cordibus.net\/wp-content\/uploads\/2021\/07\/Ora-con-el-corazon%C2%A1-ORAIN20120156-p.jpg?resize=500%2C625&amp;ssl=1\" class=\"attachment-woocommerce_thumbnail size-woocommerce_thumbnail\" alt=\"!Ora con el coraz\u00f3n\u00a1\" \/><div class=\"wp-alt-image\" data-background-image=\"\/\/i0.wp.com\/cordibus.net\/wp-content\/uploads\/2021\/07\/Ora-con-el-corazon%C2%A1-ORAIN20120156-c.jpg?resize=500%2C625&ssl=1\"style=\"background-image: url(\/\/i0.wp.com\/cordibus.net\/wp-content\/uploads\/2021\/07\/Ora-con-el-corazon%C2%A1-ORAIN20120156-c.jpg?resize=500%2C625&ssl=1);\"><\/div><div class=\"item--overlay\"><\/div><\/a>\t\t\t<\/div>\n\t\t\t<div class=\"product_item_thumbnail_action product_item--action\">\n\t\t\t\t<div class=\"wrap-addto\"><a class=\"quickview button la-quickview-button\" href=\"https:\/\/cordibus.net\/en\/product\/ora-con-el-corazon\/\" data-href=\"https:\/\/cordibus.net\/en\/product\/ora-con-el-corazon\/?product_quickview=1859\" title=\"Quick Shop\">Quick Shop<\/a><a href=\"\/en\/wp-json\/wp\/v2\/pages\/6474?add-to-cart=1859\" data-quantity=\"1\" class=\"button product_type_simple add_to_cart_button ajax_add_to_cart\" data-product_id=\"1859\" data-product_sku=\"ORA-IN-2012-0156\" aria-label=\"Add to cart: \u201c!Ora con el coraz\u00f3n\u00a1\u201d\" rel=\"nofollow\" data-success_message=\"\u201c!Ora con el coraz\u00f3n\u00a1\u201d has been added to your cart\" data-product_title=\"!Ora con el coraz\u00f3n\u00a1\" data-no-translation-aria-label=\"\" data-no-translation-data-success_message=\"\"><span title=\"Add to cart\" data-no-translation=\"\" data-trp-gettext=\"\" data-no-translation-title=\"\">Add to cart<\/span><\/a><a class=\"add_wishlist button la-core-wishlist\" href=\"#\" title=\"Add to Wishlist\" rel=\"nofollow\" data-product_title=\"!Ora con el coraz\u00f3n\u00a1\" data-product_id=\"1859\">Add to Wishlist<\/a><a class=\"add_compare button la-core-compare\" href=\"#\" title=\"Add to Compare\" rel=\"nofollow\" data-product_title=\"!Ora con el coraz\u00f3n\u00a1\" data-product_id=\"1859\">Add to Compare<\/a><\/div>\t\t\t<\/div>\n\t\t<\/div>\n\t\t<div class=\"product_item--info\">\n\t\t\t<div class=\"product_item--info-inner\">\n\t\t\t\t<h3 class=\"product_item--title\"><a href=\"https:\/\/cordibus.net\/en\/product\/ora-con-el-corazon\/\">!Pray with your heart!<\/a><\/h3>\n\t<span class=\"price\"><span class=\"woocommerce-Price-amount amount\"><bdi><span class=\"woocommerce-Price-currencySymbol\">&#36;<\/span>12.00<\/bdi><\/span><\/span>\n\t\t\t<\/div>\n\t\t\t<div class=\"product_item--action\">\n\t\t\t\t<div class=\"wrap-addto\"><a class=\"quickview button la-quickview-button\" href=\"https:\/\/cordibus.net\/en\/product\/ora-con-el-corazon\/\" data-href=\"https:\/\/cordibus.net\/en\/product\/ora-con-el-corazon\/?product_quickview=1859\" title=\"Quick Shop\">Quick Shop<\/a><a href=\"\/en\/wp-json\/wp\/v2\/pages\/6474?add-to-cart=1859\" data-quantity=\"1\" class=\"button product_type_simple add_to_cart_button ajax_add_to_cart\" data-product_id=\"1859\" data-product_sku=\"ORA-IN-2012-0156\" aria-label=\"Add to cart: \u201c!Ora con el coraz\u00f3n\u00a1\u201d\" rel=\"nofollow\" data-success_message=\"\u201c!Ora con el coraz\u00f3n\u00a1\u201d has been added to your cart\" data-product_title=\"!Ora con el coraz\u00f3n\u00a1\" data-no-translation-aria-label=\"\" data-no-translation-data-success_message=\"\"><span title=\"Add to cart\" data-no-translation=\"\" data-trp-gettext=\"\" data-no-translation-title=\"\">Add to cart<\/span><\/a><a class=\"add_wishlist button la-core-wishlist\" href=\"#\" title=\"Add to Wishlist\" rel=\"nofollow\" data-product_title=\"!Ora con el coraz\u00f3n\u00a1\" data-product_id=\"1859\">Add to Wishlist<\/a><a class=\"add_compare button la-core-compare\" href=\"#\" title=\"Add to Compare\" rel=\"nofollow\" data-product_title=\"!Ora con el coraz\u00f3n\u00a1\" data-product_id=\"1859\">Add to Compare<\/a><\/div>\t\t\t<\/div>\n\t\t<\/div>\n\t\t<\/div>\n<\/li>\n<li class=\"product_item grid-item product thumb-has-effect prod-rating-on prod-has-rating type-product post-2123 status-publish instock product_cat-1-libros product_cat-1a-maria product_cat-biblias-y-libros product_cat-bl-sancta-maria product_cat-maria-promo-de-mayo product_tag-editorial-medjugorje product_tag-autorfundacion-centro-medjugorje product_tag-medjugorje has-post-thumbnail shipping-taxable purchasable product-type-simple\" data-width=\"1\" data-height=\"1\">\n\t\t<div class=\"product_item--inner\">\n\t\t<div class=\"product_item--thumbnail\">\n\t\t\t<div class=\"product_item--thumbnail-holder\">\n\t\t\t\t<a href=\"https:\/\/cordibus.net\/en\/product\/38-anos-de-mensajes-de-la-reina-de-la-paz\/\" class=\"woocommerce-LoopProduct-link woocommerce-loop-product__link\"><img loading=\"lazy\" decoding=\"async\" width=\"500\" height=\"625\" src=\"https:\/\/i0.wp.com\/cordibus.net\/wp-content\/uploads\/2023\/10\/38-anos-de-mensajes-de-la-Reina-de-La-Paz-38AFU17110377-p.jpg?resize=500%2C625&amp;ssl=1\" class=\"attachment-woocommerce_thumbnail size-woocommerce_thumbnail\" alt=\"38 a\u00f1os de mensajes de la Reina de La Paz\" \/><div class=\"wp-alt-image\" data-background-image=\"\/\/i0.wp.com\/cordibus.net\/wp-content\/uploads\/2023\/10\/38-anos-de-mensajes-de-la-Reina-de-La-Paz-38AFU17110377-c.jpg?resize=500%2C625&ssl=1\"style=\"background-image: url(\/\/i0.wp.com\/cordibus.net\/wp-content\/uploads\/2023\/10\/38-anos-de-mensajes-de-la-Reina-de-La-Paz-38AFU17110377-c.jpg?resize=500%2C625&ssl=1);\"><\/div><div class=\"item--overlay\"><\/div><\/a>\t\t\t<\/div>\n\t\t\t<div class=\"product_item_thumbnail_action product_item--action\">\n\t\t\t\t<div class=\"wrap-addto\"><a class=\"quickview button la-quickview-button\" href=\"https:\/\/cordibus.net\/en\/product\/38-anos-de-mensajes-de-la-reina-de-la-paz\/\" data-href=\"https:\/\/cordibus.net\/en\/product\/38-anos-de-mensajes-de-la-reina-de-la-paz\/?product_quickview=2123\" title=\"Quick Shop\">Quick Shop<\/a><a href=\"\/en\/wp-json\/wp\/v2\/pages\/6474?add-to-cart=2123\" data-quantity=\"1\" class=\"button product_type_simple add_to_cart_button ajax_add_to_cart\" data-product_id=\"2123\" data-product_sku=\"38A-FU-1711-0377\" aria-label=\"Add to cart: \u201c38 a\u00f1os de mensajes de la Reina de La Paz\u201d\" rel=\"nofollow\" data-success_message=\"\u201c38 a\u00f1os de mensajes de la Reina de La Paz\u201d has been added to your cart\" data-product_title=\"38 a\u00f1os de mensajes de la Reina de La Paz\" data-no-translation-aria-label=\"\" data-no-translation-data-success_message=\"\"><span title=\"Add to cart\" data-no-translation=\"\" data-trp-gettext=\"\" data-no-translation-title=\"\">Add to cart<\/span><\/a><a class=\"add_wishlist button la-core-wishlist\" href=\"#\" title=\"Add to Wishlist\" rel=\"nofollow\" data-product_title=\"38 a\u00f1os de mensajes de la Reina de La Paz\" data-product_id=\"2123\">Add to Wishlist<\/a><a class=\"add_compare button la-core-compare\" href=\"#\" title=\"Add to Compare\" rel=\"nofollow\" data-product_title=\"38 a\u00f1os de mensajes de la Reina de La Paz\" data-product_id=\"2123\">Add to Compare<\/a><\/div>\t\t\t<\/div>\n\t\t<\/div>\n\t\t<div class=\"product_item--info\">\n\t\t\t<div class=\"product_item--info-inner\">\n\t\t\t\t<h3 class=\"product_item--title\"><a href=\"https:\/\/cordibus.net\/en\/product\/38-anos-de-mensajes-de-la-reina-de-la-paz\/\">38 years of messages from the Queen of La Paz<\/a><\/h3>\n\t<span class=\"price\"><span class=\"woocommerce-Price-amount amount\"><bdi><span class=\"woocommerce-Price-currencySymbol\">&#36;<\/span>9.00<\/bdi><\/span><\/span>\n\t\t\t<\/div>\n\t\t\t<div class=\"product_item--action\">\n\t\t\t\t<div class=\"wrap-addto\"><a class=\"quickview button la-quickview-button\" href=\"https:\/\/cordibus.net\/en\/product\/38-anos-de-mensajes-de-la-reina-de-la-paz\/\" data-href=\"https:\/\/cordibus.net\/en\/product\/38-anos-de-mensajes-de-la-reina-de-la-paz\/?product_quickview=2123\" title=\"Quick Shop\">Quick Shop<\/a><a href=\"\/en\/wp-json\/wp\/v2\/pages\/6474?add-to-cart=2123\" data-quantity=\"1\" class=\"button product_type_simple add_to_cart_button ajax_add_to_cart\" data-product_id=\"2123\" data-product_sku=\"38A-FU-1711-0377\" aria-label=\"Add to cart: \u201c38 a\u00f1os de mensajes de la Reina de La Paz\u201d\" rel=\"nofollow\" data-success_message=\"\u201c38 a\u00f1os de mensajes de la Reina de La Paz\u201d has been added to your cart\" data-product_title=\"38 a\u00f1os de mensajes de la Reina de La Paz\" data-no-translation-aria-label=\"\" data-no-translation-data-success_message=\"\"><span title=\"Add to cart\" data-no-translation=\"\" data-trp-gettext=\"\" data-no-translation-title=\"\">Add to cart<\/span><\/a><a class=\"add_wishlist button la-core-wishlist\" href=\"#\" title=\"Add to Wishlist\" rel=\"nofollow\" data-product_title=\"38 a\u00f1os de mensajes de la Reina de La Paz\" data-product_id=\"2123\">Add to Wishlist<\/a><a class=\"add_compare button la-core-compare\" href=\"#\" title=\"Add to Compare\" rel=\"nofollow\" data-product_title=\"38 a\u00f1os de mensajes de la Reina de La Paz\" data-product_id=\"2123\">Add to Compare<\/a><\/div>\t\t\t<\/div>\n\t\t<\/div>\n\t\t<\/div>\n<\/li>\n<li class=\"product_item grid-item product thumb-has-effect prod-rating-on prod-has-rating type-product post-1797 status-publish instock product_cat-1-libros product_cat-1a-maria product_cat-biblias-y-libros product_cat-bl-sancta-maria product_cat-hmno-agustin-del-divino-corazon product_cat-maria-promo-de-mayo product_tag-hmno-agustin-del-divino-corazon product_tag-parangona-realitzacio-editorial has-post-thumbnail shipping-taxable purchasable product-type-simple\" data-width=\"1\" data-height=\"1\">\n\t\t<div class=\"product_item--inner\">\n\t\t<div class=\"product_item--thumbnail\">\n\t\t\t<div class=\"product_item--thumbnail-holder\">\n\t\t\t\t<a href=\"https:\/\/cordibus.net\/en\/product\/consagracion-al-corazon-inmaculado-de-maria\/\" class=\"woocommerce-LoopProduct-link woocommerce-loop-product__link\"><img loading=\"lazy\" decoding=\"async\" width=\"500\" height=\"625\" src=\"https:\/\/i0.wp.com\/cordibus.net\/wp-content\/uploads\/2021\/07\/Consagracion-al-corazon-inmaculado-de-Maria-CONPA17110178-p.jpg?resize=500%2C625&amp;ssl=1\" class=\"attachment-woocommerce_thumbnail size-woocommerce_thumbnail\" alt=\"Consagraci\u00f3n al coraz\u00f3n inmaculado de Mar\u00eda\" \/><div class=\"wp-alt-image\" data-background-image=\"\/\/i0.wp.com\/cordibus.net\/wp-content\/uploads\/2021\/07\/Consagracion-al-corazon-inmaculado-de-Maria-CONPA17110178-ai.jpg?resize=500%2C625&ssl=1\"style=\"background-image: url(\/\/i0.wp.com\/cordibus.net\/wp-content\/uploads\/2021\/07\/Consagracion-al-corazon-inmaculado-de-Maria-CONPA17110178-ai.jpg?resize=500%2C625&ssl=1);\"><\/div><div class=\"item--overlay\"><\/div><\/a>\t\t\t<\/div>\n\t\t\t<div class=\"product_item_thumbnail_action product_item--action\">\n\t\t\t\t<div class=\"wrap-addto\"><a class=\"quickview button la-quickview-button\" href=\"https:\/\/cordibus.net\/en\/product\/consagracion-al-corazon-inmaculado-de-maria\/\" data-href=\"https:\/\/cordibus.net\/en\/product\/consagracion-al-corazon-inmaculado-de-maria\/?product_quickview=1797\" title=\"Quick Shop\">Quick Shop<\/a><a href=\"\/en\/wp-json\/wp\/v2\/pages\/6474?add-to-cart=1797\" data-quantity=\"1\" class=\"button product_type_simple add_to_cart_button ajax_add_to_cart\" data-product_id=\"1797\" data-product_sku=\"CON-PA-1711-0178\" aria-label=\"Add to cart: \u201cConsagraci\u00f3n al coraz\u00f3n inmaculado de Mar\u00eda\u201d\" rel=\"nofollow\" data-success_message=\"\u201cConsagraci\u00f3n al coraz\u00f3n inmaculado de Mar\u00eda\u201d has been added to your cart\" data-product_title=\"Consagraci\u00f3n al coraz\u00f3n inmaculado de Mar\u00eda\" data-no-translation-aria-label=\"\" data-no-translation-data-success_message=\"\"><span title=\"Add to cart\" data-no-translation=\"\" data-trp-gettext=\"\" data-no-translation-title=\"\">Add to cart<\/span><\/a><a class=\"add_wishlist button la-core-wishlist\" href=\"#\" title=\"Add to Wishlist\" rel=\"nofollow\" data-product_title=\"Consagraci\u00f3n al coraz\u00f3n inmaculado de Mar\u00eda\" data-product_id=\"1797\">Add to Wishlist<\/a><a class=\"add_compare button la-core-compare\" href=\"#\" title=\"Add to Compare\" rel=\"nofollow\" data-product_title=\"Consagraci\u00f3n al coraz\u00f3n inmaculado de Mar\u00eda\" data-product_id=\"1797\">Add to Compare<\/a><\/div>\t\t\t<\/div>\n\t\t<\/div>\n\t\t<div class=\"product_item--info\">\n\t\t\t<div class=\"product_item--info-inner\">\n\t\t\t\t<h3 class=\"product_item--title\"><a href=\"https:\/\/cordibus.net\/en\/product\/consagracion-al-corazon-inmaculado-de-maria\/\">Consecration to the Immaculate Heart of Mary<\/a><\/h3>\n\t<span class=\"price\"><span class=\"woocommerce-Price-amount amount\"><bdi><span class=\"woocommerce-Price-currencySymbol\">&#36;<\/span>8.00<\/bdi><\/span><\/span>\n\t\t\t<\/div>\n\t\t\t<div class=\"product_item--action\">\n\t\t\t\t<div class=\"wrap-addto\"><a class=\"quickview button la-quickview-button\" href=\"https:\/\/cordibus.net\/en\/product\/consagracion-al-corazon-inmaculado-de-maria\/\" data-href=\"https:\/\/cordibus.net\/en\/product\/consagracion-al-corazon-inmaculado-de-maria\/?product_quickview=1797\" title=\"Quick Shop\">Quick Shop<\/a><a href=\"\/en\/wp-json\/wp\/v2\/pages\/6474?add-to-cart=1797\" data-quantity=\"1\" class=\"button product_type_simple add_to_cart_button ajax_add_to_cart\" data-product_id=\"1797\" data-product_sku=\"CON-PA-1711-0178\" aria-label=\"Add to cart: \u201cConsagraci\u00f3n al coraz\u00f3n inmaculado de Mar\u00eda\u201d\" rel=\"nofollow\" data-success_message=\"\u201cConsagraci\u00f3n al coraz\u00f3n inmaculado de Mar\u00eda\u201d has been added to your cart\" data-product_title=\"Consagraci\u00f3n al coraz\u00f3n inmaculado de Mar\u00eda\" data-no-translation-aria-label=\"\" data-no-translation-data-success_message=\"\"><span title=\"Add to cart\" data-no-translation=\"\" data-trp-gettext=\"\" data-no-translation-title=\"\">Add to cart<\/span><\/a><a class=\"add_wishlist button la-core-wishlist\" href=\"#\" title=\"Add to Wishlist\" rel=\"nofollow\" data-product_title=\"Consagraci\u00f3n al coraz\u00f3n inmaculado de Mar\u00eda\" data-product_id=\"1797\">Add to Wishlist<\/a><a class=\"add_compare button la-core-compare\" href=\"#\" title=\"Add to Compare\" rel=\"nofollow\" data-product_title=\"Consagraci\u00f3n al coraz\u00f3n inmaculado de Mar\u00eda\" data-product_id=\"1797\">Add to Compare<\/a><\/div>\t\t\t<\/div>\n\t\t<\/div>\n\t\t<\/div>\n<\/li>\n<li class=\"product_item grid-item product thumb-has-effect prod-rating-on prod-has-rating type-product post-2126 status-publish instock product_cat-1-libros product_cat-1a-maria product_cat-biblias-y-libros product_cat-bl-sancta-maria product_cat-maria-promo-de-mayo product_tag-justo-a-lofeudo product_tag-parangona-realizacio-editorial has-post-thumbnail shipping-taxable purchasable product-type-simple\" data-width=\"1\" data-height=\"1\">\n\t\t<div class=\"product_item--inner\">\n\t\t<div class=\"product_item--thumbnail\">\n\t\t\t<div class=\"product_item--thumbnail-holder\">\n\t\t\t\t<a href=\"https:\/\/cordibus.net\/en\/product\/las-cinco-piedras-de-medjugorje\/\" class=\"woocommerce-LoopProduct-link woocommerce-loop-product__link\"><img loading=\"lazy\" decoding=\"async\" width=\"500\" height=\"625\" src=\"https:\/\/i0.wp.com\/cordibus.net\/wp-content\/uploads\/2021\/07\/Las-cinco-piedras-de-Medjugorje-LASPA14950121-p.jpg?resize=500%2C625&amp;ssl=1\" class=\"attachment-woocommerce_thumbnail size-woocommerce_thumbnail\" alt=\"Las cinco piedras de Medjugorje\" \/><div class=\"wp-alt-image\" data-background-image=\"\/\/i0.wp.com\/cordibus.net\/wp-content\/uploads\/2021\/07\/Las-cinco-piedras-de-Medjugorje-LASPA14950121-ai.jpg?resize=500%2C625&ssl=1\"style=\"background-image: url(\/\/i0.wp.com\/cordibus.net\/wp-content\/uploads\/2021\/07\/Las-cinco-piedras-de-Medjugorje-LASPA14950121-ai.jpg?resize=500%2C625&ssl=1);\"><\/div><div class=\"item--overlay\"><\/div><\/a>\t\t\t<\/div>\n\t\t\t<div class=\"product_item_thumbnail_action product_item--action\">\n\t\t\t\t<div class=\"wrap-addto\"><a class=\"quickview button la-quickview-button\" href=\"https:\/\/cordibus.net\/en\/product\/las-cinco-piedras-de-medjugorje\/\" data-href=\"https:\/\/cordibus.net\/en\/product\/las-cinco-piedras-de-medjugorje\/?product_quickview=2126\" title=\"Quick Shop\">Quick Shop<\/a><a href=\"\/en\/wp-json\/wp\/v2\/pages\/6474?add-to-cart=2126\" data-quantity=\"1\" class=\"button product_type_simple add_to_cart_button ajax_add_to_cart\" data-product_id=\"2126\" data-product_sku=\"LAS-PA-1495-0121\" aria-label=\"Add to cart: \u201cLas cinco piedras de Medjugorje\u201d\" rel=\"nofollow\" data-success_message=\"\u201cLas cinco piedras de Medjugorje\u201d has been added to your cart\" data-product_title=\"Las cinco piedras de Medjugorje\" data-no-translation-aria-label=\"\" data-no-translation-data-success_message=\"\"><span title=\"Add to cart\" data-no-translation=\"\" data-trp-gettext=\"\" data-no-translation-title=\"\">Add to cart<\/span><\/a><a class=\"add_wishlist button la-core-wishlist\" href=\"#\" title=\"Add to Wishlist\" rel=\"nofollow\" data-product_title=\"Las cinco piedras de Medjugorje\" data-product_id=\"2126\">Add to Wishlist<\/a><a class=\"add_compare button la-core-compare\" href=\"#\" title=\"Add to Compare\" rel=\"nofollow\" data-product_title=\"Las cinco piedras de Medjugorje\" data-product_id=\"2126\">Add to Compare<\/a><\/div>\t\t\t<\/div>\n\t\t<\/div>\n\t\t<div class=\"product_item--info\">\n\t\t\t<div class=\"product_item--info-inner\">\n\t\t\t\t<h3 class=\"product_item--title\"><a href=\"https:\/\/cordibus.net\/en\/product\/las-cinco-piedras-de-medjugorje\/\">The five stones of Medjugorje<\/a><\/h3>\n\t<span class=\"price\"><span class=\"woocommerce-Price-amount amount\"><bdi><span class=\"woocommerce-Price-currencySymbol\">&#36;<\/span>5.00<\/bdi><\/span><\/span>\n\t\t\t<\/div>\n\t\t\t<div class=\"product_item--action\">\n\t\t\t\t<div class=\"wrap-addto\"><a class=\"quickview button la-quickview-button\" href=\"https:\/\/cordibus.net\/en\/product\/las-cinco-piedras-de-medjugorje\/\" data-href=\"https:\/\/cordibus.net\/en\/product\/las-cinco-piedras-de-medjugorje\/?product_quickview=2126\" title=\"Quick Shop\">Quick Shop<\/a><a href=\"\/en\/wp-json\/wp\/v2\/pages\/6474?add-to-cart=2126\" data-quantity=\"1\" class=\"button product_type_simple add_to_cart_button ajax_add_to_cart\" data-product_id=\"2126\" data-product_sku=\"LAS-PA-1495-0121\" aria-label=\"Add to cart: \u201cLas cinco piedras de Medjugorje\u201d\" rel=\"nofollow\" data-success_message=\"\u201cLas cinco piedras de Medjugorje\u201d has been added to your cart\" data-product_title=\"Las cinco piedras de Medjugorje\" data-no-translation-aria-label=\"\" data-no-translation-data-success_message=\"\"><span title=\"Add to cart\" data-no-translation=\"\" data-trp-gettext=\"\" data-no-translation-title=\"\">Add to cart<\/span><\/a><a class=\"add_wishlist button la-core-wishlist\" href=\"#\" title=\"Add to Wishlist\" rel=\"nofollow\" data-product_title=\"Las cinco piedras de Medjugorje\" data-product_id=\"2126\">Add to Wishlist<\/a><a class=\"add_compare button la-core-compare\" href=\"#\" title=\"Add to Compare\" rel=\"nofollow\" data-product_title=\"Las cinco piedras de Medjugorje\" data-product_id=\"2126\">Add to Compare<\/a><\/div>\t\t\t<\/div>\n\t\t<\/div>\n\t\t<\/div>\n<\/li>\n<li class=\"product_item grid-item product thumb-has-effect prod-rating-on prod-has-rating type-product post-2131 status-publish last instock product_cat-1-libros product_cat-1a-maria product_cat-biblias-y-libros product_cat-bl-sancta-maria product_cat-maria-promo-de-mayo product_tag-editorial-medjugorje product_tag-padre-francisco-a-verar has-post-thumbnail shipping-taxable purchasable product-type-simple\" data-width=\"1\" data-height=\"1\">\n\t\t<div class=\"product_item--inner\">\n\t\t<div class=\"product_item--thumbnail\">\n\t\t\t<div class=\"product_item--thumbnail-holder\">\n\t\t\t\t<a href=\"https:\/\/cordibus.net\/en\/product\/novena-a-maria-reina-de-la-paz\/\" class=\"woocommerce-LoopProduct-link woocommerce-loop-product__link\"><img loading=\"lazy\" decoding=\"async\" width=\"500\" height=\"625\" src=\"https:\/\/i0.wp.com\/cordibus.net\/wp-content\/uploads\/2021\/07\/Novena-a-Maria-Reina-de-La-Paz-NOVME14950126-p.jpg?resize=500%2C625&amp;ssl=1\" class=\"attachment-woocommerce_thumbnail size-woocommerce_thumbnail\" alt=\"Novena a Mar\u00eda Reina de La Paz\" \/><div class=\"wp-alt-image\" data-background-image=\"\/\/i0.wp.com\/cordibus.net\/wp-content\/uploads\/2021\/07\/Novena-a-Maria-Reina-de-La-Paz-NOVME14950126-ai.jpg?resize=500%2C625&ssl=1\"style=\"background-image: url(\/\/i0.wp.com\/cordibus.net\/wp-content\/uploads\/2021\/07\/Novena-a-Maria-Reina-de-La-Paz-NOVME14950126-ai.jpg?resize=500%2C625&ssl=1);\"><\/div><div class=\"item--overlay\"><\/div><\/a>\t\t\t<\/div>\n\t\t\t<div class=\"product_item_thumbnail_action product_item--action\">\n\t\t\t\t<div class=\"wrap-addto\"><a class=\"quickview button la-quickview-button\" href=\"https:\/\/cordibus.net\/en\/product\/novena-a-maria-reina-de-la-paz\/\" data-href=\"https:\/\/cordibus.net\/en\/product\/novena-a-maria-reina-de-la-paz\/?product_quickview=2131\" title=\"Quick Shop\">Quick Shop<\/a><a href=\"\/en\/wp-json\/wp\/v2\/pages\/6474?add-to-cart=2131\" data-quantity=\"1\" class=\"button product_type_simple add_to_cart_button ajax_add_to_cart\" data-product_id=\"2131\" data-product_sku=\"NOV-ME-1495-0126\" aria-label=\"Add to cart: \u201cNovena a Mar\u00eda Reina de La Paz\u201d\" rel=\"nofollow\" data-success_message=\"\u201cNovena a Mar\u00eda Reina de La Paz\u201d has been added to your cart\" data-product_title=\"Novena a Mar\u00eda Reina de La Paz\" data-no-translation-aria-label=\"\" data-no-translation-data-success_message=\"\"><span title=\"Add to cart\" data-no-translation=\"\" data-trp-gettext=\"\" data-no-translation-title=\"\">Add to cart<\/span><\/a><a class=\"add_wishlist button la-core-wishlist\" href=\"#\" title=\"Add to Wishlist\" rel=\"nofollow\" data-product_title=\"Novena a Mar\u00eda Reina de La Paz\" data-product_id=\"2131\">Add to Wishlist<\/a><a class=\"add_compare button la-core-compare\" href=\"#\" title=\"Add to Compare\" rel=\"nofollow\" data-product_title=\"Novena a Mar\u00eda Reina de La Paz\" data-product_id=\"2131\">Add to Compare<\/a><\/div>\t\t\t<\/div>\n\t\t<\/div>\n\t\t<div class=\"product_item--info\">\n\t\t\t<div class=\"product_item--info-inner\">\n\t\t\t\t<h3 class=\"product_item--title\"><a href=\"https:\/\/cordibus.net\/en\/product\/novena-a-maria-reina-de-la-paz\/\">Novena to Mary Queen of Peace<\/a><\/h3>\n\t<span class=\"price\"><span class=\"woocommerce-Price-amount amount\"><bdi><span class=\"woocommerce-Price-currencySymbol\">&#36;<\/span>5.00<\/bdi><\/span><\/span>\n\t\t\t<\/div>\n\t\t\t<div class=\"product_item--action\">\n\t\t\t\t<div class=\"wrap-addto\"><a class=\"quickview button la-quickview-button\" href=\"https:\/\/cordibus.net\/en\/product\/novena-a-maria-reina-de-la-paz\/\" data-href=\"https:\/\/cordibus.net\/en\/product\/novena-a-maria-reina-de-la-paz\/?product_quickview=2131\" title=\"Quick Shop\">Quick Shop<\/a><a href=\"\/en\/wp-json\/wp\/v2\/pages\/6474?add-to-cart=2131\" data-quantity=\"1\" class=\"button product_type_simple add_to_cart_button ajax_add_to_cart\" data-product_id=\"2131\" data-product_sku=\"NOV-ME-1495-0126\" aria-label=\"Add to cart: \u201cNovena a Mar\u00eda Reina de La Paz\u201d\" rel=\"nofollow\" data-success_message=\"\u201cNovena a Mar\u00eda Reina de La Paz\u201d has been added to your cart\" data-product_title=\"Novena a Mar\u00eda Reina de La Paz\" data-no-translation-aria-label=\"\" data-no-translation-data-success_message=\"\"><span title=\"Add to cart\" data-no-translation=\"\" data-trp-gettext=\"\" data-no-translation-title=\"\">Add to cart<\/span><\/a><a class=\"add_wishlist button la-core-wishlist\" href=\"#\" title=\"Add to Wishlist\" rel=\"nofollow\" data-product_title=\"Novena a Mar\u00eda Reina de La Paz\" data-product_id=\"2131\">Add to Wishlist<\/a><a class=\"add_compare button la-core-compare\" href=\"#\" title=\"Add to Compare\" rel=\"nofollow\" data-product_title=\"Novena a Mar\u00eda Reina de La Paz\" data-product_id=\"2131\">Add to Compare<\/a><\/div>\t\t\t<\/div>\n\t\t<\/div>\n\t\t<\/div>\n<\/li>\n<\/ul><\/div><\/div><\/div><\/div><\/div><\/div><\/div>\n<\/div>","protected":false},"excerpt":{"rendered":"Quick ShopAdd to cartAdd to WishlistAdd to Compare !Pray with your heart! $12.00 Quick ShopAdd to cartAdd to WishlistAdd to Compare Quick ShopAdd to cartAdd to Wishlist Add to Compare 38 years of messages from the Queen of Peace $9.00 Quick ShopAdd to cartAdd to WishlistAdd\u2026","protected":false},"author":1,"featured_media":0,"parent":0,"menu_order":0,"comment_status":"closed","ping_status":"closed","template":"","meta":{"footnotes":""},"class_list":["post-6474","page","type-page","status-publish","hentry"],"jetpack_sharing_enabled":true,"_links":{"self":[{"href":"https:\/\/cordibus.net\/en\/wp-json\/wp\/v2\/pages\/6474","targetHints":{"allow":["GET"]}}],"collection":[{"href":"https:\/\/cordibus.net\/en\/wp-json\/wp\/v2\/pages"}],"about":[{"href":"https:\/\/cordibus.net\/en\/wp-json\/wp\/v2\/types\/page"}],"author":[{"embeddable":true,"href":"https:\/\/cordibus.net\/en\/wp-json\/wp\/v2\/users\/1"}],"replies":[{"embeddable":true,"href":"https:\/\/cordibus.net\/en\/wp-json\/wp\/v2\/comments?post=6474"}],"version-history":[{"count":2,"href":"https:\/\/cordibus.net\/en\/wp-json\/wp\/v2\/pages\/6474\/revisions"}],"predecessor-version":[{"id":6476,"href":"https:\/\/cordibus.net\/en\/wp-json\/wp\/v2\/pages\/6474\/revisions\/6476"}],"wp:attachment":[{"href":"https:\/\/cordibus.net\/en\/wp-json\/wp\/v2\/media?parent=6474"}],"curies":[{"name":"wp","href":"https:\/\/api.w.org\/{rel}","templated":true}]}}