{"id":568,"date":"2018-09-14T18:01:57","date_gmt":"2018-09-14T18:01:57","guid":{"rendered":"https:\/\/airi.la-studioweb.com\/?page_id=568"},"modified":"2024-06-20T17:45:33","modified_gmt":"2024-06-20T22:45:33","slug":"contact-us-01","status":"publish","type":"page","link":"https:\/\/cordibus.net\/en\/contact-us-01\/","title":{"rendered":"Contact"},"content":{"rendered":"<div class=\"wpb-content-wrapper\"><div class=\"vc_row wpb_row vc_row-fluid la_fp_slide la_fp_child_section\"><div class=\"wpb_column vc_column_container vc_col-sm-12\"><div class=\"vc_column-inner\"><div class=\"wpb_wrapper\"><div id=\"la_divider69ec6dab1057b\" class=\"js-el la-divider la-unit-responsive\" data-la_component=\"UnitResponsive\"  data-el_target='#la_divider69ec6dab1057b'  data-el_media_sizes='{&quot;padding-top&quot;:&quot;lg:60px;&quot;}' ><\/div>\n<\/div><\/div><\/div><\/div><div class=\"vc_row wpb_row vc_row-fluid la_fp_slide la_fp_child_section\"><div class=\"wpb_column vc_column_container vc_col-sm-7\"><div class=\"vc_column-inner\"><div class=\"wpb_wrapper\"><div id=\"la_heading_69ec6dab109f7\" class=\"la-headings text-left\"><h2 class=\"js-el heading-tag la-unit-responsive letter-spacing--2\" style=\"\" >Contact us<\/h2><\/div>\n<div id=\"la_divider69ec6dab10a4a\" class=\"js-el la-divider la-unit-responsive\" data-la_component=\"UnitResponsive\"  data-el_target='#la_divider69ec6dab10a4a'  data-el_media_sizes='{&quot;padding-top&quot;:&quot;lg:25px;&quot;}' ><\/div>\n\n<div class=\"wpcf7 no-js\" id=\"wpcf7-f5-o1\" lang=\"en-US\" dir=\"ltr\" data-wpcf7-id=\"5\">\n<div class=\"screen-reader-response\"><p role=\"status\" aria-live=\"polite\" aria-atomic=\"true\"><\/p> <ul><\/ul><\/div>\n<form action=\"\/en\/wp-json\/wp\/v2\/pages\/568#wpcf7-f5-o1\" method=\"post\" class=\"wpcf7-form init\" aria-label=\"Contact form\" novalidate=\"novalidate\" data-status=\"init\" data-trp-original-action=\"\/en\/wp-json\/wp\/v2\/pages\/568#wpcf7-f5-o1\">\n<fieldset class=\"hidden-fields-container\"><input type=\"hidden\" name=\"_wpcf7\" value=\"5\" \/><input type=\"hidden\" name=\"_wpcf7_version\" value=\"6.1.5\" \/><input type=\"hidden\" name=\"_wpcf7_locale\" value=\"en_US\" \/><input type=\"hidden\" name=\"_wpcf7_unit_tag\" value=\"wpcf7-f5-o1\" \/><input type=\"hidden\" name=\"_wpcf7_container_post\" value=\"0\" \/><input type=\"hidden\" name=\"_wpcf7_posted_data_hash\" value=\"\" \/>\n<\/fieldset>\n<div class=\"cf7-style-default\">\n\t<div class=\"row\">\n\t\t<div class=\"col-xs-12\">\n\t\t\t<p><span class=\"wpcf7-form-control-wrap\" data-name=\"your-name\"><input size=\"40\" maxlength=\"400\" class=\"wpcf7-form-control wpcf7-text wpcf7-validates-as-required\" aria-required=\"true\" aria-invalid=\"false\" placeholder=\"Your name*\" value=\"\" type=\"text\" name=\"your-name\" \/><\/span>\n\t\t\t<\/p>\n\t\t<\/div>\n\t<\/div>\n\t<div class=\"row\">\n\t\t<div class=\"col-xs-12\">\n\t\t\t<p><span class=\"wpcf7-form-control-wrap\" data-name=\"your-email\"><input size=\"40\" maxlength=\"400\" class=\"wpcf7-form-control wpcf7-email wpcf7-validates-as-required wpcf7-text wpcf7-validates-as-email\" aria-required=\"true\" aria-invalid=\"false\" placeholder=\"Email address*\" value=\"\" type=\"email\" name=\"your-email\" \/><\/span>\n\t\t\t<\/p>\n\t\t<\/div>\n\t<\/div>\n\t<div class=\"row\">\n\t\t<div class=\"col-xs-12\">\n\t\t\t<p><span class=\"wpcf7-form-control-wrap\" data-name=\"your-phone\"><input size=\"40\" maxlength=\"400\" class=\"wpcf7-form-control wpcf7-text wpcf7-validates-as-required\" aria-required=\"true\" aria-invalid=\"false\" placeholder=\"Your Phone*\" value=\"\" type=\"text\" name=\"your-phone\" \/><\/span>\n\t\t\t<\/p>\n\t\t<\/div>\n\t<\/div>\n\t<div class=\"row\">\n\t\t<div class=\"col-xs-12\">\n\t\t\t<p><span class=\"wpcf7-form-control-wrap\" data-name=\"your-message\"><textarea cols=\"40\" rows=\"6\" maxlength=\"2000\" class=\"wpcf7-form-control wpcf7-textarea wpcf7-validates-as-required\" aria-required=\"true\" aria-invalid=\"false\" placeholder=\"Message\" name=\"your-message\"><\/textarea><\/span>\n\t\t\t<\/p>\n\t\t<\/div>\n\t<\/div>\n\t<div class=\"row\">\n\t\t<div class=\"col-xs-12\">\n\t\t\t<p><input class=\"wpcf7-form-control wpcf7-submit has-spinner btn btn-style-flat btn-color-black font-weight-400\" type=\"submit\" value=\"Send\" \/>\n\t\t\t<\/p>\n\t\t<\/div>\n\t<\/div>\n<\/div><div class=\"wpcf7-response-output\" aria-hidden=\"true\"><\/div>\n<input type=\"hidden\" name=\"trp-form-language\" value=\"en\"\/><\/form>\n<\/div>\n<\/div><\/div><\/div><div class=\"wpb_column vc_column_container vc_col-sm-5 vc_col-lg-offset-1 vc_col-lg-4\"><div class=\"vc_column-inner\"><div class=\"wpb_wrapper\"><div id=\"la_divider69ec6dab117fb\" class=\"js-el la-divider la-unit-responsive\" data-la_component=\"UnitResponsive\"  data-el_target='#la_divider69ec6dab117fb'  data-el_media_sizes='{&quot;padding-top&quot;:&quot;xs:50px;&quot;}' ><\/div>\n<div id=\"la_heading_69ec6dab11913\" class=\"la-headings text-left\"><h2 class=\"js-el heading-tag la-unit-responsive letter-spacing--2\" style=\"\" >Contact information<\/h2><\/div>\n<div id=\"la_divider69ec6dab1195b\" class=\"js-el la-divider la-unit-responsive\" data-la_component=\"UnitResponsive\"  data-el_target='#la_divider69ec6dab1195b'  data-el_media_sizes='{&quot;padding-top&quot;:&quot;lg:20px;&quot;}' ><\/div>\n<div id=\"la_heading_69ec6dab11a2a\" class=\"la-headings text-left\"><h3 class=\"js-el heading-tag la-unit-responsive margin-bottom-15 font-weight-600\" style=\"color:#282828\"  data-la_component=\"UnitResponsive\"  data-el_target='#la_heading_69ec6dab11a2a .heading-tag'  data-el_media_sizes='{&quot;font-size&quot;:&quot;lg:14px;&quot;,&quot;line-height&quot;:&quot;lg:20px;&quot;}' >US Address<\/h3><div class=\"js-el subheading-tag la-unit-responsive\" style=\"color:#282828\"  data-la_component=\"UnitResponsive\"  data-el_target='#la_heading_69ec6dab11a2a .subheading-tag'  data-el_media_sizes='{&quot;font-size&quot;:&quot;lg:14px;&quot;,&quot;line-height&quot;:&quot;lg:20px;&quot;}' ><p class=\"p1\">1917 Providence Ave<br \/>\nMcAllen Tx 78504<\/p>\n<\/div><\/div>\n<div id=\"la_divider69ec6dab11b07\" class=\"js-el la-divider la-unit-responsive\" data-la_component=\"UnitResponsive\"  data-el_target='#la_divider69ec6dab11b07'  data-el_media_sizes='{&quot;padding-top&quot;:&quot;lg:25px;&quot;}' ><\/div>\n<div id=\"la_heading_69ec6dab11c07\" class=\"la-headings text-left\"><h3 class=\"js-el heading-tag la-unit-responsive margin-bottom-15 font-weight-600\" style=\"color:#282828\"  data-la_component=\"UnitResponsive\"  data-el_target='#la_heading_69ec6dab11c07 .heading-tag'  data-el_media_sizes='{&quot;font-size&quot;:&quot;lg:14px;&quot;,&quot;line-height&quot;:&quot;lg:20px;&quot;}' >Address in Mexico<\/h3><div class=\"js-el subheading-tag la-unit-responsive\" style=\"color:#282828\"  data-la_component=\"UnitResponsive\"  data-el_target='#la_heading_69ec6dab11c07 .subheading-tag'  data-el_media_sizes='{&quot;font-size&quot;:&quot;lg:14px;&quot;,&quot;line-height&quot;:&quot;lg:20px;&quot;}' ><p>Juchitan Street # 513<br \/>\nColonia Extension Rodr\u00edguez 88631<br \/>\nReynosa, Tamaulipas, Mexico<\/p>\n<\/div><\/div>\n<div id=\"la_divider69ec6dab11caa\" class=\"js-el la-divider la-unit-responsive\" data-la_component=\"UnitResponsive\"  data-el_target='#la_divider69ec6dab11caa'  data-el_media_sizes='{&quot;padding-top&quot;:&quot;lg:25px;&quot;}' ><\/div>\n<div class=\"vc_row wpb_row vc_inner vc_row-fluid\"><div class=\"wpb_column vc_column_container vc_col-sm-6\"><div class=\"vc_column-inner\"><div class=\"wpb_wrapper\"><div id=\"la_heading_69ec6dab120d6\" class=\"la-headings text-left\"><h3 class=\"js-el heading-tag la-unit-responsive margin-bottom-15 font-weight-600\" style=\"color:#282828\"  data-la_component=\"UnitResponsive\"  data-el_target='#la_heading_69ec6dab120d6 .heading-tag'  data-el_media_sizes='{&quot;font-size&quot;:&quot;lg:14px;&quot;,&quot;line-height&quot;:&quot;lg:20px;&quot;}' >Phone<\/h3><div class=\"js-el subheading-tag la-unit-responsive\" style=\"color:#282828\"  data-la_component=\"UnitResponsive\"  data-el_target='#la_heading_69ec6dab120d6 .subheading-tag'  data-el_media_sizes='{&quot;font-size&quot;:&quot;lg:14px;&quot;,&quot;line-height&quot;:&quot;lg:20px;&quot;}' ><p><a href=\"tel: 1 956 369 6797\">+1 <\/a>(956) 575 8426<\/p>\n<\/div><\/div>\n<\/div><\/div><\/div><div class=\"wpb_column vc_column_container vc_col-sm-6\"><div class=\"vc_column-inner\"><div class=\"wpb_wrapper\"><div id=\"la_heading_69ec6dab12315\" class=\"la-headings text-left\"><h3 class=\"js-el heading-tag la-unit-responsive margin-bottom-15 font-weight-600\" style=\"color:#282828\"  data-la_component=\"UnitResponsive\"  data-el_target='#la_heading_69ec6dab12315 .heading-tag'  data-el_media_sizes='{&quot;font-size&quot;:&quot;lg:14px;&quot;,&quot;line-height&quot;:&quot;lg:20px;&quot;}' >Our emails<\/h3><div class=\"js-el subheading-tag la-unit-responsive\" style=\"color:#282828\"  data-la_component=\"UnitResponsive\"  data-el_target='#la_heading_69ec6dab12315 .subheading-tag'  data-el_media_sizes='{&quot;font-size&quot;:&quot;lg:14px;&quot;,&quot;line-height&quot;:&quot;lg:20px;&quot;}' ><p>Customers: <a href=\"mailto:ventas@cordibus.net\">sales@cordibus.net<\/a><\/p>\n<p>Suppliers: <a href=\"mailto:stock@cordibus.net\">stock@cordibus.net<\/a><\/p>\n<p>Promotions: <a href=\"mailto:info@cordibus.net\">info@cordibus.net<\/a><\/p>\n<\/div><\/div>\n<\/div><\/div><\/div><\/div><div id=\"la_divider69ec6dab123ee\" class=\"js-el la-divider la-unit-responsive\" data-la_component=\"UnitResponsive\"  data-el_target='#la_divider69ec6dab123ee'  data-el_media_sizes='{&quot;padding-top&quot;:&quot;lg:25px;&quot;}' ><\/div>\n<div class=\"social-media-link style-default font-size-20\"><\/div><\/div><\/div><\/div><\/div><div data-vc-full-width=\"true\" data-vc-full-width-init=\"false\" data-vc-stretch-content=\"true\" class=\"vc_row wpb_row vc_row-fluid vc_row-no-padding la_fp_slide la_fp_child_section\"><div class=\"wpb_column vc_column_container vc_col-sm-12\"><div class=\"vc_column-inner\"><div class=\"wpb_wrapper\"><div id=\"la_divider69ec6dab12729\" class=\"js-el la-divider la-unit-responsive\" data-la_component=\"UnitResponsive\"  data-el_target='#la_divider69ec6dab12729'  data-el_media_sizes='{&quot;padding-top&quot;:&quot;lg:115px;&quot;}' ><\/div>\n<div id=\"la_divider69ec6dab1277d\" class=\"js-el la-divider la-unit-responsive\" data-la_component=\"UnitResponsive\"  data-el_target='#la_divider69ec6dab1277d'  data-el_media_sizes='{&quot;padding-top&quot;:&quot;lg:115px;&quot;}' ><\/div>\n<div id=\"la_divider69ec6dab127c9\" class=\"js-el la-divider la-unit-responsive\" data-la_component=\"UnitResponsive\"  data-el_target='#la_divider69ec6dab127c9'  data-el_media_sizes='{&quot;padding-top&quot;:&quot;lg:115px;&quot;}' ><\/div>\n<\/div><\/div><\/div><\/div><div class=\"vc_row-full-width vc_clearfix\"><\/div>\n<\/div>","protected":false},"excerpt":{"rendered":"Contact us Contact information Address EEUU1917 Providence Ave McAllen Tx 78504 Address in MexicoCalle Juchitan # 513 Colonia Ampliaci\u00f3n Rodr\u00edguez 88631 Reynosa, Tamaulipas, M\u00e9xico Telephone+1 (956) 575 8426 Our emailsCustomers: ventas@cordibus.net Suppliers: stock@cordibus.net Promotions : info@cordibus.net","protected":false},"author":1,"featured_media":0,"parent":0,"menu_order":0,"comment_status":"closed","ping_status":"closed","template":"","meta":{"footnotes":""},"class_list":["post-568","page","type-page","status-publish","hentry"],"jetpack_sharing_enabled":true,"_links":{"self":[{"href":"https:\/\/cordibus.net\/en\/wp-json\/wp\/v2\/pages\/568","targetHints":{"allow":["GET"]}}],"collection":[{"href":"https:\/\/cordibus.net\/en\/wp-json\/wp\/v2\/pages"}],"about":[{"href":"https:\/\/cordibus.net\/en\/wp-json\/wp\/v2\/types\/page"}],"author":[{"embeddable":true,"href":"https:\/\/cordibus.net\/en\/wp-json\/wp\/v2\/users\/1"}],"replies":[{"embeddable":true,"href":"https:\/\/cordibus.net\/en\/wp-json\/wp\/v2\/comments?post=568"}],"version-history":[{"count":10,"href":"https:\/\/cordibus.net\/en\/wp-json\/wp\/v2\/pages\/568\/revisions"}],"predecessor-version":[{"id":8310,"href":"https:\/\/cordibus.net\/en\/wp-json\/wp\/v2\/pages\/568\/revisions\/8310"}],"wp:attachment":[{"href":"https:\/\/cordibus.net\/en\/wp-json\/wp\/v2\/media?parent=568"}],"curies":[{"name":"wp","href":"https:\/\/api.w.org\/{rel}","templated":true}]}}